{"id":89618,"date":"2018-03-28T13:40:13","date_gmt":"2022-11-04T16:59:48","guid":{"rendered":"https:\/\/staging.agrovin.com\/non%20class\u00e9\/actimax-natura\/"},"modified":"2023-03-13T11:31:27","modified_gmt":"2023-03-13T10:31:27","slug":"actimax-natura","status":"publish","type":"product","link":"https:\/\/agrovin.com\/fr\/produits-oenologiques\/nutriments\/actimax-natura\/","title":{"rendered":"ACTIMAX NATURA"},"content":{"rendered":"<h3>CARACT\u00c9RISTIQUES<\/h3>\n<p>L&#8217;azote organique, constitu\u00e9 d&#8217;acides amin\u00e9s, est d\u00e9ficient dans la plupart des processus de fermentation alcoolique. Actimax NATURA fournit un apport \u00e9quilibr\u00e9 d&#8217;acides amin\u00e9s et de vitamines dans la phase initiale de fermentation, r\u00e9duisant ainsi l&#8217;apparition de probl\u00e8mes dans la phase finale. La disponibilit\u00e9 des acides amin\u00e9s optimise la qualit\u00e9 organoleptique des vins. D&#8217;une part, les acides amin\u00e9s sont des pr\u00e9curseurs d&#8217;ar\u00f4mes fermentaires. D&#8217;autre part, l&#8217;apport \u00e9quilibr\u00e9 en acides amin\u00e9s permet une synth\u00e8se correcte des enzymes responsables de l&#8217;\u00e9laboration des pr\u00e9curseurs vari\u00e9taux (glycosidases, lyases). En outre, il limite la production de sulfure d&#8217;hydrog\u00e8ne et emp\u00eache ainsi la g\u00e9n\u00e9ration de d\u00e9fauts de r\u00e9duction. La correction de l&#8217;APN avec cette pr\u00e9paration ne pr\u00e9sente aucun risque d&#8217;\u00e9l\u00e9vation de temp\u00e9rature ou de d\u00e9viations sensorielles.<\/p>\n<p>Fournit des acides amin\u00e9s pour la g\u00e9n\u00e9ration de prot\u00e9ines de transport et d&#8217;enzymes. Il garantit la teneur en azote facilement assimilable (NFA) et \u00e9vite ainsi la n\u00e9cessit\u00e9 d&#8217;utiliser des sels d&#8217;ammonium.<\/p>\n<p>Ce nutriment de fermentation alcoolique est le r\u00e9sultat de recherches men\u00e9es dans le cadre du projet CENITDEMETER (2008-2011) Strat\u00e9gies et m\u00e9thodes viticoles et \u0153nologiques face au changement climatique. Application de nouvelles technologies qui am\u00e9liorent l&#8217;efficacit\u00e9 des processus r\u00e9sultants, dans le cadre des lignes de travail sp\u00e9cifiques men\u00e9es avec l&#8217;Universit\u00e9 Rovira i Virgili et le Conseil national de la recherche espagnol (CSIC).<\/p>\n<h3>APPLICATION<\/h3>\n<p>Il est utilis\u00e9 avant le d\u00e9but de la fermentation alcoolique, avant ou pendant l&#8217;application de la souche de levure. L&#8217;application de ce nutriment stimule les populations de levures dans tout processus de brassage, en am\u00e9liorant leurs capacit\u00e9s qualitatives. Il est particuli\u00e8rement recommand\u00e9 :<\/p>\n<ul>\n<li>Dans la production de vari\u00e9t\u00e9s rouges \u00e0 forte teneur probable en alcool et de raisins trop m\u00fbrs.<\/li>\n<li>Mo\u00fbts destin\u00e9s \u00e0 la production de vins blancs et ros\u00e9s \u00e0 basse temp\u00e9rature.<\/li>\n<li>Mo\u00fbts tr\u00e8s clarifi\u00e9s des vari\u00e9t\u00e9s blanches.<\/li>\n<li>Dans tout type de traitement pour optimiser les caract\u00e9ristiques de la souche de levure utilis\u00e9e.<\/li>\n<li>Valoriser l&#8217;expression vari\u00e9tale dans les vins blancs, ros\u00e9s et rouges.<\/li>\n<\/ul>\n<h3>DOSAGE<\/h3>\n<div class=\"page\" title=\"Page 2\">\n<div class=\"layoutArea\">\n<div class=\"column\">\n<p>20-30 g\/hl<\/p>\n<\/div>\n<\/div>\n<\/div>\n","protected":false},"excerpt":{"rendered":"<p>Actimax NATURA est un nutriment organique pour la fermentation alcoolique des raisins et des mo\u00fbts. C&#8217;est une source tr\u00e8s riche d&#8217;azote organique (acides amin\u00e9s libres).<\/p>\n","protected":false},"featured_media":53188,"template":"","meta":{"_acf_changed":false,"inline_featured_image":false,"site-sidebar-layout":"default","site-content-layout":"default","ast-site-content-layout":"default","site-content-style":"default","site-sidebar-style":"default","ast-global-header-display":"","ast-banner-title-visibility":"","ast-main-header-display":"","ast-hfb-above-header-display":"","ast-hfb-below-header-display":"","ast-hfb-mobile-header-display":"","site-post-title":"","ast-breadcrumbs-content":"","ast-featured-img":"","footer-sml-layout":"","ast-disable-related-posts":"","theme-transparent-header-meta":"default","adv-header-id-meta":"","stick-header-meta":"","header-above-stick-meta":"","header-main-stick-meta":"","header-below-stick-meta":"","astra-migrate-meta-layouts":"default","ast-page-background-enabled":"default","ast-page-background-meta":{"desktop":{"background-color":"var(--ast-global-color-5)","background-image":"","background-repeat":"repeat","background-position":"center center","background-size":"auto","background-attachment":"scroll","background-type":"","background-media":"","overlay-type":"","overlay-color":"","overlay-opacity":"","overlay-gradient":""},"tablet":{"background-color":"","background-image":"","background-repeat":"repeat","background-position":"center center","background-size":"auto","background-attachment":"scroll","background-type":"","background-media":"","overlay-type":"","overlay-color":"","overlay-opacity":"","overlay-gradient":""},"mobile":{"background-color":"","background-image":"","background-repeat":"repeat","background-position":"center center","background-size":"auto","background-attachment":"scroll","background-type":"","background-media":"","overlay-type":"","overlay-color":"","overlay-opacity":"","overlay-gradient":""}},"ast-content-background-meta":{"desktop":{"background-color":"var(--ast-global-color-4)","background-image":"","background-repeat":"repeat","background-position":"center center","background-size":"auto","background-attachment":"scroll","background-type":"","background-media":"","overlay-type":"","overlay-color":"","overlay-opacity":"","overlay-gradient":""},"tablet":{"background-color":"var(--ast-global-color-4)","background-image":"","background-repeat":"repeat","background-position":"center center","background-size":"auto","background-attachment":"scroll","background-type":"","background-media":"","overlay-type":"","overlay-color":"","overlay-opacity":"","overlay-gradient":""},"mobile":{"background-color":"var(--ast-global-color-4)","background-image":"","background-repeat":"repeat","background-position":"center center","background-size":"auto","background-attachment":"scroll","background-type":"","background-media":"","overlay-type":"","overlay-color":"","overlay-opacity":"","overlay-gradient":""}}},"product_brand":[],"product_cat":[210],"product_tag":[291],"class_list":{"0":"post-89618","1":"product","2":"type-product","3":"status-publish","4":"has-post-thumbnail","6":"product_cat-nutriments","7":"product_tag-organique","8":"pa_aplicacion-fa-et-fml","9":"pa_composicion-biologique","10":"pa_ecologico-autorise-eu","11":"pa_ecologico-autorise-nop-usda","12":"pa_estilo-de-vino-blanc","13":"pa_estilo-de-vino-fut","14":"pa_estilo-de-vino-petillant","15":"pa_estilo-de-vino-rose","16":"pa_estilo-de-vino-rouge","17":"pa_vegano-vegetalien","18":"desktop-align-left","19":"tablet-align-left","20":"mobile-align-left","22":"first","23":"instock","24":"virtual","25":"product-type-simple"},"acf":[],"_links":{"self":[{"href":"https:\/\/agrovin.com\/fr\/wp-json\/wp\/v2\/product\/89618","targetHints":{"allow":["GET"]}}],"collection":[{"href":"https:\/\/agrovin.com\/fr\/wp-json\/wp\/v2\/product"}],"about":[{"href":"https:\/\/agrovin.com\/fr\/wp-json\/wp\/v2\/types\/product"}],"version-history":[{"count":0,"href":"https:\/\/agrovin.com\/fr\/wp-json\/wp\/v2\/product\/89618\/revisions"}],"wp:featuredmedia":[{"embeddable":true,"href":"https:\/\/agrovin.com\/fr\/wp-json\/wp\/v2\/media\/53188"}],"wp:attachment":[{"href":"https:\/\/agrovin.com\/fr\/wp-json\/wp\/v2\/media?parent=89618"}],"wp:term":[{"taxonomy":"product_brand","embeddable":true,"href":"https:\/\/agrovin.com\/fr\/wp-json\/wp\/v2\/product_brand?post=89618"},{"taxonomy":"product_cat","embeddable":true,"href":"https:\/\/agrovin.com\/fr\/wp-json\/wp\/v2\/product_cat?post=89618"},{"taxonomy":"product_tag","embeddable":true,"href":"https:\/\/agrovin.com\/fr\/wp-json\/wp\/v2\/product_tag?post=89618"}],"curies":[{"name":"wp","href":"https:\/\/api.w.org\/{rel}","templated":true}]}}