{"id":89609,"date":"2018-03-28T14:44:51","date_gmt":"2022-11-04T16:59:23","guid":{"rendered":"https:\/\/staging.agrovin.com\/non%20class\u00e9\/actimax-oeni\/"},"modified":"2022-11-06T10:03:11","modified_gmt":"2022-11-06T09:03:11","slug":"actimax-oeni","status":"publish","type":"product","link":"https:\/\/agrovin.com\/fr\/produits-oenologiques\/nutriments\/actimax-oeni\/","title":{"rendered":"ACTIMAX OENI"},"content":{"rendered":"<h3>CARACT\u00c9RISTIQUES<\/h3>\n<p>Les bact\u00e9ries lactiques ont des besoins nutritionnels complexes, car elles ont perdu la capacit\u00e9 de synth\u00e9tiser de nombreux compos\u00e9s n\u00e9cessaires \u00e0 leur croissance. Il s&#8217;agit notamment des vitamines B et de la plupart des acides amin\u00e9s.<\/p>\n<p>Ces compos\u00e9s sont g\u00e9n\u00e9ralement apport\u00e9s par les lies de levure issues de la fermentation alcoolique. Cependant, cette offre naturelle peut parfois \u00eatre insuffisante. Dans ces cas, une r\u00e9gulation nutritionnelle du vin est n\u00e9cessaire. Actimax Oeni fournit :<\/p>\n<ul>\n<li>Azote organique sous forme d&#8217;acides amin\u00e9s primaires, seule source d&#8217;azote assimilable par les bact\u00e9ries lactiques.<\/li>\n<li>Apport min\u00e9ral, notamment enrichi en magn\u00e9sium et mangan\u00e8se, cofacteurs d&#8217;enzymes m\u00e9taboliques cl\u00e9s (kinases, enzyme malolactique).<\/li>\n<li>les vitamines B (thiamine, acide nicotinique, biotine et acide pantoth\u00e9nique), qui ne peuvent \u00eatre synth\u00e9tis\u00e9es par les bact\u00e9ries lactiques et sont absentes des vins apr\u00e8s la fermentation alcoolique.<\/li>\n<li>L&#8217;incorporation de parois cellulaires de levure inactiv\u00e9es permet d&#8217;augmenter la turbidit\u00e9 et la teneur en polysaccharides de la suspension, ce qui am\u00e9liore la cin\u00e9tique de la fermentation.<\/li>\n<li>La pr\u00e9sence de polysaccharides att\u00e9nue l&#8217;effet d\u00e9favorable de la fraction tannique dans les vins \u00e0 forte concentration de couleur, les vins additionn\u00e9s de tanin ou les fermentations en barrique.<\/li>\n<li>Actimax Oeni est un excellent adsorbant des substances toxiques, \u00e9liminant les compos\u00e9s qui inhibent la fermentation malolactique (acides gras provenant d&#8217;une fermentation alcoolique irr\u00e9guli\u00e8re, r\u00e9sidus de pesticides).<\/li>\n<\/ul>\n<h3>APPLICATION<\/h3>\n<p>Actimax Oeni est utilis\u00e9 pour favoriser le d\u00e9veloppement de la fermentation malolactique en<\/p>\n<ul>\n<li>Vins clarifi\u00e9s, filtr\u00e9s ou multi-lav\u00e9s.<\/li>\n<li>Vins avec une longue p\u00e9riode entre la fermentation alcoolique et malolactique.<\/li>\n<li>Vins ferment\u00e9s avec des levures \u00e0 autolyse lente, r\u00e9sistantes \u00e0 l&#8217;\u00e9thanol.<\/li>\n<li>Vins issus de raisins tr\u00e8s m\u00fbrs<\/li>\n<\/ul>\n<h3>DOSAGE<\/h3>\n<p>Conditions normales de fermentation : 10-20 g\/hl<\/p>\n<p>Conditions difficiles : 20-30 g\/hl<\/p>\n","protected":false},"excerpt":{"rendered":"<p>Actimax Oeni est un nutriment sp\u00e9cifique pour stimuler la fermentation malolactique dans des conditions difficiles.<\/p>\n","protected":false},"featured_media":21011,"template":"","meta":{"_acf_changed":false,"inline_featured_image":false,"site-sidebar-layout":"default","site-content-layout":"default","ast-site-content-layout":"default","site-content-style":"default","site-sidebar-style":"default","ast-global-header-display":"","ast-banner-title-visibility":"","ast-main-header-display":"","ast-hfb-above-header-display":"","ast-hfb-below-header-display":"","ast-hfb-mobile-header-display":"","site-post-title":"","ast-breadcrumbs-content":"","ast-featured-img":"","footer-sml-layout":"","ast-disable-related-posts":"","theme-transparent-header-meta":"default","adv-header-id-meta":"","stick-header-meta":"","header-above-stick-meta":"","header-main-stick-meta":"","header-below-stick-meta":"","astra-migrate-meta-layouts":"default","ast-page-background-enabled":"default","ast-page-background-meta":{"desktop":{"background-color":"var(--ast-global-color-5)","background-image":"","background-repeat":"repeat","background-position":"center center","background-size":"auto","background-attachment":"scroll","background-type":"","background-media":"","overlay-type":"","overlay-color":"","overlay-opacity":"","overlay-gradient":""},"tablet":{"background-color":"","background-image":"","background-repeat":"repeat","background-position":"center center","background-size":"auto","background-attachment":"scroll","background-type":"","background-media":"","overlay-type":"","overlay-color":"","overlay-opacity":"","overlay-gradient":""},"mobile":{"background-color":"","background-image":"","background-repeat":"repeat","background-position":"center center","background-size":"auto","background-attachment":"scroll","background-type":"","background-media":"","overlay-type":"","overlay-color":"","overlay-opacity":"","overlay-gradient":""}},"ast-content-background-meta":{"desktop":{"background-color":"var(--ast-global-color-4)","background-image":"","background-repeat":"repeat","background-position":"center center","background-size":"auto","background-attachment":"scroll","background-type":"","background-media":"","overlay-type":"","overlay-color":"","overlay-opacity":"","overlay-gradient":""},"tablet":{"background-color":"var(--ast-global-color-4)","background-image":"","background-repeat":"repeat","background-position":"center center","background-size":"auto","background-attachment":"scroll","background-type":"","background-media":"","overlay-type":"","overlay-color":"","overlay-opacity":"","overlay-gradient":""},"mobile":{"background-color":"var(--ast-global-color-4)","background-image":"","background-repeat":"repeat","background-position":"center center","background-size":"auto","background-attachment":"scroll","background-type":"","background-media":"","overlay-type":"","overlay-color":"","overlay-opacity":"","overlay-gradient":""}}},"product_brand":[],"product_cat":[210],"product_tag":[291],"class_list":{"0":"post-89609","1":"product","2":"type-product","3":"status-publish","4":"has-post-thumbnail","6":"product_cat-nutriments","7":"product_tag-organique","8":"pa_aplicacion-fa-et-fml","9":"pa_composicion-complexe","10":"pa_estilo-de-vino-blanc","11":"pa_estilo-de-vino-petillant","12":"pa_estilo-de-vino-rouge","13":"pa_vegano-vegetalien","14":"desktop-align-left","15":"tablet-align-left","16":"mobile-align-left","18":"first","19":"instock","20":"virtual","21":"product-type-simple"},"acf":[],"_links":{"self":[{"href":"https:\/\/agrovin.com\/fr\/wp-json\/wp\/v2\/product\/89609","targetHints":{"allow":["GET"]}}],"collection":[{"href":"https:\/\/agrovin.com\/fr\/wp-json\/wp\/v2\/product"}],"about":[{"href":"https:\/\/agrovin.com\/fr\/wp-json\/wp\/v2\/types\/product"}],"version-history":[{"count":0,"href":"https:\/\/agrovin.com\/fr\/wp-json\/wp\/v2\/product\/89609\/revisions"}],"wp:featuredmedia":[{"embeddable":true,"href":"https:\/\/agrovin.com\/fr\/wp-json\/wp\/v2\/media\/21011"}],"wp:attachment":[{"href":"https:\/\/agrovin.com\/fr\/wp-json\/wp\/v2\/media?parent=89609"}],"wp:term":[{"taxonomy":"product_brand","embeddable":true,"href":"https:\/\/agrovin.com\/fr\/wp-json\/wp\/v2\/product_brand?post=89609"},{"taxonomy":"product_cat","embeddable":true,"href":"https:\/\/agrovin.com\/fr\/wp-json\/wp\/v2\/product_cat?post=89609"},{"taxonomy":"product_tag","embeddable":true,"href":"https:\/\/agrovin.com\/fr\/wp-json\/wp\/v2\/product_tag?post=89609"}],"curies":[{"name":"wp","href":"https:\/\/api.w.org\/{rel}","templated":true}]}}