{"id":89594,"date":"2018-03-28T14:36:47","date_gmt":"2022-11-04T16:58:58","guid":{"rendered":"https:\/\/staging.agrovin.com\/non%20class\u00e9\/actimax-vit\/"},"modified":"2022-11-06T10:42:36","modified_gmt":"2022-11-06T09:42:36","slug":"actimax-vit","status":"publish","type":"product","link":"https:\/\/agrovin.com\/fr\/produits-oenologiques\/nutriments\/actimax-vit\/","title":{"rendered":"ACTIMAX VIT"},"content":{"rendered":"<h3>CARACT\u00c9RISTIQUES<\/h3>\n<p>Dans la fermentation alcoolique, les levures inactiv\u00e9es constituent une source importante d&#8217;acides amin\u00e9s primaires \u00e0 assimilation lente. Corrige les carences en azote du mo\u00fbt sans risque d&#8217;\u00e9l\u00e9vation de temp\u00e9rature ou de d\u00e9viation sensorielle.<\/p>\n<p>Actimax Vit fournit un apport \u00e9quilibr\u00e9 de vitamines et de min\u00e9raux, cofacteurs m\u00e9taboliques de la levure et des bact\u00e9ries lactiques.<\/p>\n<p>Les parois cellulaires des levures inactives augmentent la teneur en polysaccharides. Ils constituent \u00e9galement un excellent adsorbant pour les substances toxiques.<\/p>\n<h3>APPLICATION<\/h3>\n<p>Peut \u00eatre utilis\u00e9 :<\/p>\n<ul>\n<li>Au d\u00e9but ou pendant la fermentation alcoolique, pour \u00e9quilibrer la teneur en azote organique du mo\u00fbt.<\/li>\n<li>Avant la fermentation malolactique, pour stimuler son d\u00e9veloppement. Les acides amin\u00e9s sont la seule source d&#8217;azote assimilable par les bact\u00e9ries lactiques.<\/li>\n<li>En cas d&#8217;arr\u00eat ou de ralentissement de la fermentation alcoolique.<\/li>\n<\/ul>\n<h3>DOSAGE<\/h3>\n<div class=\"page\" title=\"Page 2\">\n<div class=\"layoutArea\">\n<div class=\"column\">\n<p>Conditions normales de fermentation : 10-20 g\/hl<\/p>\n<p>Conditions difficiles : 20-30 g\/hl<\/p>\n<p>Usage curatif : arr\u00eats de fermentation : <span style=\"font-size: 16px;\">30-40 g\/hl<\/span><\/p>\n<\/div>\n<\/div>\n<\/div>\n","protected":false},"excerpt":{"rendered":"<p>Actimax Vit est un activateur de fermentation exclusivement \u00e0 base d&#8217;azote organique et de vitamines.<\/p>\n","protected":false},"featured_media":42572,"template":"","meta":{"_acf_changed":false,"inline_featured_image":false,"site-sidebar-layout":"default","site-content-layout":"default","ast-site-content-layout":"default","site-content-style":"default","site-sidebar-style":"default","ast-global-header-display":"","ast-banner-title-visibility":"","ast-main-header-display":"","ast-hfb-above-header-display":"","ast-hfb-below-header-display":"","ast-hfb-mobile-header-display":"","site-post-title":"","ast-breadcrumbs-content":"","ast-featured-img":"","footer-sml-layout":"","ast-disable-related-posts":"","theme-transparent-header-meta":"default","adv-header-id-meta":"","stick-header-meta":"","header-above-stick-meta":"","header-main-stick-meta":"","header-below-stick-meta":"","astra-migrate-meta-layouts":"default","ast-page-background-enabled":"default","ast-page-background-meta":{"desktop":{"background-color":"var(--ast-global-color-5)","background-image":"","background-repeat":"repeat","background-position":"center center","background-size":"auto","background-attachment":"scroll","background-type":"","background-media":"","overlay-type":"","overlay-color":"","overlay-opacity":"","overlay-gradient":""},"tablet":{"background-color":"","background-image":"","background-repeat":"repeat","background-position":"center center","background-size":"auto","background-attachment":"scroll","background-type":"","background-media":"","overlay-type":"","overlay-color":"","overlay-opacity":"","overlay-gradient":""},"mobile":{"background-color":"","background-image":"","background-repeat":"repeat","background-position":"center center","background-size":"auto","background-attachment":"scroll","background-type":"","background-media":"","overlay-type":"","overlay-color":"","overlay-opacity":"","overlay-gradient":""}},"ast-content-background-meta":{"desktop":{"background-color":"var(--ast-global-color-4)","background-image":"","background-repeat":"repeat","background-position":"center center","background-size":"auto","background-attachment":"scroll","background-type":"","background-media":"","overlay-type":"","overlay-color":"","overlay-opacity":"","overlay-gradient":""},"tablet":{"background-color":"var(--ast-global-color-4)","background-image":"","background-repeat":"repeat","background-position":"center center","background-size":"auto","background-attachment":"scroll","background-type":"","background-media":"","overlay-type":"","overlay-color":"","overlay-opacity":"","overlay-gradient":""},"mobile":{"background-color":"var(--ast-global-color-4)","background-image":"","background-repeat":"repeat","background-position":"center center","background-size":"auto","background-attachment":"scroll","background-type":"","background-media":"","overlay-type":"","overlay-color":"","overlay-opacity":"","overlay-gradient":""}}},"product_brand":[],"product_cat":[210],"product_tag":[291],"class_list":{"0":"post-89594","1":"product","2":"type-product","3":"status-publish","4":"has-post-thumbnail","6":"product_cat-nutriments","7":"product_tag-organique","8":"pa_aplicacion-fa-et-fml","9":"pa_composicion-biologique","10":"pa_ecologico-autorise-eu","11":"pa_ecologico-autorise-nop-usda","12":"pa_estilo-de-vino-blanc","13":"pa_estilo-de-vino-petillant","14":"pa_estilo-de-vino-rose","15":"pa_estilo-de-vino-rouge","16":"pa_vegano-vegetalien","17":"desktop-align-left","18":"tablet-align-left","19":"mobile-align-left","21":"first","22":"instock","23":"virtual","24":"product-type-simple"},"acf":[],"_links":{"self":[{"href":"https:\/\/agrovin.com\/fr\/wp-json\/wp\/v2\/product\/89594","targetHints":{"allow":["GET"]}}],"collection":[{"href":"https:\/\/agrovin.com\/fr\/wp-json\/wp\/v2\/product"}],"about":[{"href":"https:\/\/agrovin.com\/fr\/wp-json\/wp\/v2\/types\/product"}],"version-history":[{"count":0,"href":"https:\/\/agrovin.com\/fr\/wp-json\/wp\/v2\/product\/89594\/revisions"}],"wp:featuredmedia":[{"embeddable":true,"href":"https:\/\/agrovin.com\/fr\/wp-json\/wp\/v2\/media\/42572"}],"wp:attachment":[{"href":"https:\/\/agrovin.com\/fr\/wp-json\/wp\/v2\/media?parent=89594"}],"wp:term":[{"taxonomy":"product_brand","embeddable":true,"href":"https:\/\/agrovin.com\/fr\/wp-json\/wp\/v2\/product_brand?post=89594"},{"taxonomy":"product_cat","embeddable":true,"href":"https:\/\/agrovin.com\/fr\/wp-json\/wp\/v2\/product_cat?post=89594"},{"taxonomy":"product_tag","embeddable":true,"href":"https:\/\/agrovin.com\/fr\/wp-json\/wp\/v2\/product_tag?post=89594"}],"curies":[{"name":"wp","href":"https:\/\/api.w.org\/{rel}","templated":true}]}}