{"id":89589,"date":"2018-03-28T14:39:04","date_gmt":"2022-11-04T16:58:50","guid":{"rendered":"https:\/\/staging.agrovin.com\/non%20class\u00e9\/actimax-gsh\/"},"modified":"2024-06-10T20:28:28","modified_gmt":"2024-06-10T19:28:28","slug":"actimax-gsh","status":"publish","type":"product","link":"https:\/\/agrovin.com\/fr\/produits-oenologiques\/nutriments\/actimax-gsh\/","title":{"rendered":"ACTIMAX GSH"},"content":{"rendered":"<h3>CARACT\u00c9RISTIQUES<\/h3>\n<p>Actimax GSH a une capacit\u00e9 antioxydante, prot\u00e9geant la couleur et les ar\u00f4mes vari\u00e9taux (surtout ceux de type thiol) des vins blancs et ros\u00e9s. Il permet l&#8217;expression aromatique maximale du raisin, prolongeant sa fra\u00eecheur et ralentissant son \u00e9volution chromatique en bouteille.<\/p>\n<p>Le glutathion, un constituant commun de la levure, est essentiel \u00e0 la prolif\u00e9ration des cellules. Par cons\u00e9quent, les fermentations alcooliques enrichies en glutathion sont doublement b\u00e9n\u00e9fiques, car ce compos\u00e9 favorise la croissance cellulaire et prot\u00e8ge le vin contre l&#8217;oxydation pr\u00e9coce.<\/p>\n<p>Cette pr\u00e9paration est particuli\u00e8rement adapt\u00e9e aux vari\u00e9t\u00e9s riches en thiols volatils (Verdejo, Sauvignon Blanc), aux mo\u00fbts blancs fortement soutir\u00e9s ou sensibles \u00e0 l&#8217;oxydation.<\/p>\n<p>Excellente r\u00e9ponse dans les vins pr\u00e9sentant un stress nutritionnel particulier ou dans des situations de stress environnemental de la levure telles que des temp\u00e9ratures de fermentation basses, des teneurs en alcool potentiellement \u00e9lev\u00e9es, des mo\u00fbts tr\u00e8s clarifi\u00e9s, des mo\u00fbts avec des r\u00e9sidus fongicides ou phytosanitaires.<\/p>\n<h3>APPLICATION<\/h3>\n<p>Nutriment ayant un excellent pouvoir r\u00e9ducteur naturel. Maintient les qualit\u00e9s aromatiques des vins blancs et ros\u00e9s, en les prot\u00e9geant de l&#8217;oxydation.<\/p>\n<ul>\n<li>Au d\u00e9but ou aux premiers stades de la fermentation alcoolique, pour \u00e9quilibrer la teneur en azote organique du mo\u00fbt.<\/li>\n<\/ul>\n<h3>DOSAGE<\/h3>\n<div class=\"page\" title=\"Page 2\">\n<div class=\"layoutArea\">\n<div class=\"column\">\n<p>Conditions normales de fermentation : 10-20 g\/hl<\/p>\n<p>Conditions difficiles : 20-30 g\/hl<\/p>\n<\/div>\n<\/div>\n<\/div>\n","protected":false},"excerpt":{"rendered":"<p>Actimax GSH est un nutriment organique pour la fermentation alcoolique \u00e0 haute teneur en glutathion pour pr\u00e9server la fra\u00eecheur et les qualit\u00e9s aromatiques des vins blancs et ros\u00e9s.<\/p>\n","protected":false},"featured_media":42566,"template":"","meta":{"_acf_changed":false,"inline_featured_image":false,"site-sidebar-layout":"default","site-content-layout":"default","ast-site-content-layout":"default","site-content-style":"default","site-sidebar-style":"default","ast-global-header-display":"","ast-banner-title-visibility":"","ast-main-header-display":"","ast-hfb-above-header-display":"","ast-hfb-below-header-display":"","ast-hfb-mobile-header-display":"","site-post-title":"","ast-breadcrumbs-content":"","ast-featured-img":"","footer-sml-layout":"","ast-disable-related-posts":"","theme-transparent-header-meta":"default","adv-header-id-meta":"","stick-header-meta":"","header-above-stick-meta":"","header-main-stick-meta":"","header-below-stick-meta":"","astra-migrate-meta-layouts":"default","ast-page-background-enabled":"default","ast-page-background-meta":{"desktop":{"background-color":"var(--ast-global-color-5)","background-image":"","background-repeat":"repeat","background-position":"center center","background-size":"auto","background-attachment":"scroll","background-type":"","background-media":"","overlay-type":"","overlay-color":"","overlay-opacity":"","overlay-gradient":""},"tablet":{"background-color":"","background-image":"","background-repeat":"repeat","background-position":"center center","background-size":"auto","background-attachment":"scroll","background-type":"","background-media":"","overlay-type":"","overlay-color":"","overlay-opacity":"","overlay-gradient":""},"mobile":{"background-color":"","background-image":"","background-repeat":"repeat","background-position":"center center","background-size":"auto","background-attachment":"scroll","background-type":"","background-media":"","overlay-type":"","overlay-color":"","overlay-opacity":"","overlay-gradient":""}},"ast-content-background-meta":{"desktop":{"background-color":"var(--ast-global-color-4)","background-image":"","background-repeat":"repeat","background-position":"center center","background-size":"auto","background-attachment":"scroll","background-type":"","background-media":"","overlay-type":"","overlay-color":"","overlay-opacity":"","overlay-gradient":""},"tablet":{"background-color":"var(--ast-global-color-4)","background-image":"","background-repeat":"repeat","background-position":"center center","background-size":"auto","background-attachment":"scroll","background-type":"","background-media":"","overlay-type":"","overlay-color":"","overlay-opacity":"","overlay-gradient":""},"mobile":{"background-color":"var(--ast-global-color-4)","background-image":"","background-repeat":"repeat","background-position":"center center","background-size":"auto","background-attachment":"scroll","background-type":"","background-media":"","overlay-type":"","overlay-color":"","overlay-opacity":"","overlay-gradient":""}}},"product_brand":[],"product_cat":[210],"product_tag":[291],"class_list":{"0":"post-89589","1":"product","2":"type-product","3":"status-publish","4":"has-post-thumbnail","6":"product_cat-nutriments","7":"product_tag-organique","8":"pa_aplicacion-fa-et-fml","9":"pa_composicion-biologique","10":"pa_ecologico-autorise-eu","11":"pa_ecologico-autorise-nop-usda","12":"pa_estilo-de-vino-blanc","13":"pa_estilo-de-vino-fut","14":"pa_estilo-de-vino-petillant","15":"pa_estilo-de-vino-rose","16":"pa_vegano-vegetalien","17":"desktop-align-left","18":"tablet-align-left","19":"mobile-align-left","21":"first","22":"instock","23":"virtual","24":"product-type-simple"},"acf":[],"_links":{"self":[{"href":"https:\/\/agrovin.com\/fr\/wp-json\/wp\/v2\/product\/89589","targetHints":{"allow":["GET"]}}],"collection":[{"href":"https:\/\/agrovin.com\/fr\/wp-json\/wp\/v2\/product"}],"about":[{"href":"https:\/\/agrovin.com\/fr\/wp-json\/wp\/v2\/types\/product"}],"version-history":[{"count":0,"href":"https:\/\/agrovin.com\/fr\/wp-json\/wp\/v2\/product\/89589\/revisions"}],"wp:featuredmedia":[{"embeddable":true,"href":"https:\/\/agrovin.com\/fr\/wp-json\/wp\/v2\/media\/42566"}],"wp:attachment":[{"href":"https:\/\/agrovin.com\/fr\/wp-json\/wp\/v2\/media?parent=89589"}],"wp:term":[{"taxonomy":"product_brand","embeddable":true,"href":"https:\/\/agrovin.com\/fr\/wp-json\/wp\/v2\/product_brand?post=89589"},{"taxonomy":"product_cat","embeddable":true,"href":"https:\/\/agrovin.com\/fr\/wp-json\/wp\/v2\/product_cat?post=89589"},{"taxonomy":"product_tag","embeddable":true,"href":"https:\/\/agrovin.com\/fr\/wp-json\/wp\/v2\/product_tag?post=89589"}],"curies":[{"name":"wp","href":"https:\/\/api.w.org\/{rel}","templated":true}]}}