{"id":89584,"date":"2018-03-09T16:36:16","date_gmt":"2022-11-04T16:58:42","guid":{"rendered":"https:\/\/staging.agrovin.com\/non%20class\u00e9\/purac-vin-acide-lactique-88\/"},"modified":"2022-11-10T19:25:46","modified_gmt":"2022-11-10T18:25:46","slug":"purac-vin-acide-lactique-88","status":"publish","type":"product","link":"https:\/\/agrovin.com\/fr\/produits-oenologiques\/acidifiant-desacidifiant\/purac-vin-acide-lactique-88\/","title":{"rendered":"PURAC VIN (Acide Lactique 88%)"},"content":{"rendered":"<h3>CARACT\u00c9RISTIQUES<\/h3>\n<p>Il constitue une alternative \u00e0 l&#8217;acide tartrique pour l&#8217;acidification des mo\u00fbts et des vins.<\/p>\n<ul>\n<li>Il est plus efficace pour augmenter l&#8217;acidit\u00e9 totale, en raison de la plus grande solubilit\u00e9 de ses sels avec le potassium.<\/li>\n<li>Son ajout provoque une l\u00e9g\u00e8re baisse du pH, mais moins importante qu&#8217;avec l&#8217;utilisation d&#8217;acide tartrique et toujours pr\u00e9visible.<\/li>\n<li>Il conf\u00e8re aux vins une stabilit\u00e9 chimique et microbiologique, ainsi qu&#8217;une am\u00e9lioration de leurs qualit\u00e9s organoleptiques.<\/li>\n<li>En cons\u00e9quence de l&#8217;absence de pr\u00e9cipit\u00e9s, les vins ont un pouvoir tampon plus \u00e9lev\u00e9.<\/li>\n<li>L&#8217;acide lactique ajout\u00e9 aux mo\u00fbts et aux vins est conserv\u00e9 apr\u00e8s la stabilisation \u00e0 froid et peut m\u00eame \u00eatre ajout\u00e9 juste avant la mise en bouteille sans causer de probl\u00e8mes de pr\u00e9cipitation dans la bouteille.<\/li>\n<\/ul>\n<h3>APPLICATION<\/h3>\n<ul>\n<li>Pendant la r\u00e9colte, comme acidifiant du mo\u00fbt.<\/li>\n<li>Dans les vins blancs, ros\u00e9s et rouges pour la correction de l&#8217;acidit\u00e9 pendant le processus de vinification.<\/li>\n<li>Avant la mise en bouteille des vins blancs, ros\u00e9s et rouges.<\/li>\n<\/ul>\n<h3>DOSAGE<\/h3>\n<ul>\n<li>Mo\u00fbt : 0,5-1,5 ml\/l<\/li>\n<li>Vin : 0,5-2 ml\/l<\/li>\n<\/ul>\n<p>1,13 ml\/l de PuracVin augmente l&#8217;acidit\u00e9 d&#8217;un vin de 1 g\/l exprim\u00e9e en acide tartrique.<br \/>\nLimite maximale d&#8217;acidification :<br \/>\n&#8211; Raisins frais, mo\u00fbt de raisin, mo\u00fbt de raisin en fermentation, mo\u00fbt de raisin partiellement ferment\u00e9 et vin nouveau encore en fermentation : 1,5 g\/l exprim\u00e9 en acide tartrique.<\/p>\n<p>&nbsp;<\/p>\n","protected":false},"excerpt":{"rendered":"<p>Purac Vin est compos\u00e9 \u00e0 88% d&#8217;acide lactique utilis\u00e9 comme acidifiant pour corriger l&#8217;acidit\u00e9 des mo\u00fbts et des vins. Il constitue une alternative \u00e0 l&#8217;acide tartrique pour l&#8217;acidification des mo\u00fbts et des vins.<\/p>\n","protected":false},"featured_media":34400,"template":"","meta":{"_acf_changed":false,"inline_featured_image":false,"site-sidebar-layout":"default","site-content-layout":"default","ast-site-content-layout":"default","site-content-style":"default","site-sidebar-style":"default","ast-global-header-display":"","ast-banner-title-visibility":"","ast-main-header-display":"","ast-hfb-above-header-display":"","ast-hfb-below-header-display":"","ast-hfb-mobile-header-display":"","site-post-title":"","ast-breadcrumbs-content":"","ast-featured-img":"","footer-sml-layout":"","ast-disable-related-posts":"","theme-transparent-header-meta":"default","adv-header-id-meta":"","stick-header-meta":"","header-above-stick-meta":"","header-main-stick-meta":"","header-below-stick-meta":"","astra-migrate-meta-layouts":"default","ast-page-background-enabled":"default","ast-page-background-meta":{"desktop":{"background-color":"var(--ast-global-color-5)","background-image":"","background-repeat":"repeat","background-position":"center center","background-size":"auto","background-attachment":"scroll","background-type":"","background-media":"","overlay-type":"","overlay-color":"","overlay-opacity":"","overlay-gradient":""},"tablet":{"background-color":"","background-image":"","background-repeat":"repeat","background-position":"center center","background-size":"auto","background-attachment":"scroll","background-type":"","background-media":"","overlay-type":"","overlay-color":"","overlay-opacity":"","overlay-gradient":""},"mobile":{"background-color":"","background-image":"","background-repeat":"repeat","background-position":"center center","background-size":"auto","background-attachment":"scroll","background-type":"","background-media":"","overlay-type":"","overlay-color":"","overlay-opacity":"","overlay-gradient":""}},"ast-content-background-meta":{"desktop":{"background-color":"var(--ast-global-color-4)","background-image":"","background-repeat":"repeat","background-position":"center center","background-size":"auto","background-attachment":"scroll","background-type":"","background-media":"","overlay-type":"","overlay-color":"","overlay-opacity":"","overlay-gradient":""},"tablet":{"background-color":"var(--ast-global-color-4)","background-image":"","background-repeat":"repeat","background-position":"center center","background-size":"auto","background-attachment":"scroll","background-type":"","background-media":"","overlay-type":"","overlay-color":"","overlay-opacity":"","overlay-gradient":""},"mobile":{"background-color":"var(--ast-global-color-4)","background-image":"","background-repeat":"repeat","background-position":"center center","background-size":"auto","background-attachment":"scroll","background-type":"","background-media":"","overlay-type":"","overlay-color":"","overlay-opacity":"","overlay-gradient":""}}},"product_brand":[],"product_cat":[446],"product_tag":[447],"class_list":{"0":"post-89584","1":"product","2":"type-product","3":"status-publish","4":"has-post-thumbnail","6":"product_cat-acidifiant-desacidifiant","7":"product_tag-acidificantes-fr","8":"pa_ecologico-autorise-eu","9":"pa_ecologico-autorise-nop-usda","10":"pa_vegano-vegetalien","11":"desktop-align-left","12":"tablet-align-left","13":"mobile-align-left","15":"first","16":"instock","17":"virtual","18":"product-type-simple"},"acf":[],"_links":{"self":[{"href":"https:\/\/agrovin.com\/fr\/wp-json\/wp\/v2\/product\/89584","targetHints":{"allow":["GET"]}}],"collection":[{"href":"https:\/\/agrovin.com\/fr\/wp-json\/wp\/v2\/product"}],"about":[{"href":"https:\/\/agrovin.com\/fr\/wp-json\/wp\/v2\/types\/product"}],"version-history":[{"count":0,"href":"https:\/\/agrovin.com\/fr\/wp-json\/wp\/v2\/product\/89584\/revisions"}],"wp:featuredmedia":[{"embeddable":true,"href":"https:\/\/agrovin.com\/fr\/wp-json\/wp\/v2\/media\/34400"}],"wp:attachment":[{"href":"https:\/\/agrovin.com\/fr\/wp-json\/wp\/v2\/media?parent=89584"}],"wp:term":[{"taxonomy":"product_brand","embeddable":true,"href":"https:\/\/agrovin.com\/fr\/wp-json\/wp\/v2\/product_brand?post=89584"},{"taxonomy":"product_cat","embeddable":true,"href":"https:\/\/agrovin.com\/fr\/wp-json\/wp\/v2\/product_cat?post=89584"},{"taxonomy":"product_tag","embeddable":true,"href":"https:\/\/agrovin.com\/fr\/wp-json\/wp\/v2\/product_tag?post=89584"}],"curies":[{"name":"wp","href":"https:\/\/api.w.org\/{rel}","templated":true}]}}