{"id":89579,"date":"2018-03-12T15:56:22","date_gmt":"2022-11-04T16:58:33","guid":{"rendered":"https:\/\/staging.agrovin.com\/non%20class\u00e9\/enozym-vintage\/"},"modified":"2022-11-06T12:47:17","modified_gmt":"2022-11-06T11:47:17","slug":"enozym-vintage","status":"publish","type":"product","link":"https:\/\/agrovin.com\/fr\/produits-oenologiques\/enzymes\/enozym-vintage\/","title":{"rendered":"ENOZYM VINTAGE"},"content":{"rendered":"<h3>CARACT\u00c9RISTIQUES<\/h3>\n<p>Le but de son application n&#8217;est pas seulement d&#8217;obtenir la couleur, mais aussi d&#8217;obtenir la stabilit\u00e9 de la couleur gr\u00e2ce \u00e0 l&#8217;extraction \u00e9quilibr\u00e9e des tanins, des anthocyanes et des polysaccharides.<\/p>\n<p>Son action sp\u00e9cifique est adapt\u00e9e aux mac\u00e9rations moyennes et longues sur les raisins destin\u00e9s aux vins \u00e9lev\u00e9s en barrique.<\/p>\n<h3>APPLICATION<\/h3>\n<ul>\n<li>Il permet une mac\u00e9ration efficace des raisins rouges, favorisant l&#8217;extraction \u00e9quilibr\u00e9e des anthocyanes et des tanins. Assure la stabilit\u00e9 par la combinaison avec les polysaccharides. Effet hautement souhaitable lors de l&#8217;application de tanins d&#8217;addition : am\u00e9lioration de la stabilit\u00e9 du tanin exog\u00e8ne.<\/li>\n<li>Extraction de compos\u00e9s aromatiques \u00e0 partir de cellules de la peau. Les vins trait\u00e9s avec l&#8217;enzyme expriment des ar\u00f4mes vari\u00e9taux et une bouche plus pleine.<\/li>\n<li>Le temps de mac\u00e9ration peut \u00eatre r\u00e9duit de 25%, un effet souhaitable dans les cuv\u00e9es courtes.<\/li>\n<li>Facilite la clarification des mo\u00fbts et des vins.<\/li>\n<\/ul>\n<h3>DOSAGE<\/h3>\n<div class=\"page\" title=\"Page 1\">\n<div class=\"section\">\n<div class=\"layoutArea\">\n<div class=\"column\">\n<div class=\"page\" title=\"Page 1\">\n<div class=\"section\">\n<div class=\"layoutArea\">\n<div class=\"column\">\n<p>Mac\u00e9ration rouge : &gt; 1 g\/100 kg<br \/>\nPress\u00e9 : &gt; 3 g\/100 kg<br \/>\nFiltration : &gt; 2 g\/hl<br \/>\nVins\/moutons affect\u00e9s par le Botrytis : &gt; 3 g\/hl<\/p>\n<\/div>\n<\/div>\n<\/div>\n<\/div>\n<\/div>\n<\/div>\n<\/div>\n<\/div>\n","protected":false},"excerpt":{"rendered":"<p>Enozym Vintage est une pr\u00e9paration enzymatique con\u00e7ue pour l&#8217;extraction et la stabilit\u00e9 des compos\u00e9s polyph\u00e9noliques pendant la phase de mac\u00e9ration fermentaire des raisins rouges.<\/p>\n","protected":false},"featured_media":43934,"template":"","meta":{"_acf_changed":false,"inline_featured_image":false,"site-sidebar-layout":"default","site-content-layout":"default","ast-site-content-layout":"default","site-content-style":"default","site-sidebar-style":"default","ast-global-header-display":"","ast-banner-title-visibility":"","ast-main-header-display":"","ast-hfb-above-header-display":"","ast-hfb-below-header-display":"","ast-hfb-mobile-header-display":"","site-post-title":"","ast-breadcrumbs-content":"","ast-featured-img":"","footer-sml-layout":"","ast-disable-related-posts":"","theme-transparent-header-meta":"default","adv-header-id-meta":"","stick-header-meta":"","header-above-stick-meta":"","header-main-stick-meta":"","header-below-stick-meta":"","astra-migrate-meta-layouts":"default","ast-page-background-enabled":"default","ast-page-background-meta":{"desktop":{"background-color":"var(--ast-global-color-5)","background-image":"","background-repeat":"repeat","background-position":"center center","background-size":"auto","background-attachment":"scroll","background-type":"","background-media":"","overlay-type":"","overlay-color":"","overlay-opacity":"","overlay-gradient":""},"tablet":{"background-color":"","background-image":"","background-repeat":"repeat","background-position":"center center","background-size":"auto","background-attachment":"scroll","background-type":"","background-media":"","overlay-type":"","overlay-color":"","overlay-opacity":"","overlay-gradient":""},"mobile":{"background-color":"","background-image":"","background-repeat":"repeat","background-position":"center center","background-size":"auto","background-attachment":"scroll","background-type":"","background-media":"","overlay-type":"","overlay-color":"","overlay-opacity":"","overlay-gradient":""}},"ast-content-background-meta":{"desktop":{"background-color":"var(--ast-global-color-4)","background-image":"","background-repeat":"repeat","background-position":"center center","background-size":"auto","background-attachment":"scroll","background-type":"","background-media":"","overlay-type":"","overlay-color":"","overlay-opacity":"","overlay-gradient":""},"tablet":{"background-color":"var(--ast-global-color-4)","background-image":"","background-repeat":"repeat","background-position":"center center","background-size":"auto","background-attachment":"scroll","background-type":"","background-media":"","overlay-type":"","overlay-color":"","overlay-opacity":"","overlay-gradient":""},"mobile":{"background-color":"var(--ast-global-color-4)","background-image":"","background-repeat":"repeat","background-position":"center center","background-size":"auto","background-attachment":"scroll","background-type":"","background-media":"","overlay-type":"","overlay-color":"","overlay-opacity":"","overlay-gradient":""}}},"product_brand":[],"product_cat":[175],"product_tag":[475],"class_list":{"0":"post-89579","1":"product","2":"type-product","3":"status-publish","4":"has-post-thumbnail","6":"product_cat-enzymes","7":"product_tag-extraction-de-la-couleur","8":"pa_aplicacion-fa-et-fml","9":"pa_ecologico-autorise-eu","10":"pa_ecologico-autorise-nop-usda","11":"pa_estilo-de-vino-fut","12":"pa_estilo-de-vino-rouge","13":"pa_objetivo-extraction-des-couleurs","14":"pa_vegano-vegetalien","15":"desktop-align-left","16":"tablet-align-left","17":"mobile-align-left","19":"first","20":"instock","21":"virtual","22":"product-type-simple"},"acf":[],"_links":{"self":[{"href":"https:\/\/agrovin.com\/fr\/wp-json\/wp\/v2\/product\/89579","targetHints":{"allow":["GET"]}}],"collection":[{"href":"https:\/\/agrovin.com\/fr\/wp-json\/wp\/v2\/product"}],"about":[{"href":"https:\/\/agrovin.com\/fr\/wp-json\/wp\/v2\/types\/product"}],"version-history":[{"count":0,"href":"https:\/\/agrovin.com\/fr\/wp-json\/wp\/v2\/product\/89579\/revisions"}],"wp:featuredmedia":[{"embeddable":true,"href":"https:\/\/agrovin.com\/fr\/wp-json\/wp\/v2\/media\/43934"}],"wp:attachment":[{"href":"https:\/\/agrovin.com\/fr\/wp-json\/wp\/v2\/media?parent=89579"}],"wp:term":[{"taxonomy":"product_brand","embeddable":true,"href":"https:\/\/agrovin.com\/fr\/wp-json\/wp\/v2\/product_brand?post=89579"},{"taxonomy":"product_cat","embeddable":true,"href":"https:\/\/agrovin.com\/fr\/wp-json\/wp\/v2\/product_cat?post=89579"},{"taxonomy":"product_tag","embeddable":true,"href":"https:\/\/agrovin.com\/fr\/wp-json\/wp\/v2\/product_tag?post=89579"}],"curies":[{"name":"wp","href":"https:\/\/api.w.org\/{rel}","templated":true}]}}