{"id":89574,"date":"2018-03-12T15:43:29","date_gmt":"2022-11-04T16:58:25","guid":{"rendered":"https:\/\/staging.agrovin.com\/non%20class\u00e9\/enozym-glucan\/"},"modified":"2022-11-06T15:03:09","modified_gmt":"2022-11-06T14:03:09","slug":"enovin-glucan","status":"publish","type":"product","link":"https:\/\/agrovin.com\/fr\/produits-oenologiques\/enzymes\/enovin-glucan\/","title":{"rendered":"ENOZYM GLUCAN"},"content":{"rendered":"<h3>CARACT\u00c9RISTIQUES<\/h3>\n<ul>\n<li>Am\u00e9liore la clarification et la filtrabilit\u00e9. Permet la d\u00e9gradation des \u00df-glucanes produits par Botrytis cinerea dans les raisins, qui emp\u00eachent le d\u00e9bourbage et la clarification et la filtration du vin.<\/li>\n<li>Acc\u00e9l\u00e8re le vieillissement sur lies. Il agit sur les \u00df-glucanes des parois cellulaires des levures, permettant l&#8217;extraction des polysaccharides.<\/li>\n<\/ul>\n<h3>APPLICATION<\/h3>\n<p>Traitement des mo\u00fbts et des vins atteints de pourriture.<\/p>\n<ul>\n<li>Dans les mo\u00fbts, il am\u00e9liore le processus de d\u00e9cantation. Appliqu\u00e9 avec des enzymes pectolytiques, il facilite la pr\u00e9cipitation des collo\u00efdes et \u00e9vite les probl\u00e8mes de clarification et de filtration ult\u00e9rieurs.<\/li>\n<li>Dans les vins blancs et rouges issus de raisins pourris, il permet et am\u00e9liore la clarification et la filtration.<\/li>\n<\/ul>\n<p>Am\u00e9lioration de la clarification et de la filtration du vin. La combinaison d&#8217;Enozym GLUCAN avec une enzyme de nature pectolytique (Enovin CLAR ou Enovin PECTINASE) :<\/p>\n<ul>\n<li>R\u00e9duit le dosage et l&#8217;efficacit\u00e9 du clarificateur<\/li>\n<li>R\u00e9duit le volume des lies et augmente le rendement.<\/li>\n<li>Am\u00e9liore les performances et la qualit\u00e9 de la filtration.<\/li>\n<li>Am\u00e9liore la clarification et la qualit\u00e9 des vins de presse.<\/li>\n<li>Il permet la clarification des vins issus de raisins surm\u00fbris ou passerill\u00e9s.<\/li>\n<\/ul>\n<p>L&#8217;\u00e9levage sur lies fines augmente l&#8217;extraction des polysaccharides (mannoprot\u00e9ines) qui donnent plus de corps et de structure.<\/p>\n<ul>\n<li>R\u00e9duit le temps de vieillissement sur lies.<\/li>\n<li>\u00c9vite les risques de r\u00e9duction et de d\u00e9viations microbiologiques r\u00e9sultant d&#8217;un long s\u00e9jour en f\u00fbt.<\/li>\n<li>Il am\u00e9liore sa filtration ult\u00e9rieure, en \u00e9vitant les pertes aromatiques lors de cette \u00e9tape.<\/li>\n<li>Son application dans les vins rouges favorise la stabilit\u00e9 de la couleur et adoucit les tanins.<\/li>\n<\/ul>\n<h3>DOSAGE<\/h3>\n<div class=\"page\" title=\"Page 1\">\n<div class=\"section\">\n<div class=\"layoutArea\">\n<div class=\"column\">\n<p>Traitement des mo\u00fbts\/vin touch\u00e9s par la pourriture.<\/p>\n<\/div>\n<\/div>\n<div class=\"layoutArea\">\n<div class=\"column\">\n<p>Vin blanc : &gt; 3 g\/hl<\/p>\n<p>Vin rouge : &gt; 3 g\/hl<\/p>\n<\/div>\n<\/div>\n<div class=\"layoutArea\">\n<div class=\"column\">\n<p>Am\u00e9lioration de la clarification et de la filtration du vin (*)<\/p>\n<p>Vin blanc : &gt; 3 g\/hl<\/p>\n<p>Vin rouge : &gt; 3 g\/hl<\/p>\n<p>(*) Combinaison avec des enzymes pectolytiques \u00e0 la dose de 2 g\/hl.<\/p>\n<p>\u00c9levage sur lies.<\/p>\n<\/div>\n<\/div>\n<div class=\"layoutArea\">\n<div class=\"column\">\n<p>Vin blanc : 3 g\/hl<\/p>\n<p>Vin rouge : 5 g\/hl<\/p>\n<\/div>\n<div class=\"column\">\n<p>&nbsp;<\/p>\n<\/div>\n<div class=\"column\">\n<p>&nbsp;<\/p>\n<\/div>\n<\/div>\n<\/div>\n<\/div>\n","protected":false},"excerpt":{"rendered":"<p>Enozym Glucan est une pr\u00e9paration enzymatique \u00e0 activit\u00e9 \u00df-1,3-1,6 glucanase, sp\u00e9cifiquement con\u00e7ue pour l&#8217;hydrolyse des glucanes pr\u00e9sents dans les mo\u00fbts et les vins.<\/p>\n","protected":false},"featured_media":22168,"template":"","meta":{"_acf_changed":false,"inline_featured_image":false,"site-sidebar-layout":"default","site-content-layout":"default","ast-site-content-layout":"default","site-content-style":"default","site-sidebar-style":"default","ast-global-header-display":"","ast-banner-title-visibility":"","ast-main-header-display":"","ast-hfb-above-header-display":"","ast-hfb-below-header-display":"","ast-hfb-mobile-header-display":"","site-post-title":"","ast-breadcrumbs-content":"","ast-featured-img":"","footer-sml-layout":"","ast-disable-related-posts":"","theme-transparent-header-meta":"default","adv-header-id-meta":"","stick-header-meta":"","header-above-stick-meta":"","header-main-stick-meta":"","header-below-stick-meta":"","astra-migrate-meta-layouts":"default","ast-page-background-enabled":"default","ast-page-background-meta":{"desktop":{"background-color":"var(--ast-global-color-5)","background-image":"","background-repeat":"repeat","background-position":"center center","background-size":"auto","background-attachment":"scroll","background-type":"","background-media":"","overlay-type":"","overlay-color":"","overlay-opacity":"","overlay-gradient":""},"tablet":{"background-color":"","background-image":"","background-repeat":"repeat","background-position":"center center","background-size":"auto","background-attachment":"scroll","background-type":"","background-media":"","overlay-type":"","overlay-color":"","overlay-opacity":"","overlay-gradient":""},"mobile":{"background-color":"","background-image":"","background-repeat":"repeat","background-position":"center center","background-size":"auto","background-attachment":"scroll","background-type":"","background-media":"","overlay-type":"","overlay-color":"","overlay-opacity":"","overlay-gradient":""}},"ast-content-background-meta":{"desktop":{"background-color":"var(--ast-global-color-4)","background-image":"","background-repeat":"repeat","background-position":"center center","background-size":"auto","background-attachment":"scroll","background-type":"","background-media":"","overlay-type":"","overlay-color":"","overlay-opacity":"","overlay-gradient":""},"tablet":{"background-color":"var(--ast-global-color-4)","background-image":"","background-repeat":"repeat","background-position":"center center","background-size":"auto","background-attachment":"scroll","background-type":"","background-media":"","overlay-type":"","overlay-color":"","overlay-opacity":"","overlay-gradient":""},"mobile":{"background-color":"var(--ast-global-color-4)","background-image":"","background-repeat":"repeat","background-position":"center center","background-size":"auto","background-attachment":"scroll","background-type":"","background-media":"","overlay-type":"","overlay-color":"","overlay-opacity":"","overlay-gradient":""}}},"product_brand":[],"product_cat":[175],"product_tag":[463,761],"class_list":{"0":"post-89574","1":"product","2":"type-product","3":"status-publish","4":"has-post-thumbnail","6":"product_cat-enzymes","7":"product_tag-botrytis-fr","8":"product_tag-filtration-et-le-vieillissement-sur-lies","9":"pa_ecologico-autorise-nop-usda","10":"pa_estilo-de-vino-blanc","11":"pa_estilo-de-vino-petillant","12":"pa_estilo-de-vino-rose","13":"pa_estilo-de-vino-rouge","14":"pa_vegano-vegetalien","15":"desktop-align-left","16":"tablet-align-left","17":"mobile-align-left","19":"first","20":"instock","21":"virtual","22":"product-type-simple"},"acf":[],"_links":{"self":[{"href":"https:\/\/agrovin.com\/fr\/wp-json\/wp\/v2\/product\/89574","targetHints":{"allow":["GET"]}}],"collection":[{"href":"https:\/\/agrovin.com\/fr\/wp-json\/wp\/v2\/product"}],"about":[{"href":"https:\/\/agrovin.com\/fr\/wp-json\/wp\/v2\/types\/product"}],"version-history":[{"count":0,"href":"https:\/\/agrovin.com\/fr\/wp-json\/wp\/v2\/product\/89574\/revisions"}],"wp:featuredmedia":[{"embeddable":true,"href":"https:\/\/agrovin.com\/fr\/wp-json\/wp\/v2\/media\/22168"}],"wp:attachment":[{"href":"https:\/\/agrovin.com\/fr\/wp-json\/wp\/v2\/media?parent=89574"}],"wp:term":[{"taxonomy":"product_brand","embeddable":true,"href":"https:\/\/agrovin.com\/fr\/wp-json\/wp\/v2\/product_brand?post=89574"},{"taxonomy":"product_cat","embeddable":true,"href":"https:\/\/agrovin.com\/fr\/wp-json\/wp\/v2\/product_cat?post=89574"},{"taxonomy":"product_tag","embeddable":true,"href":"https:\/\/agrovin.com\/fr\/wp-json\/wp\/v2\/product_tag?post=89574"}],"curies":[{"name":"wp","href":"https:\/\/api.w.org\/{rel}","templated":true}]}}