{"id":89569,"date":"2018-03-11T16:34:53","date_gmt":"2022-11-04T16:58:17","guid":{"rendered":"https:\/\/staging.agrovin.com\/non%20class\u00e9\/acide-citrique\/"},"modified":"2022-11-10T14:05:46","modified_gmt":"2022-11-10T13:05:46","slug":"acide-citrique","status":"publish","type":"product","link":"https:\/\/agrovin.com\/fr\/produits-oenologiques\/acidifiant-desacidifiant\/acide-citrique\/","title":{"rendered":"ACIDE CITRIQUE"},"content":{"rendered":"<h3>CARACT\u00c9RISTIQUES<\/h3>\n<p>L&#8217;acide citrique forme des complexes naturels avec le Fe(III), son ajout peut donc renforcer cette action en s\u00e9questrant une certaine quantit\u00e9 du fer contenu dans le vin. L&#8217;acide citrique est une substance parfaitement soluble dans les vins, et on le trouve aussi naturellement dans les vins, surtout dans ceux qui n&#8217;ont pas subi de fermentation malolactique, car les bact\u00e9ries lactiques sont capables de le d\u00e9grader totalement.<\/p>\n<h3>APPLICATION<\/h3>\n<ul>\n<li>Pendant la r\u00e9colte, comme acidifiant du mo\u00fbt.<\/li>\n<li>Dans les vins blancs, ros\u00e9s et rouges pour la correction de l&#8217;acidit\u00e9 pendant le processus de vinification.<\/li>\n<li>Dans les boissons en g\u00e9n\u00e9ral, tant les boissons gazeuses que les boissons p\u00e9tillantes.<\/li>\n<li>Dans les bonbons, les fruits, les conserves de poisson, les glaces, les sucreries en g\u00e9n\u00e9ral, les sauces, les jus et sirops de fruits, etc.<\/li>\n<li>En raison de sa nature s\u00e9questrante, il peut \u00eatre utilis\u00e9 comme agent de nettoyage de l&#8217;acier inoxydable.<\/li>\n<\/ul>\n<h3>DOSAGE<\/h3>\n<ul>\n<li>Dosage 0,2 &#8211; 0,5 g\/l.<\/li>\n<\/ul>\n<p>Quantit\u00e9 maximale l\u00e9gale dans le vin 1 g\/l.<\/p>\n<p>&nbsp;<\/p>\n","protected":false},"excerpt":{"rendered":"<p>L&#8217;acide citrique (E-330) est un acidifiant pour corriger l&#8217;acidit\u00e9 des mo\u00fbts et des vins, et a \u00e9galement une action stabilisatrice en tant qu&#8217;antioxydant.<\/p>\n","protected":false},"featured_media":34406,"template":"","meta":{"_acf_changed":false,"inline_featured_image":false,"site-sidebar-layout":"default","site-content-layout":"default","ast-site-content-layout":"default","site-content-style":"default","site-sidebar-style":"default","ast-global-header-display":"","ast-banner-title-visibility":"","ast-main-header-display":"","ast-hfb-above-header-display":"","ast-hfb-below-header-display":"","ast-hfb-mobile-header-display":"","site-post-title":"","ast-breadcrumbs-content":"","ast-featured-img":"","footer-sml-layout":"","ast-disable-related-posts":"","theme-transparent-header-meta":"default","adv-header-id-meta":"","stick-header-meta":"","header-above-stick-meta":"","header-main-stick-meta":"","header-below-stick-meta":"","astra-migrate-meta-layouts":"default","ast-page-background-enabled":"default","ast-page-background-meta":{"desktop":{"background-color":"var(--ast-global-color-5)","background-image":"","background-repeat":"repeat","background-position":"center center","background-size":"auto","background-attachment":"scroll","background-type":"","background-media":"","overlay-type":"","overlay-color":"","overlay-opacity":"","overlay-gradient":""},"tablet":{"background-color":"","background-image":"","background-repeat":"repeat","background-position":"center center","background-size":"auto","background-attachment":"scroll","background-type":"","background-media":"","overlay-type":"","overlay-color":"","overlay-opacity":"","overlay-gradient":""},"mobile":{"background-color":"","background-image":"","background-repeat":"repeat","background-position":"center center","background-size":"auto","background-attachment":"scroll","background-type":"","background-media":"","overlay-type":"","overlay-color":"","overlay-opacity":"","overlay-gradient":""}},"ast-content-background-meta":{"desktop":{"background-color":"var(--ast-global-color-4)","background-image":"","background-repeat":"repeat","background-position":"center center","background-size":"auto","background-attachment":"scroll","background-type":"","background-media":"","overlay-type":"","overlay-color":"","overlay-opacity":"","overlay-gradient":""},"tablet":{"background-color":"var(--ast-global-color-4)","background-image":"","background-repeat":"repeat","background-position":"center center","background-size":"auto","background-attachment":"scroll","background-type":"","background-media":"","overlay-type":"","overlay-color":"","overlay-opacity":"","overlay-gradient":""},"mobile":{"background-color":"var(--ast-global-color-4)","background-image":"","background-repeat":"repeat","background-position":"center center","background-size":"auto","background-attachment":"scroll","background-type":"","background-media":"","overlay-type":"","overlay-color":"","overlay-opacity":"","overlay-gradient":""}}},"product_brand":[],"product_cat":[446],"product_tag":[447],"class_list":{"0":"post-89569","1":"product","2":"type-product","3":"status-publish","4":"has-post-thumbnail","6":"product_cat-acidifiant-desacidifiant","7":"product_tag-acidificantes-fr","8":"pa_ecologico-autorise-eu","9":"pa_ecologico-autorise-nop-usda","10":"pa_vegano-vegetalien","11":"desktop-align-left","12":"tablet-align-left","13":"mobile-align-left","15":"first","16":"instock","17":"virtual","18":"product-type-simple"},"acf":[],"_links":{"self":[{"href":"https:\/\/agrovin.com\/fr\/wp-json\/wp\/v2\/product\/89569","targetHints":{"allow":["GET"]}}],"collection":[{"href":"https:\/\/agrovin.com\/fr\/wp-json\/wp\/v2\/product"}],"about":[{"href":"https:\/\/agrovin.com\/fr\/wp-json\/wp\/v2\/types\/product"}],"version-history":[{"count":0,"href":"https:\/\/agrovin.com\/fr\/wp-json\/wp\/v2\/product\/89569\/revisions"}],"wp:featuredmedia":[{"embeddable":true,"href":"https:\/\/agrovin.com\/fr\/wp-json\/wp\/v2\/media\/34406"}],"wp:attachment":[{"href":"https:\/\/agrovin.com\/fr\/wp-json\/wp\/v2\/media?parent=89569"}],"wp:term":[{"taxonomy":"product_brand","embeddable":true,"href":"https:\/\/agrovin.com\/fr\/wp-json\/wp\/v2\/product_brand?post=89569"},{"taxonomy":"product_cat","embeddable":true,"href":"https:\/\/agrovin.com\/fr\/wp-json\/wp\/v2\/product_cat?post=89569"},{"taxonomy":"product_tag","embeddable":true,"href":"https:\/\/agrovin.com\/fr\/wp-json\/wp\/v2\/product_tag?post=89569"}],"curies":[{"name":"wp","href":"https:\/\/api.w.org\/{rel}","templated":true}]}}