{"id":89554,"date":"2018-03-08T16:32:51","date_gmt":"2022-11-04T16:57:53","guid":{"rendered":"https:\/\/staging.agrovin.com\/non%20class\u00e9\/tartaric-2-0\/"},"modified":"2022-11-06T11:48:10","modified_gmt":"2022-11-06T10:48:10","slug":"tartaric-2-0","status":"publish","type":"product","link":"https:\/\/agrovin.com\/fr\/produits-oenologiques\/acidifiant-desacidifiant\/tartaric-2-0\/","title":{"rendered":"TARTARIC 2.0"},"content":{"rendered":"<h3>CARACT\u00c9RISTIQUES<\/h3>\n<p>Il s&#8217;agit de l&#8217;acide dextro tartrique, de l&#8217;acide L(+)tartrique ou de l&#8217;acide tartrique naturel. Sa forme liquide le rend facile \u00e0 utiliser et garantit une utilisation compl\u00e8te du dosage utilis\u00e9.<\/p>\n<h3>APPLICATION<\/h3>\n<ul>\n<li>Pendant la r\u00e9colte, comme acidifiant du mo\u00fbt.<\/li>\n<li>Dans les vins blancs, ros\u00e9s et rouges pour la correction de l&#8217;acidit\u00e9 pendant le processus de vinification.<\/li>\n<\/ul>\n<h3>DOSAGE<\/h3>\n<ul>\n<li>Doit 100-300 ml\/hl<\/li>\n<li>Vin 100-500 ml\/hl<\/li>\n<\/ul>\n<p>Limite maximale d&#8217;acidification :<br \/>\n&#8211; Raisins frais, mo\u00fbt de raisin, mo\u00fbt de raisin en fermentation, mo\u00fbt de raisin partiellement ferment\u00e9 et vin nouveau encore en fermentation : 1,5 g\/l exprim\u00e9 en acide tartrique.<br \/>\n&#8211; Vin : 2,5 g\/l exprim\u00e9s en acide tartrique.<\/p>\n","protected":false},"excerpt":{"rendered":"<p>Acide tartrique en solution. L&#8217;acide tartrique (E-334) est un acidifiant destin\u00e9 \u00e0 corriger l&#8217;acidit\u00e9 des mo\u00fbts et des vins.<\/p>\n","protected":false},"featured_media":34370,"template":"","meta":{"_acf_changed":false,"inline_featured_image":false,"site-sidebar-layout":"default","site-content-layout":"default","ast-site-content-layout":"default","site-content-style":"default","site-sidebar-style":"default","ast-global-header-display":"","ast-banner-title-visibility":"","ast-main-header-display":"","ast-hfb-above-header-display":"","ast-hfb-below-header-display":"","ast-hfb-mobile-header-display":"","site-post-title":"","ast-breadcrumbs-content":"","ast-featured-img":"","footer-sml-layout":"","ast-disable-related-posts":"","theme-transparent-header-meta":"default","adv-header-id-meta":"","stick-header-meta":"","header-above-stick-meta":"","header-main-stick-meta":"","header-below-stick-meta":"","astra-migrate-meta-layouts":"default","ast-page-background-enabled":"default","ast-page-background-meta":{"desktop":{"background-color":"var(--ast-global-color-5)","background-image":"","background-repeat":"repeat","background-position":"center center","background-size":"auto","background-attachment":"scroll","background-type":"","background-media":"","overlay-type":"","overlay-color":"","overlay-opacity":"","overlay-gradient":""},"tablet":{"background-color":"","background-image":"","background-repeat":"repeat","background-position":"center center","background-size":"auto","background-attachment":"scroll","background-type":"","background-media":"","overlay-type":"","overlay-color":"","overlay-opacity":"","overlay-gradient":""},"mobile":{"background-color":"","background-image":"","background-repeat":"repeat","background-position":"center center","background-size":"auto","background-attachment":"scroll","background-type":"","background-media":"","overlay-type":"","overlay-color":"","overlay-opacity":"","overlay-gradient":""}},"ast-content-background-meta":{"desktop":{"background-color":"var(--ast-global-color-4)","background-image":"","background-repeat":"repeat","background-position":"center center","background-size":"auto","background-attachment":"scroll","background-type":"","background-media":"","overlay-type":"","overlay-color":"","overlay-opacity":"","overlay-gradient":""},"tablet":{"background-color":"var(--ast-global-color-4)","background-image":"","background-repeat":"repeat","background-position":"center center","background-size":"auto","background-attachment":"scroll","background-type":"","background-media":"","overlay-type":"","overlay-color":"","overlay-opacity":"","overlay-gradient":""},"mobile":{"background-color":"var(--ast-global-color-4)","background-image":"","background-repeat":"repeat","background-position":"center center","background-size":"auto","background-attachment":"scroll","background-type":"","background-media":"","overlay-type":"","overlay-color":"","overlay-opacity":"","overlay-gradient":""}}},"product_brand":[],"product_cat":[446],"product_tag":[447],"class_list":{"0":"post-89554","1":"product","2":"type-product","3":"status-publish","4":"has-post-thumbnail","6":"product_cat-acidifiant-desacidifiant","7":"product_tag-acidificantes-fr","8":"pa_ecologico-autorise-eu","9":"pa_ecologico-autorise-nop-usda","10":"pa_vegano-vegetalien","11":"desktop-align-left","12":"tablet-align-left","13":"mobile-align-left","15":"first","16":"instock","17":"virtual","18":"product-type-simple"},"acf":[],"_links":{"self":[{"href":"https:\/\/agrovin.com\/fr\/wp-json\/wp\/v2\/product\/89554","targetHints":{"allow":["GET"]}}],"collection":[{"href":"https:\/\/agrovin.com\/fr\/wp-json\/wp\/v2\/product"}],"about":[{"href":"https:\/\/agrovin.com\/fr\/wp-json\/wp\/v2\/types\/product"}],"version-history":[{"count":0,"href":"https:\/\/agrovin.com\/fr\/wp-json\/wp\/v2\/product\/89554\/revisions"}],"wp:featuredmedia":[{"embeddable":true,"href":"https:\/\/agrovin.com\/fr\/wp-json\/wp\/v2\/media\/34370"}],"wp:attachment":[{"href":"https:\/\/agrovin.com\/fr\/wp-json\/wp\/v2\/media?parent=89554"}],"wp:term":[{"taxonomy":"product_brand","embeddable":true,"href":"https:\/\/agrovin.com\/fr\/wp-json\/wp\/v2\/product_brand?post=89554"},{"taxonomy":"product_cat","embeddable":true,"href":"https:\/\/agrovin.com\/fr\/wp-json\/wp\/v2\/product_cat?post=89554"},{"taxonomy":"product_tag","embeddable":true,"href":"https:\/\/agrovin.com\/fr\/wp-json\/wp\/v2\/product_tag?post=89554"}],"curies":[{"name":"wp","href":"https:\/\/api.w.org\/{rel}","templated":true}]}}