{"id":89549,"date":"2018-03-12T16:18:55","date_gmt":"2022-11-04T16:57:45","guid":{"rendered":"https:\/\/staging.agrovin.com\/non%20class\u00e9\/enovin-chrom\/"},"modified":"2022-11-06T12:28:59","modified_gmt":"2022-11-06T11:28:59","slug":"enovin-crom","status":"publish","type":"product","link":"https:\/\/agrovin.com\/fr\/produits-oenologiques\/enzymes\/enovin-crom\/","title":{"rendered":"ENOVIN CROM"},"content":{"rendered":"<h3>CARACT\u00c9RISTIQUES<\/h3>\n<p>Il permet des mac\u00e9rations plus courtes, ce qui est souhaitable dans les mill\u00e9simes pr\u00e9sentant des pourritures ou lorsqu&#8217;on veut r\u00e9utiliser rapidement la cuve de fermentation.<\/p>\n<p>Il permet le compactage des lies et la r\u00e9alisation de la d\u00e9sobstruction ou de la clarification.<\/p>\n<h3>APPLICATION<\/h3>\n<ul>\n<li>Enovin CROM est l&#8217;enzyme indiqu\u00e9e pour la mac\u00e9ration des c\u00e9pages rouges, augmentant l&#8217;extraction de la mati\u00e8re polyph\u00e9nolique et aromatique de la vendange.<\/li>\n<li>Il peut \u00eatre appliqu\u00e9 sur la cuve de fermentation pendant le cuvage, ou directement sur les raisins avant ou apr\u00e8s le foulage.<\/li>\n<li>L&#8217;ajout de l&#8217;enzyme permet une auto-clarification rapide et une meilleure filtration.<\/li>\n<\/ul>\n<h3>DOSAGE<\/h3>\n<p>Mac\u00e9ration rouge : &gt; 2 ml\/100 kg<\/p>\n<p>Pressage : &gt; 4 ml\/100 kg<\/p>\n","protected":false},"excerpt":{"rendered":"<p>Enovin CROM est une pr\u00e9paration enzymatique liquide sp\u00e9cifiquement con\u00e7ue pour la mac\u00e9ration des raisins rouges, permettant une plus grande extraction des compos\u00e9s ph\u00e9noliques, une plus grande intensit\u00e9 aromatique, ainsi qu&#8217;une augmentation du rendement au pressage.<\/p>\n","protected":false},"featured_media":43939,"template":"","meta":{"_acf_changed":false,"inline_featured_image":false,"site-sidebar-layout":"default","site-content-layout":"default","ast-site-content-layout":"default","site-content-style":"default","site-sidebar-style":"default","ast-global-header-display":"","ast-banner-title-visibility":"","ast-main-header-display":"","ast-hfb-above-header-display":"","ast-hfb-below-header-display":"","ast-hfb-mobile-header-display":"","site-post-title":"","ast-breadcrumbs-content":"","ast-featured-img":"","footer-sml-layout":"","ast-disable-related-posts":"","theme-transparent-header-meta":"default","adv-header-id-meta":"","stick-header-meta":"","header-above-stick-meta":"","header-main-stick-meta":"","header-below-stick-meta":"","astra-migrate-meta-layouts":"default","ast-page-background-enabled":"default","ast-page-background-meta":{"desktop":{"background-color":"var(--ast-global-color-5)","background-image":"","background-repeat":"repeat","background-position":"center center","background-size":"auto","background-attachment":"scroll","background-type":"","background-media":"","overlay-type":"","overlay-color":"","overlay-opacity":"","overlay-gradient":""},"tablet":{"background-color":"","background-image":"","background-repeat":"repeat","background-position":"center center","background-size":"auto","background-attachment":"scroll","background-type":"","background-media":"","overlay-type":"","overlay-color":"","overlay-opacity":"","overlay-gradient":""},"mobile":{"background-color":"","background-image":"","background-repeat":"repeat","background-position":"center center","background-size":"auto","background-attachment":"scroll","background-type":"","background-media":"","overlay-type":"","overlay-color":"","overlay-opacity":"","overlay-gradient":""}},"ast-content-background-meta":{"desktop":{"background-color":"var(--ast-global-color-4)","background-image":"","background-repeat":"repeat","background-position":"center center","background-size":"auto","background-attachment":"scroll","background-type":"","background-media":"","overlay-type":"","overlay-color":"","overlay-opacity":"","overlay-gradient":""},"tablet":{"background-color":"var(--ast-global-color-4)","background-image":"","background-repeat":"repeat","background-position":"center center","background-size":"auto","background-attachment":"scroll","background-type":"","background-media":"","overlay-type":"","overlay-color":"","overlay-opacity":"","overlay-gradient":""},"mobile":{"background-color":"var(--ast-global-color-4)","background-image":"","background-repeat":"repeat","background-position":"center center","background-size":"auto","background-attachment":"scroll","background-type":"","background-media":"","overlay-type":"","overlay-color":"","overlay-opacity":"","overlay-gradient":""}}},"product_brand":[],"product_cat":[175],"product_tag":[475],"class_list":{"0":"post-89549","1":"product","2":"type-product","3":"status-publish","4":"has-post-thumbnail","6":"product_cat-enzymes","7":"product_tag-extraction-de-la-couleur","8":"pa_aplicacion-fa-et-fml","9":"pa_ecologico-autorise-eu","10":"pa_ecologico-autorise-nop-usda","11":"pa_estilo-de-vino-rouge","12":"pa_objetivo-extraction-des-couleurs","13":"pa_vegano-vegetalien","14":"desktop-align-left","15":"tablet-align-left","16":"mobile-align-left","18":"first","19":"instock","20":"virtual","21":"product-type-simple"},"acf":[],"_links":{"self":[{"href":"https:\/\/agrovin.com\/fr\/wp-json\/wp\/v2\/product\/89549","targetHints":{"allow":["GET"]}}],"collection":[{"href":"https:\/\/agrovin.com\/fr\/wp-json\/wp\/v2\/product"}],"about":[{"href":"https:\/\/agrovin.com\/fr\/wp-json\/wp\/v2\/types\/product"}],"version-history":[{"count":0,"href":"https:\/\/agrovin.com\/fr\/wp-json\/wp\/v2\/product\/89549\/revisions"}],"wp:featuredmedia":[{"embeddable":true,"href":"https:\/\/agrovin.com\/fr\/wp-json\/wp\/v2\/media\/43939"}],"wp:attachment":[{"href":"https:\/\/agrovin.com\/fr\/wp-json\/wp\/v2\/media?parent=89549"}],"wp:term":[{"taxonomy":"product_brand","embeddable":true,"href":"https:\/\/agrovin.com\/fr\/wp-json\/wp\/v2\/product_brand?post=89549"},{"taxonomy":"product_cat","embeddable":true,"href":"https:\/\/agrovin.com\/fr\/wp-json\/wp\/v2\/product_cat?post=89549"},{"taxonomy":"product_tag","embeddable":true,"href":"https:\/\/agrovin.com\/fr\/wp-json\/wp\/v2\/product_tag?post=89549"}],"curies":[{"name":"wp","href":"https:\/\/api.w.org\/{rel}","templated":true}]}}