{"id":89539,"date":"2018-03-12T15:38:17","date_gmt":"2022-11-04T16:57:27","guid":{"rendered":"https:\/\/staging.agrovin.com\/non%20class\u00e9\/enovin-clar\/"},"modified":"2023-03-13T12:33:35","modified_gmt":"2023-03-13T11:33:35","slug":"enovin-clar","status":"publish","type":"product","link":"https:\/\/agrovin.com\/fr\/produits-oenologiques\/enzymes\/enovin-clar\/","title":{"rendered":"ENOVIN CLAR"},"content":{"rendered":"<h3>APPLICATION<\/h3>\n<ul>\n<li>D\u00e9senvasement statique. L&#8217;ajout d&#8217;Enovin Clar acc\u00e9l\u00e8re la clarification du mo\u00fbt gr\u00e2ce \u00e0 la r\u00e9duction rapide de sa turbidit\u00e9.<\/li>\n<li>Il est efficace \u00e0 basse temp\u00e9rature et permet d&#8217;obtenir un fort compactage de la fraction solide au fond de la cuve.<\/li>\n<li>Les mo\u00fbts propres facilitent l&#8217;expression du potentiel aromatique du c\u00e9page.<\/li>\n<li>D\u00e9senvasement dynamique : l&#8217;utilisation d&#8217;Enovin Clar permet d&#8217;obtenir une diminution rapide de la viscosit\u00e9 du mo\u00fbt, ce qui permet d&#8217;obtenir des rendements plus \u00e9lev\u00e9s dans les filtres \u00e0 vide et les centrifugeuses, qui peuvent d\u00e9passer 50 %.<\/li>\n<li>Utilis\u00e9 en flottaison, il r\u00e9duit l&#8217;utilisation d&#8217;adjuvants.<\/li>\n<li>Facilite la clarification et la filtration des vins de presse.<\/li>\n<li>Traitement pr\u00e9ventif des mo\u00fbts atteints de pourriture. Appliqu\u00e9 avec Enovin Glucan (haute action \u03b2-glucanase) am\u00e9liore la pr\u00e9cipitation des collo\u00efdes et \u00e9vite les probl\u00e8mes ult\u00e9rieurs de clarification et de filtration.<\/li>\n<\/ul>\n<div class=\"page\" title=\"Page 1\">\n<div class=\"section\">\n<div class=\"layoutArea\">\n<div class=\"column\">\n<h3>DOSAGE<\/h3>\n<p>D\u00e9cong\u00e9lation : &gt; 1 g\/hl<\/p>\n<p>Centrifugation \/ Filtration : &gt; 2 g\/ hl<\/p>\n<p>Flottaison : &gt; 2 g\/ hl<\/p>\n<\/div>\n<\/div>\n<\/div>\n<\/div>\n","protected":false},"excerpt":{"rendered":"<p>Enovin Clar est une pr\u00e9paration enzymatique pectolytique qui hydrolyse s\u00e9lectivement les liaisons entre les substances pectiques pr\u00e9sentes dans la lamelle moyenne et la paroi cellulaire de la peau, r\u00e9duisant ainsi la viscosit\u00e9 du mo\u00fbt et facilitant la clarification et le d\u00e9bourbage des mo\u00fbts blancs et ros\u00e9s.<\/p>\n","protected":false},"featured_media":12382,"template":"","meta":{"_acf_changed":false,"inline_featured_image":false,"site-sidebar-layout":"default","site-content-layout":"default","ast-site-content-layout":"default","site-content-style":"default","site-sidebar-style":"default","ast-global-header-display":"","ast-banner-title-visibility":"","ast-main-header-display":"","ast-hfb-above-header-display":"","ast-hfb-below-header-display":"","ast-hfb-mobile-header-display":"","site-post-title":"","ast-breadcrumbs-content":"","ast-featured-img":"","footer-sml-layout":"","ast-disable-related-posts":"","theme-transparent-header-meta":"default","adv-header-id-meta":"","stick-header-meta":"","header-above-stick-meta":"","header-main-stick-meta":"","header-below-stick-meta":"","astra-migrate-meta-layouts":"default","ast-page-background-enabled":"default","ast-page-background-meta":{"desktop":{"background-color":"var(--ast-global-color-5)","background-image":"","background-repeat":"repeat","background-position":"center center","background-size":"auto","background-attachment":"scroll","background-type":"","background-media":"","overlay-type":"","overlay-color":"","overlay-opacity":"","overlay-gradient":""},"tablet":{"background-color":"","background-image":"","background-repeat":"repeat","background-position":"center center","background-size":"auto","background-attachment":"scroll","background-type":"","background-media":"","overlay-type":"","overlay-color":"","overlay-opacity":"","overlay-gradient":""},"mobile":{"background-color":"","background-image":"","background-repeat":"repeat","background-position":"center center","background-size":"auto","background-attachment":"scroll","background-type":"","background-media":"","overlay-type":"","overlay-color":"","overlay-opacity":"","overlay-gradient":""}},"ast-content-background-meta":{"desktop":{"background-color":"var(--ast-global-color-4)","background-image":"","background-repeat":"repeat","background-position":"center center","background-size":"auto","background-attachment":"scroll","background-type":"","background-media":"","overlay-type":"","overlay-color":"","overlay-opacity":"","overlay-gradient":""},"tablet":{"background-color":"var(--ast-global-color-4)","background-image":"","background-repeat":"repeat","background-position":"center center","background-size":"auto","background-attachment":"scroll","background-type":"","background-media":"","overlay-type":"","overlay-color":"","overlay-opacity":"","overlay-gradient":""},"mobile":{"background-color":"var(--ast-global-color-4)","background-image":"","background-repeat":"repeat","background-position":"center center","background-size":"auto","background-attachment":"scroll","background-type":"","background-media":"","overlay-type":"","overlay-color":"","overlay-opacity":"","overlay-gradient":""}}},"product_brand":[],"product_cat":[175],"product_tag":[569],"class_list":{"0":"post-89539","1":"product","2":"type-product","3":"status-publish","4":"has-post-thumbnail","6":"product_cat-enzymes","7":"product_tag-clarification-des-mouts","8":"pa_aplicacion-fa-et-fml","9":"pa_ecologico-autorise-eu","10":"pa_ecologico-autorise-nop-usda","11":"pa_estilo-de-vino-blanc","12":"pa_estilo-de-vino-rose","13":"pa_objetivo-aide-a-la-filtration","14":"pa_objetivo-flottation","15":"pa_vegano-vegetalien","16":"desktop-align-left","17":"tablet-align-left","18":"mobile-align-left","20":"first","21":"instock","22":"virtual","23":"product-type-simple"},"acf":[],"_links":{"self":[{"href":"https:\/\/agrovin.com\/fr\/wp-json\/wp\/v2\/product\/89539","targetHints":{"allow":["GET"]}}],"collection":[{"href":"https:\/\/agrovin.com\/fr\/wp-json\/wp\/v2\/product"}],"about":[{"href":"https:\/\/agrovin.com\/fr\/wp-json\/wp\/v2\/types\/product"}],"version-history":[{"count":0,"href":"https:\/\/agrovin.com\/fr\/wp-json\/wp\/v2\/product\/89539\/revisions"}],"wp:featuredmedia":[{"embeddable":true,"href":"https:\/\/agrovin.com\/fr\/wp-json\/wp\/v2\/media\/12382"}],"wp:attachment":[{"href":"https:\/\/agrovin.com\/fr\/wp-json\/wp\/v2\/media?parent=89539"}],"wp:term":[{"taxonomy":"product_brand","embeddable":true,"href":"https:\/\/agrovin.com\/fr\/wp-json\/wp\/v2\/product_brand?post=89539"},{"taxonomy":"product_cat","embeddable":true,"href":"https:\/\/agrovin.com\/fr\/wp-json\/wp\/v2\/product_cat?post=89539"},{"taxonomy":"product_tag","embeddable":true,"href":"https:\/\/agrovin.com\/fr\/wp-json\/wp\/v2\/product_tag?post=89539"}],"curies":[{"name":"wp","href":"https:\/\/api.w.org\/{rel}","templated":true}]}}