{"id":89529,"date":"2018-03-12T15:10:14","date_gmt":"2022-11-04T16:53:41","guid":{"rendered":"https:\/\/staging.agrovin.com\/non%20class\u00e9\/enozym-lux\/"},"modified":"2023-03-13T14:59:11","modified_gmt":"2023-03-13T13:59:11","slug":"enozym-lux","status":"publish","type":"product","link":"https:\/\/agrovin.com\/fr\/produits-oenologiques\/flottation\/enozym-lux\/","title":{"rendered":"ENOZYM LUX"},"content":{"rendered":"<h3>CARACT\u00c9RISTIQUES<\/h3>\n<p>La pectine lyase (PL) facilite le d\u00e9colmatage et acc\u00e9l\u00e8re la chute des solides. Le rendement de la clarification est augment\u00e9. Les raisins m\u00fbrs sont abondants en PME (Pectinm\u00e9thyl est\u00e9rase) et PG (Polygalacturonase) mais ne contiennent pas de PL. En incorporant cette activit\u00e9 enzymatique, on obtient des processus de clarification plus rapides.<\/p>\n<h3>APPLICATION<\/h3>\n<ul>\n<li>D\u00e9sembouage statique : permet un d\u00e9sembouage rapide et efficace et permet d&#8217;obtenir un fort compactage de la fraction solide au fond de la cuve.<\/li>\n<li>Mac\u00e9ration pelliculaire pr\u00e9fermentaire. Elle permet aux raisins blancs de mac\u00e9rer avant le pressage. Une extraction plus importante du contenu du film, et donc une extraction plus importante des pr\u00e9curseurs aromatiques.<\/li>\n<\/ul>\n","protected":false},"excerpt":{"rendered":"<p>Enozym LUX est une pr\u00e9paration liquide facile \u00e0 appliquer, hautement concentr\u00e9e en pectine lyase (PL) qui, \u00e0 tr\u00e8s faible dose, donne des mo\u00fbts clairs et \u00e0 haut rendement. Il permet d&#8217;obtenir une plus grande intensit\u00e9 et stabilit\u00e9 des ar\u00f4mes.<\/p>\n","protected":false},"featured_media":121699,"template":"","meta":{"_acf_changed":false,"inline_featured_image":false,"site-sidebar-layout":"default","site-content-layout":"default","ast-site-content-layout":"default","site-content-style":"default","site-sidebar-style":"default","ast-global-header-display":"","ast-banner-title-visibility":"","ast-main-header-display":"","ast-hfb-above-header-display":"","ast-hfb-below-header-display":"","ast-hfb-mobile-header-display":"","site-post-title":"","ast-breadcrumbs-content":"","ast-featured-img":"","footer-sml-layout":"","ast-disable-related-posts":"","theme-transparent-header-meta":"default","adv-header-id-meta":"","stick-header-meta":"","header-above-stick-meta":"","header-main-stick-meta":"","header-below-stick-meta":"","astra-migrate-meta-layouts":"default","ast-page-background-enabled":"default","ast-page-background-meta":{"desktop":{"background-color":"var(--ast-global-color-5)","background-image":"","background-repeat":"repeat","background-position":"center center","background-size":"auto","background-attachment":"scroll","background-type":"","background-media":"","overlay-type":"","overlay-color":"","overlay-opacity":"","overlay-gradient":""},"tablet":{"background-color":"","background-image":"","background-repeat":"repeat","background-position":"center center","background-size":"auto","background-attachment":"scroll","background-type":"","background-media":"","overlay-type":"","overlay-color":"","overlay-opacity":"","overlay-gradient":""},"mobile":{"background-color":"","background-image":"","background-repeat":"repeat","background-position":"center center","background-size":"auto","background-attachment":"scroll","background-type":"","background-media":"","overlay-type":"","overlay-color":"","overlay-opacity":"","overlay-gradient":""}},"ast-content-background-meta":{"desktop":{"background-color":"var(--ast-global-color-4)","background-image":"","background-repeat":"repeat","background-position":"center center","background-size":"auto","background-attachment":"scroll","background-type":"","background-media":"","overlay-type":"","overlay-color":"","overlay-opacity":"","overlay-gradient":""},"tablet":{"background-color":"var(--ast-global-color-4)","background-image":"","background-repeat":"repeat","background-position":"center center","background-size":"auto","background-attachment":"scroll","background-type":"","background-media":"","overlay-type":"","overlay-color":"","overlay-opacity":"","overlay-gradient":""},"mobile":{"background-color":"var(--ast-global-color-4)","background-image":"","background-repeat":"repeat","background-position":"center center","background-size":"auto","background-attachment":"scroll","background-type":"","background-media":"","overlay-type":"","overlay-color":"","overlay-opacity":"","overlay-gradient":""}}},"product_brand":[],"product_cat":[175,684],"product_tag":[569],"class_list":{"0":"post-89529","1":"product","2":"type-product","3":"status-publish","4":"has-post-thumbnail","6":"product_cat-enzymes","7":"product_cat-flottation","8":"product_tag-clarification-des-mouts","9":"pa_aplicacion-fa-et-fml","10":"pa_ecologico-autorise-eu","11":"pa_ecologico-autorise-nop-usda","12":"pa_estilo-de-vino-blanc","13":"pa_estilo-de-vino-rose","14":"pa_objetivo-aide-a-la-filtration","15":"pa_objetivo-flottation","16":"pa_vegano-vegetalien","17":"desktop-align-left","18":"tablet-align-left","19":"mobile-align-left","21":"first","22":"instock","23":"virtual","24":"product-type-simple"},"acf":[],"_links":{"self":[{"href":"https:\/\/agrovin.com\/fr\/wp-json\/wp\/v2\/product\/89529","targetHints":{"allow":["GET"]}}],"collection":[{"href":"https:\/\/agrovin.com\/fr\/wp-json\/wp\/v2\/product"}],"about":[{"href":"https:\/\/agrovin.com\/fr\/wp-json\/wp\/v2\/types\/product"}],"version-history":[{"count":0,"href":"https:\/\/agrovin.com\/fr\/wp-json\/wp\/v2\/product\/89529\/revisions"}],"wp:featuredmedia":[{"embeddable":true,"href":"https:\/\/agrovin.com\/fr\/wp-json\/wp\/v2\/media\/121699"}],"wp:attachment":[{"href":"https:\/\/agrovin.com\/fr\/wp-json\/wp\/v2\/media?parent=89529"}],"wp:term":[{"taxonomy":"product_brand","embeddable":true,"href":"https:\/\/agrovin.com\/fr\/wp-json\/wp\/v2\/product_brand?post=89529"},{"taxonomy":"product_cat","embeddable":true,"href":"https:\/\/agrovin.com\/fr\/wp-json\/wp\/v2\/product_cat?post=89529"},{"taxonomy":"product_tag","embeddable":true,"href":"https:\/\/agrovin.com\/fr\/wp-json\/wp\/v2\/product_tag?post=89529"}],"curies":[{"name":"wp","href":"https:\/\/api.w.org\/{rel}","templated":true}]}}