{"id":89524,"date":"2018-03-12T14:58:38","date_gmt":"2022-11-04T16:53:29","guid":{"rendered":"https:\/\/staging.agrovin.com\/non%20class\u00e9\/mannoplus\/"},"modified":"2022-11-06T16:05:07","modified_gmt":"2022-11-06T15:05:07","slug":"manoplus","status":"publish","type":"product","link":"https:\/\/agrovin.com\/fr\/produits-oenologiques\/polysaccharides-et-mannoproteines\/manoplus\/","title":{"rendered":"MANNOPLUS"},"content":{"rendered":"<h3>CARACT\u00c9RISTIQUES<\/h3>\n<ul>\n<li>Il contribue aux caract\u00e9ristiques sensorielles du vin, en lui apportant densit\u00e9, douceur et corps. Il polit les tannins agressifs, r\u00e9duisant ainsi l&#8217;astringence excessive. Chaux l&#8217;excessive tannicit\u00e9 du bois.<\/li>\n<li>Restaure l&#8217;\u00e9quilibre acide en augmentant la sensation positive en bouche.<\/li>\n<li>Am\u00e9liore la stabilit\u00e9 tartrique en emp\u00eachant la cristallisation des sels de l&#8217;acide tartrique.<\/li>\n<li>Am\u00e9liore la stabilit\u00e9 des prot\u00e9ines.<\/li>\n<li>Am\u00e9liore la stabilit\u00e9 des couleurs par la formation de collo\u00efdes protecteurs et de complexes stables avec les tanins.<\/li>\n<li>En seconde fermentation : augmentation du volume en bouche et persistance de la mousse.<\/li>\n<\/ul>\n<p>Gr\u00e2ce \u00e0 l&#8217;intervention organoleptique des mannoprot\u00e9ines, il apporte de la douceur et augmente consid\u00e9rablement la sensation de volume en bouche.<\/p>\n<p>Action rapide sur la sensation de volume dans la bouche. Il n&#8217;apporte pas de registre aromatique suppl\u00e9mentaire au vin.<\/p>\n<h3>APPLICATION<\/h3>\n<p>Pour les vins blancs et rouges. Application sur le vin fini, dernier traitement avant la mise en bouteille.<\/p>\n<ul>\n<li>Pour les vins \u00e0 filtrer : Le mannoplus est ajout\u00e9 au moins 24 heures avant la derni\u00e8re filtration. Mannoplus n&#8217;augmente pratiquement pas le taux de colmatage des vins bien pr\u00e9par\u00e9s. La microfiltration apr\u00e8s le traitement est inutile. Il est recommand\u00e9 de conna\u00eetre l&#8217;indice de colmatage avant de faire passer le vin par la microfiltration.<\/li>\n<li>Pour les vins qui ne doivent pas \u00eatre filtr\u00e9s : ajouter le Mannoplus 24 heures avant la mise en bouteille. Une fois que le vin a \u00e9t\u00e9 ajout\u00e9, il peut \u00eatre convenablement sulfit\u00e9 et mis en bouteille.<\/li>\n<li>Pour les vins mousseux : application en m\u00eame temps que la liqueur d&#8217;exp\u00e9dition.<\/li>\n<\/ul>\n<h3>DOSAGE<\/h3>\n<div class=\"page\" title=\"Page 2\">\n<div class=\"layoutArea\">\n<div class=\"column\">\n<p>Vin rouge : 5-15g \/hl<\/p>\n<p>Vin blanc : 2-10g\/ hl<\/p>\n<div class=\"page\" title=\"Page 2\">\n<div class=\"layoutArea\">\n<div class=\"column\">\n<p>Vin mousseux : 2-10g. hl<\/p>\n<\/div>\n<\/div>\n<\/div>\n<\/div>\n<\/div>\n<\/div>\n","protected":false},"excerpt":{"rendered":"<p>Mannoplus est une mannoprot\u00e9ine purifi\u00e9e, pr\u00e9par\u00e9e pour une application directe dans le vin. Contient 85-95% de mannoprot\u00e9ines solubles.<\/p>\n","protected":false},"featured_media":21109,"template":"","meta":{"_acf_changed":false,"inline_featured_image":false,"site-sidebar-layout":"default","site-content-layout":"default","ast-site-content-layout":"default","site-content-style":"default","site-sidebar-style":"default","ast-global-header-display":"","ast-banner-title-visibility":"","ast-main-header-display":"","ast-hfb-above-header-display":"","ast-hfb-below-header-display":"","ast-hfb-mobile-header-display":"","site-post-title":"","ast-breadcrumbs-content":"","ast-featured-img":"","footer-sml-layout":"","ast-disable-related-posts":"","theme-transparent-header-meta":"default","adv-header-id-meta":"","stick-header-meta":"","header-above-stick-meta":"","header-main-stick-meta":"","header-below-stick-meta":"","astra-migrate-meta-layouts":"default","ast-page-background-enabled":"default","ast-page-background-meta":{"desktop":{"background-color":"var(--ast-global-color-5)","background-image":"","background-repeat":"repeat","background-position":"center center","background-size":"auto","background-attachment":"scroll","background-type":"","background-media":"","overlay-type":"","overlay-color":"","overlay-opacity":"","overlay-gradient":""},"tablet":{"background-color":"","background-image":"","background-repeat":"repeat","background-position":"center center","background-size":"auto","background-attachment":"scroll","background-type":"","background-media":"","overlay-type":"","overlay-color":"","overlay-opacity":"","overlay-gradient":""},"mobile":{"background-color":"","background-image":"","background-repeat":"repeat","background-position":"center center","background-size":"auto","background-attachment":"scroll","background-type":"","background-media":"","overlay-type":"","overlay-color":"","overlay-opacity":"","overlay-gradient":""}},"ast-content-background-meta":{"desktop":{"background-color":"var(--ast-global-color-4)","background-image":"","background-repeat":"repeat","background-position":"center center","background-size":"auto","background-attachment":"scroll","background-type":"","background-media":"","overlay-type":"","overlay-color":"","overlay-opacity":"","overlay-gradient":""},"tablet":{"background-color":"var(--ast-global-color-4)","background-image":"","background-repeat":"repeat","background-position":"center center","background-size":"auto","background-attachment":"scroll","background-type":"","background-media":"","overlay-type":"","overlay-color":"","overlay-opacity":"","overlay-gradient":""},"mobile":{"background-color":"var(--ast-global-color-4)","background-image":"","background-repeat":"repeat","background-position":"center center","background-size":"auto","background-attachment":"scroll","background-type":"","background-media":"","overlay-type":"","overlay-color":"","overlay-opacity":"","overlay-gradient":""}}},"product_brand":[],"product_cat":[215],"product_tag":[419],"class_list":{"0":"post-89524","1":"product","2":"type-product","3":"status-publish","4":"has-post-thumbnail","6":"product_cat-polysaccharides-et-mannoproteines","7":"product_tag-ecorces-de-levure","8":"pa_ecologico-autorise-eu","9":"pa_ecologico-autorise-nop-usda","10":"pa_estilo-de-vino-blanc","11":"pa_estilo-de-vino-fut","12":"pa_estilo-de-vino-petillant","13":"pa_estilo-de-vino-rose","14":"pa_estilo-de-vino-rouge","15":"pa_objetivo-affiner","16":"pa_objetivo-amelioration-sensorielle","17":"pa_vegano-vegetalien","18":"desktop-align-left","19":"tablet-align-left","20":"mobile-align-left","22":"first","23":"instock","24":"virtual","25":"product-type-simple"},"acf":[],"_links":{"self":[{"href":"https:\/\/agrovin.com\/fr\/wp-json\/wp\/v2\/product\/89524","targetHints":{"allow":["GET"]}}],"collection":[{"href":"https:\/\/agrovin.com\/fr\/wp-json\/wp\/v2\/product"}],"about":[{"href":"https:\/\/agrovin.com\/fr\/wp-json\/wp\/v2\/types\/product"}],"version-history":[{"count":0,"href":"https:\/\/agrovin.com\/fr\/wp-json\/wp\/v2\/product\/89524\/revisions"}],"wp:featuredmedia":[{"embeddable":true,"href":"https:\/\/agrovin.com\/fr\/wp-json\/wp\/v2\/media\/21109"}],"wp:attachment":[{"href":"https:\/\/agrovin.com\/fr\/wp-json\/wp\/v2\/media?parent=89524"}],"wp:term":[{"taxonomy":"product_brand","embeddable":true,"href":"https:\/\/agrovin.com\/fr\/wp-json\/wp\/v2\/product_brand?post=89524"},{"taxonomy":"product_cat","embeddable":true,"href":"https:\/\/agrovin.com\/fr\/wp-json\/wp\/v2\/product_cat?post=89524"},{"taxonomy":"product_tag","embeddable":true,"href":"https:\/\/agrovin.com\/fr\/wp-json\/wp\/v2\/product_tag?post=89524"}],"curies":[{"name":"wp","href":"https:\/\/api.w.org\/{rel}","templated":true}]}}