{"id":89519,"date":"2018-03-12T12:27:56","date_gmt":"2018-03-12T12:27:56","guid":{"rendered":"https:\/\/staging.agrovin.com\/non%20class\u00e9\/superbouquet-mn\/"},"modified":"2024-08-23T13:07:28","modified_gmt":"2024-08-23T12:07:28","slug":"superbouquet-mn","status":"publish","type":"product","link":"https:\/\/agrovin.com\/fr\/produits-oenologiques\/polysaccharides-et-mannoproteines\/superbouquet-mn\/","title":{"rendered":"SUPERBOUQUET MN"},"content":{"rendered":"<div class=\"page\" title=\"Page 1\">\n<div class=\"section\">\n<div class=\"layoutArea\">\n<div class=\"column\">\n<h3>APPLICATION<\/h3>\n<p>Pour les vins blancs et rouges :<\/p>\n<p>Fermentation alcoolique et malolactique : augmentation du volume en bouche. Dans les rouges, il am\u00e9liore la stabilit\u00e9 de la mati\u00e8re colorante et apporte de l&#8217;onctuosit\u00e9 tannique.<\/p>\n<p>\u00c9levage sur lies : augmente le transfert des polysaccharides au cours de ce processus, tant en cuve qu&#8217;en barrique, ce qui accro\u00eet l&#8217;efficacit\u00e9 du b\u00e2tonnage ou du batonnage.<\/p>\n<p>Vin fini : structure et corps. Pour les vins mousseux :<\/p>\n<p>Deuxi\u00e8me fermentation : augmente le volume des lies, ce qui accro\u00eet la sensation de volume en bouche et la persistance de la mousse.<\/p>\n<h3>DOSAGE<\/h3>\n<div class=\"page\" title=\"Page 1\">\n<div class=\"section\">\n<div class=\"layoutArea\">\n<div class=\"column\">\n<p>\u00c9levage sur lies et vin fini : 20-40 g\/hl<\/p>\n<p>Vin mousseux : 10-30 g\/hl<\/p>\n<p>Dose maximale autoris\u00e9e 40 g\/hl<\/p>\n<\/div>\n<div class=\"column\">\n<p>&nbsp;<\/p>\n<\/div>\n<\/div>\n<\/div>\n<\/div>\n<\/div>\n<\/div>\n<\/div>\n<\/div>\n","protected":false},"excerpt":{"rendered":"<h5><span style=\"color: #333333;\">STYLE DE VIN :<\/span><\/h5>\n<p><img decoding=\"async\" class=\"alignnone size-full wp-image-4976\" src=\"https:\/\/agrovin.com\/wp-content\/uploads\/2018\/03\/blanco.png\" alt=\"\" width=\"50\" height=\"44\" \/><img decoding=\"async\" class=\"alignnone size-full wp-image-4979\" src=\"https:\/\/agrovin.com\/wp-content\/uploads\/2018\/03\/rosado.png\" alt=\"\" width=\"50\" height=\"44\" \/><img decoding=\"async\" class=\"alignnone size-full wp-image-4981\" src=\"https:\/\/agrovin.com\/wp-content\/uploads\/2018\/03\/espumoso.png\" alt=\"\" width=\"50\" height=\"44\" \/><img loading=\"lazy\" decoding=\"async\" class=\"alignnone size-full wp-image-4980\" src=\"https:\/\/agrovin.com\/wp-content\/uploads\/2018\/03\/tinto.png\" alt=\"\" width=\"50\" height=\"44\" \/><img loading=\"lazy\" decoding=\"async\" class=\"alignnone size-full wp-image-4975\" src=\"https:\/\/agrovin.com\/wp-content\/uploads\/2018\/03\/barrica.png\" alt=\"\" width=\"50\" height=\"44\" \/><\/p>\n<h5><span style=\"color: #333333;\">CARACT\u00c9RISTIQUES :<\/span><\/h5>\n<p>&#8211; Coques de levure, riches en polysaccharides de levure, repr\u00e9sentant 48-53 % en poids du produit. Teneur \u00e9lev\u00e9e en mannoprot\u00e9ines solubles (20-22%). Lib\u00e9ration rapide de polysaccharides et de mannoprot\u00e9ines. Il acc\u00e9l\u00e8re le vieillissement sur lies, sans accentuer les ar\u00f4mes de levure.<br \/>\n&#8211; Il contribue aux caract\u00e9ristiques sensorielles du vin, en polissant les tanins agressifs, en r\u00e9duisant l&#8217;astringence et en augmentant les sensations de corps et de volume en bouche.<br \/>\n&#8211; Augmente la persistance et la stabilit\u00e9 des ar\u00f4mes.<\/p>\n<p>&#8211; Am\u00e9liore la stabilit\u00e9 des couleurs.<\/p>\n<p>&#8211; Effet favorable sur la fermentation alcoolique et\/ou malolactique par d\u00e9toxification du mo\u00fbt\/vin.<\/p>\n","protected":false},"featured_media":52258,"template":"","meta":{"_acf_changed":false,"inline_featured_image":false,"site-sidebar-layout":"default","site-content-layout":"default","ast-site-content-layout":"default","site-content-style":"default","site-sidebar-style":"default","ast-global-header-display":"","ast-banner-title-visibility":"","ast-main-header-display":"","ast-hfb-above-header-display":"","ast-hfb-below-header-display":"","ast-hfb-mobile-header-display":"","site-post-title":"","ast-breadcrumbs-content":"","ast-featured-img":"","footer-sml-layout":"","ast-disable-related-posts":"","theme-transparent-header-meta":"default","adv-header-id-meta":"","stick-header-meta":"","header-above-stick-meta":"","header-main-stick-meta":"","header-below-stick-meta":"","astra-migrate-meta-layouts":"default","ast-page-background-enabled":"default","ast-page-background-meta":{"desktop":{"background-color":"var(--ast-global-color-5)","background-image":"","background-repeat":"repeat","background-position":"center center","background-size":"auto","background-attachment":"scroll","background-type":"","background-media":"","overlay-type":"","overlay-color":"","overlay-opacity":"","overlay-gradient":""},"tablet":{"background-color":"","background-image":"","background-repeat":"repeat","background-position":"center center","background-size":"auto","background-attachment":"scroll","background-type":"","background-media":"","overlay-type":"","overlay-color":"","overlay-opacity":"","overlay-gradient":""},"mobile":{"background-color":"","background-image":"","background-repeat":"repeat","background-position":"center center","background-size":"auto","background-attachment":"scroll","background-type":"","background-media":"","overlay-type":"","overlay-color":"","overlay-opacity":"","overlay-gradient":""}},"ast-content-background-meta":{"desktop":{"background-color":"var(--ast-global-color-4)","background-image":"","background-repeat":"repeat","background-position":"center center","background-size":"auto","background-attachment":"scroll","background-type":"","background-media":"","overlay-type":"","overlay-color":"","overlay-opacity":"","overlay-gradient":""},"tablet":{"background-color":"var(--ast-global-color-4)","background-image":"","background-repeat":"repeat","background-position":"center center","background-size":"auto","background-attachment":"scroll","background-type":"","background-media":"","overlay-type":"","overlay-color":"","overlay-opacity":"","overlay-gradient":""},"mobile":{"background-color":"var(--ast-global-color-4)","background-image":"","background-repeat":"repeat","background-position":"center center","background-size":"auto","background-attachment":"scroll","background-type":"","background-media":"","overlay-type":"","overlay-color":"","overlay-opacity":"","overlay-gradient":""}}},"product_brand":[],"product_cat":[215],"product_tag":[820,419],"class_list":{"0":"post-89519","1":"product","2":"type-product","3":"status-publish","4":"has-post-thumbnail","6":"product_cat-polysaccharides-et-mannoproteines","7":"product_tag-stabilite-aromatique-et-couleur","8":"product_tag-ecorces-de-levure","9":"pa_aplicacion-fa-et-fml","10":"pa_ecologico-autorise-eu","11":"pa_ecologico-autorise-nop-usda","12":"pa_estilo-de-vino-blanc","13":"pa_estilo-de-vino-fut","14":"pa_estilo-de-vino-petillant","15":"pa_estilo-de-vino-rose","16":"pa_estilo-de-vino-rouge","17":"pa_objetivo-affiner","18":"pa_objetivo-amelioration-sensorielle","19":"pa_vegano-vegetalien","20":"desktop-align-left","21":"tablet-align-left","22":"mobile-align-left","24":"first","25":"instock","26":"virtual","27":"product-type-simple"},"acf":[],"_links":{"self":[{"href":"https:\/\/agrovin.com\/fr\/wp-json\/wp\/v2\/product\/89519","targetHints":{"allow":["GET"]}}],"collection":[{"href":"https:\/\/agrovin.com\/fr\/wp-json\/wp\/v2\/product"}],"about":[{"href":"https:\/\/agrovin.com\/fr\/wp-json\/wp\/v2\/types\/product"}],"version-history":[{"count":1,"href":"https:\/\/agrovin.com\/fr\/wp-json\/wp\/v2\/product\/89519\/revisions"}],"predecessor-version":[{"id":116218,"href":"https:\/\/agrovin.com\/fr\/wp-json\/wp\/v2\/product\/89519\/revisions\/116218"}],"wp:featuredmedia":[{"embeddable":true,"href":"https:\/\/agrovin.com\/fr\/wp-json\/wp\/v2\/media\/52258"}],"wp:attachment":[{"href":"https:\/\/agrovin.com\/fr\/wp-json\/wp\/v2\/media?parent=89519"}],"wp:term":[{"taxonomy":"product_brand","embeddable":true,"href":"https:\/\/agrovin.com\/fr\/wp-json\/wp\/v2\/product_brand?post=89519"},{"taxonomy":"product_cat","embeddable":true,"href":"https:\/\/agrovin.com\/fr\/wp-json\/wp\/v2\/product_cat?post=89519"},{"taxonomy":"product_tag","embeddable":true,"href":"https:\/\/agrovin.com\/fr\/wp-json\/wp\/v2\/product_tag?post=89519"}],"curies":[{"name":"wp","href":"https:\/\/api.w.org\/{rel}","templated":true}]}}