{"id":89514,"date":"2018-03-12T15:34:32","date_gmt":"2022-11-04T16:53:06","guid":{"rendered":"https:\/\/staging.agrovin.com\/non%20class\u00e9\/pectinase-denovine\/"},"modified":"2022-11-06T15:21:08","modified_gmt":"2022-11-06T14:21:08","slug":"enovin-fl-pectinase","status":"publish","type":"product","link":"https:\/\/agrovin.com\/fr\/produits-oenologiques\/enzymes\/enovin-fl-pectinase\/","title":{"rendered":"ENOVIN PECTINASE"},"content":{"rendered":"<h3>CARACT\u00c9RISTIQUES<\/h3>\n<p>L&#8217;Enovin Pectinase hydrolyse s\u00e9lectivement les liaisons entre les substances pectiques pr\u00e9sentes dans la lamina moyenne et la paroi cellulaire de la peau.<\/p>\n<p>R\u00e9duit la viscosit\u00e9 des mo\u00fbts et des vins, acc\u00e9l\u00e8re le d\u00e9bourbage des mo\u00fbts blancs et ros\u00e9s et la clarification des vins. Dans les vins rouges, il facilite la d\u00e9sagr\u00e9gation de la paroi v\u00e9g\u00e9tale, anticipant l&#8217;extraction de la mati\u00e8re colorante.<\/p>\n<p>La pectinase Enovin est une pr\u00e9paration purifi\u00e9e qui ne contient aucune activit\u00e9 secondaire et est exempte d&#8217;activit\u00e9 cinnamyl esterase (FCE).<\/p>\n<h3>APPLICATION<\/h3>\n<ul>\n<li>D\u00e9sengorg\u00e9. L&#8217;ajout d&#8217;Enovin Pectinase acc\u00e9l\u00e8re la clarification du mo\u00fbt gr\u00e2ce \u00e0 la r\u00e9duction rapide de sa turbidit\u00e9. Il est efficace \u00e0 basse temp\u00e9rature et permet d&#8217;obtenir un fort compactage de la fraction solide au fond de la cuve.<\/li>\n<li>Mac\u00e9ration des raisins rouges : Enovin Pectinase acc\u00e9l\u00e8re l&#8217;extraction de la couleur par solubilisation de la paroi cellulaire.<\/li>\n<li>Hautement recommand\u00e9 dans les proc\u00e9d\u00e9s de d\u00e9tentes flash et de thermovinification, r\u00e9duisant drastiquement la viscosit\u00e9 apr\u00e8s traitement.<\/li>\n<li>Facilite la clarification et la filtration de tous les vins, y compris les vins de presse.<\/li>\n<\/ul>\n<div class=\"page\" title=\"Page 1\">\n<div class=\"section\">\n<div class=\"layoutArea\">\n<div class=\"column\">\n<h3>DOSAGE<\/h3>\n<p>D\u00e9bourbage : Vins blancs et ros\u00e9s : &gt; 2 ml\/hl<\/p>\n<p>Mac\u00e9ration (18-25oC) : Vins rouges : &gt; 2 ml\/100 kg<\/p>\n<p>D\u00e9tonation \u00e9clair (30-40oC) 5-10 min : &gt; 8 ml\/hl<\/p>\n<p>Thermomac\u00e9ration (50-55o) 30 -60 min : 3-5 ml\/hl<\/p>\n<p>Clarification et filtration : 4 ml\/hl<\/p>\n<\/div>\n<\/div>\n<\/div>\n<\/div>\n","protected":false},"excerpt":{"rendered":"<p>Enovin Pectinase est une pr\u00e9paration enzymatique liquide \u00e0 large spectre pour le traitement des mo\u00fbts et des vins.<\/p>\n","protected":false},"featured_media":43943,"template":"","meta":{"_acf_changed":false,"inline_featured_image":false,"site-sidebar-layout":"default","site-content-layout":"default","ast-site-content-layout":"default","site-content-style":"default","site-sidebar-style":"default","ast-global-header-display":"","ast-banner-title-visibility":"","ast-main-header-display":"","ast-hfb-above-header-display":"","ast-hfb-below-header-display":"","ast-hfb-mobile-header-display":"","site-post-title":"","ast-breadcrumbs-content":"","ast-featured-img":"","footer-sml-layout":"","ast-disable-related-posts":"","theme-transparent-header-meta":"default","adv-header-id-meta":"","stick-header-meta":"","header-above-stick-meta":"","header-main-stick-meta":"","header-below-stick-meta":"","astra-migrate-meta-layouts":"default","ast-page-background-enabled":"default","ast-page-background-meta":{"desktop":{"background-color":"var(--ast-global-color-5)","background-image":"","background-repeat":"repeat","background-position":"center center","background-size":"auto","background-attachment":"scroll","background-type":"","background-media":"","overlay-type":"","overlay-color":"","overlay-opacity":"","overlay-gradient":""},"tablet":{"background-color":"","background-image":"","background-repeat":"repeat","background-position":"center center","background-size":"auto","background-attachment":"scroll","background-type":"","background-media":"","overlay-type":"","overlay-color":"","overlay-opacity":"","overlay-gradient":""},"mobile":{"background-color":"","background-image":"","background-repeat":"repeat","background-position":"center center","background-size":"auto","background-attachment":"scroll","background-type":"","background-media":"","overlay-type":"","overlay-color":"","overlay-opacity":"","overlay-gradient":""}},"ast-content-background-meta":{"desktop":{"background-color":"var(--ast-global-color-4)","background-image":"","background-repeat":"repeat","background-position":"center center","background-size":"auto","background-attachment":"scroll","background-type":"","background-media":"","overlay-type":"","overlay-color":"","overlay-opacity":"","overlay-gradient":""},"tablet":{"background-color":"var(--ast-global-color-4)","background-image":"","background-repeat":"repeat","background-position":"center center","background-size":"auto","background-attachment":"scroll","background-type":"","background-media":"","overlay-type":"","overlay-color":"","overlay-opacity":"","overlay-gradient":""},"mobile":{"background-color":"var(--ast-global-color-4)","background-image":"","background-repeat":"repeat","background-position":"center center","background-size":"auto","background-attachment":"scroll","background-type":"","background-media":"","overlay-type":"","overlay-color":"","overlay-opacity":"","overlay-gradient":""}}},"product_brand":[],"product_cat":[175],"product_tag":[569,761],"class_list":{"0":"post-89514","1":"product","2":"type-product","3":"status-publish","4":"has-post-thumbnail","6":"product_cat-enzymes","7":"product_tag-clarification-des-mouts","8":"product_tag-filtration-et-le-vieillissement-sur-lies","9":"pa_aplicacion-fa-et-fml","10":"pa_ecologico-autorise-eu","11":"pa_ecologico-autorise-nop-usda","12":"pa_estilo-de-vino-blanc","13":"pa_estilo-de-vino-rose","14":"pa_estilo-de-vino-rouge","15":"pa_objetivo-aide-a-la-filtration","16":"pa_objetivo-flottation","17":"pa_vegano-vegetalien","18":"desktop-align-left","19":"tablet-align-left","20":"mobile-align-left","22":"first","23":"instock","24":"virtual","25":"product-type-simple"},"acf":[],"_links":{"self":[{"href":"https:\/\/agrovin.com\/fr\/wp-json\/wp\/v2\/product\/89514","targetHints":{"allow":["GET"]}}],"collection":[{"href":"https:\/\/agrovin.com\/fr\/wp-json\/wp\/v2\/product"}],"about":[{"href":"https:\/\/agrovin.com\/fr\/wp-json\/wp\/v2\/types\/product"}],"version-history":[{"count":0,"href":"https:\/\/agrovin.com\/fr\/wp-json\/wp\/v2\/product\/89514\/revisions"}],"wp:featuredmedia":[{"embeddable":true,"href":"https:\/\/agrovin.com\/fr\/wp-json\/wp\/v2\/media\/43943"}],"wp:attachment":[{"href":"https:\/\/agrovin.com\/fr\/wp-json\/wp\/v2\/media?parent=89514"}],"wp:term":[{"taxonomy":"product_brand","embeddable":true,"href":"https:\/\/agrovin.com\/fr\/wp-json\/wp\/v2\/product_brand?post=89514"},{"taxonomy":"product_cat","embeddable":true,"href":"https:\/\/agrovin.com\/fr\/wp-json\/wp\/v2\/product_cat?post=89514"},{"taxonomy":"product_tag","embeddable":true,"href":"https:\/\/agrovin.com\/fr\/wp-json\/wp\/v2\/product_tag?post=89514"}],"curies":[{"name":"wp","href":"https:\/\/api.w.org\/{rel}","templated":true}]}}