{"id":89509,"date":"2018-03-12T15:27:35","date_gmt":"2022-11-04T16:52:57","guid":{"rendered":"https:\/\/staging.agrovin.com\/non%20class\u00e9\/enzoym-extra-arome\/"},"modified":"2022-11-06T15:28:19","modified_gmt":"2022-11-06T14:28:19","slug":"enzoym-extra-arome","status":"publish","type":"product","link":"https:\/\/agrovin.com\/fr\/produits-oenologiques\/enzymes\/enzoym-extra-arome\/","title":{"rendered":"ENZOYM EXTRA AROME"},"content":{"rendered":"<h3>CARACT\u00c9RISTIQUES<\/h3>\n<p>Enozym EXTRA AROME est une pr\u00e9paration liquide, facile \u00e0 appliquer, tr\u00e8s concentr\u00e9e en pectine lyase (PL) qui, \u00e0 tr\u00e8s faible dose, donne des mo\u00fbts clairs et \u00e0 haut rendement. Il permet d&#8217;obtenir une plus grande intensit\u00e9 et stabilit\u00e9 des ar\u00f4mes.<\/p>\n<p>Incorpore une activit\u00e9 \u03b2-glucosidase, qui permet la lib\u00e9ration des pr\u00e9curseurs aromatiques lors de la fermentation alcoolique.<\/p>\n<p>Activit\u00e9s enzymatiques hautement purifi\u00e9es, limitant l&#8217;extraction des \u00e9l\u00e9ments herbac\u00e9s et contr\u00f4lant la lib\u00e9ration de m\u00e9thanol. Convient pour une utilisation directe sur les raisins entiers.<\/p>\n<p>En raison de sa concentration, il est efficace \u00e0 basse temp\u00e9rature (10o C) et \u00e0 tr\u00e8s faible dose.<\/p>\n<h3>APPLICATION<\/h3>\n<ul>\n<li>Mac\u00e9ration pelliculaire pr\u00e9fermentaire. Lib\u00e9ration de pr\u00e9curseurs aromatiques de nature glycosidique (terp\u00e8nes). Lorsqu&#8217;il est appliqu\u00e9 pendant la mac\u00e9ration des raisins blancs (avant le pressurage), il y a une plus grande extraction du contenu pelliculaire, et donc une plus grande extraction des pr\u00e9curseurs aromatiques qui peuvent se r\u00e9v\u00e9ler progressivement tout au long de la fermentation alcoolique.<\/li>\n<li>D\u00e9shydratation : permet une d\u00e9shydratation rapide et efficace et obtient un haut degr\u00e9 de compaction de la fraction solide.<\/li>\n<\/ul>\n<h3>DOSAGE<\/h3>\n<div class=\"page\" title=\"Page 1\">\n<div class=\"section\">\n<div class=\"layoutArea\">\n<div class=\"column\">\n<p>D\u00e9cong\u00e9lation : &gt; 0,4 ml \/hl<\/p>\n<p>Application sur raisins entiers dans le pressoir ou le mac\u00e9rateur : <span style=\"font-size: 16px;\">&gt;0.8ml\/100kg<\/span><\/p>\n<\/div>\n<\/div>\n<\/div>\n<\/div>\n","protected":false},"excerpt":{"rendered":"<p>Enozym EXTRA AROME est une pr\u00e9paration enzymatique sp\u00e9cifique pour l&#8217;extraction maximale des ar\u00f4mes vari\u00e9taux lors de la clarification du mo\u00fbt ou de la mac\u00e9ration pelliculaire des raisins blancs.<\/p>\n","protected":false},"featured_media":121691,"template":"","meta":{"_acf_changed":false,"inline_featured_image":false,"site-sidebar-layout":"default","site-content-layout":"default","ast-site-content-layout":"default","site-content-style":"default","site-sidebar-style":"default","ast-global-header-display":"","ast-banner-title-visibility":"","ast-main-header-display":"","ast-hfb-above-header-display":"","ast-hfb-below-header-display":"","ast-hfb-mobile-header-display":"","site-post-title":"","ast-breadcrumbs-content":"","ast-featured-img":"","footer-sml-layout":"","ast-disable-related-posts":"","theme-transparent-header-meta":"default","adv-header-id-meta":"","stick-header-meta":"","header-above-stick-meta":"","header-main-stick-meta":"","header-below-stick-meta":"","astra-migrate-meta-layouts":"default","ast-page-background-enabled":"default","ast-page-background-meta":{"desktop":{"background-color":"var(--ast-global-color-5)","background-image":"","background-repeat":"repeat","background-position":"center center","background-size":"auto","background-attachment":"scroll","background-type":"","background-media":"","overlay-type":"","overlay-color":"","overlay-opacity":"","overlay-gradient":""},"tablet":{"background-color":"","background-image":"","background-repeat":"repeat","background-position":"center center","background-size":"auto","background-attachment":"scroll","background-type":"","background-media":"","overlay-type":"","overlay-color":"","overlay-opacity":"","overlay-gradient":""},"mobile":{"background-color":"","background-image":"","background-repeat":"repeat","background-position":"center center","background-size":"auto","background-attachment":"scroll","background-type":"","background-media":"","overlay-type":"","overlay-color":"","overlay-opacity":"","overlay-gradient":""}},"ast-content-background-meta":{"desktop":{"background-color":"var(--ast-global-color-4)","background-image":"","background-repeat":"repeat","background-position":"center center","background-size":"auto","background-attachment":"scroll","background-type":"","background-media":"","overlay-type":"","overlay-color":"","overlay-opacity":"","overlay-gradient":""},"tablet":{"background-color":"var(--ast-global-color-4)","background-image":"","background-repeat":"repeat","background-position":"center center","background-size":"auto","background-attachment":"scroll","background-type":"","background-media":"","overlay-type":"","overlay-color":"","overlay-opacity":"","overlay-gradient":""},"mobile":{"background-color":"var(--ast-global-color-4)","background-image":"","background-repeat":"repeat","background-position":"center center","background-size":"auto","background-attachment":"scroll","background-type":"","background-media":"","overlay-type":"","overlay-color":"","overlay-opacity":"","overlay-gradient":""}}},"product_brand":[],"product_cat":[175],"product_tag":[261,569],"class_list":{"0":"post-89509","1":"product","2":"type-product","3":"status-publish","4":"has-post-thumbnail","6":"product_cat-enzymes","7":"product_tag-augmentation-des-aromatique","8":"product_tag-clarification-des-mouts","9":"pa_aplicacion-fa-et-fml","10":"pa_ecologico-autorise-eu","11":"pa_ecologico-autorise-nop-usda","12":"pa_estilo-de-vino-blanc","13":"pa_estilo-de-vino-rose","14":"pa_objetivo-extraction-aromatique","15":"pa_vegano-vegetalien","16":"desktop-align-left","17":"tablet-align-left","18":"mobile-align-left","20":"first","21":"instock","22":"virtual","23":"product-type-simple"},"acf":[],"_links":{"self":[{"href":"https:\/\/agrovin.com\/fr\/wp-json\/wp\/v2\/product\/89509","targetHints":{"allow":["GET"]}}],"collection":[{"href":"https:\/\/agrovin.com\/fr\/wp-json\/wp\/v2\/product"}],"about":[{"href":"https:\/\/agrovin.com\/fr\/wp-json\/wp\/v2\/types\/product"}],"version-history":[{"count":0,"href":"https:\/\/agrovin.com\/fr\/wp-json\/wp\/v2\/product\/89509\/revisions"}],"wp:featuredmedia":[{"embeddable":true,"href":"https:\/\/agrovin.com\/fr\/wp-json\/wp\/v2\/media\/121691"}],"wp:attachment":[{"href":"https:\/\/agrovin.com\/fr\/wp-json\/wp\/v2\/media?parent=89509"}],"wp:term":[{"taxonomy":"product_brand","embeddable":true,"href":"https:\/\/agrovin.com\/fr\/wp-json\/wp\/v2\/product_brand?post=89509"},{"taxonomy":"product_cat","embeddable":true,"href":"https:\/\/agrovin.com\/fr\/wp-json\/wp\/v2\/product_cat?post=89509"},{"taxonomy":"product_tag","embeddable":true,"href":"https:\/\/agrovin.com\/fr\/wp-json\/wp\/v2\/product_tag?post=89509"}],"curies":[{"name":"wp","href":"https:\/\/api.w.org\/{rel}","templated":true}]}}