{"id":89504,"date":"2018-03-12T12:25:39","date_gmt":"2022-11-04T16:52:49","guid":{"rendered":"https:\/\/staging.agrovin.com\/non%20class\u00e9\/manno-arome\/"},"modified":"2022-11-06T16:26:55","modified_gmt":"2022-11-06T15:26:55","slug":"mano-arome","status":"publish","type":"product","link":"https:\/\/agrovin.com\/fr\/produits-oenologiques\/polysaccharides-et-mannoproteines\/mano-arome\/","title":{"rendered":"MANNO AROME"},"content":{"rendered":"<h3>CARACT\u00c9RISTIQUES<\/h3>\n<p>Il s&#8217;agit d&#8217;une pr\u00e9paration \u00e0 base d&#8217;\u00e9corce de levure et de tanin ellagique provenant de ch\u00eanes s\u00e9lectionn\u00e9s. La combinaison des mannoprot\u00e9ines avec les tanins des bois nobles conf\u00e8re une double action aromatique et structurante sur les qualit\u00e9s sensorielles des vins rouges.<\/p>\n<p>Les \u00e9corces de levure sont une source de polysaccharides et de mannoprot\u00e9ines qui participent \u00e0 la protection collo\u00efdale de la fraction polyph\u00e9nolique, emp\u00eachant la pr\u00e9cipitation des mati\u00e8res colorantes.<\/p>\n<p>Ils contribuent \u00e9galement aux caract\u00e9ristiques sensorielles du vin, en polissant les tanins agressifs, en r\u00e9duisant l&#8217;astringence et en augmentant les sensations de corps et de volume en bouche.<\/p>\n<p>L&#8217;ajout de tanin de ch\u00eane ellagique am\u00e9liore la qualit\u00e9 sensorielle du vin, apportant des notes \u00e9l\u00e9gantes de vanille, de caramel et de chocolat.<\/p>\n<p>En outre, les tanins du ch\u00eane am\u00e9liorent la stabilit\u00e9 de la couleur et son \u00e9volution dans le temps. Ils offrent \u00e9galement une protection antioxydante au d\u00e9but de la mac\u00e9ration.<\/p>\n<h3>APPLICATION<\/h3>\n<p>Dans les vinifications o\u00f9 l&#8217;on souhaite une augmentation de la complexit\u00e9 aromatique avec des descripteurs caract\u00e9ristiques du ch\u00eane grill\u00e9 (chocolat, vanille, caramel, noix), une stabilit\u00e9 des mati\u00e8res colorantes et une plus grande douceur tannique.<\/p>\n<p>Propri\u00e9t\u00e9s :<\/p>\n<ul>\n<li>Ar\u00f4mes de ch\u00eane avec des descripteurs caract\u00e9ristiques (caf\u00e9 au lait, caramel, noix, pain grill\u00e9, chocolat, vanille) avec une grande int\u00e9gration avec l&#8217;ensemble du vin. -Il met en valeur les notes vari\u00e9tales et fruit\u00e9es.<\/li>\n<li>R\u00e9duit les sensations d&#8217;astringence et de verdure.<\/li>\n<li>Augmentation du volume et de la structure du vin.<\/li>\n<li>Stabilise la couleur.<\/li>\n<li>Action d\u00e9toxifiante.<\/li>\n<\/ul>\n<p>L&#8217;application de Manno Arome est recommand\u00e9e au d\u00e9but de la mac\u00e9ration afin que la formation des complexes polysaccharides-fractions colorantes commence le plus t\u00f4t possible, assurant les propri\u00e9t\u00e9s de volume et de structure en bouche et l&#8217;int\u00e9gration des ar\u00f4mes caract\u00e9ristiques du ch\u00eane.<\/p>\n<h3>DOSAGE<\/h3>\n<div class=\"page\" title=\"Page 2\">\n<div class=\"layoutArea\">\n<div class=\"column\">\n<p>Mo\u00fbt 20-50 g\/hl<\/p>\n<p>Dose maximale autoris\u00e9e 53,3 g\/hl<\/p>\n<\/div>\n<\/div>\n<\/div>\n","protected":false},"excerpt":{"rendered":"<p>Le Manno Arome apporte des notes caract\u00e9ristiques de ch\u00eane grill\u00e9 augmentant la complexit\u00e9 aromatique et la structure des vins.<\/p>\n","protected":false},"featured_media":21121,"template":"","meta":{"_acf_changed":false,"inline_featured_image":false,"site-sidebar-layout":"default","site-content-layout":"default","ast-site-content-layout":"default","site-content-style":"default","site-sidebar-style":"default","ast-global-header-display":"","ast-banner-title-visibility":"","ast-main-header-display":"","ast-hfb-above-header-display":"","ast-hfb-below-header-display":"","ast-hfb-mobile-header-display":"","site-post-title":"","ast-breadcrumbs-content":"","ast-featured-img":"","footer-sml-layout":"","ast-disable-related-posts":"","theme-transparent-header-meta":"default","adv-header-id-meta":"","stick-header-meta":"","header-above-stick-meta":"","header-main-stick-meta":"","header-below-stick-meta":"","astra-migrate-meta-layouts":"default","ast-page-background-enabled":"default","ast-page-background-meta":{"desktop":{"background-color":"var(--ast-global-color-5)","background-image":"","background-repeat":"repeat","background-position":"center center","background-size":"auto","background-attachment":"scroll","background-type":"","background-media":"","overlay-type":"","overlay-color":"","overlay-opacity":"","overlay-gradient":""},"tablet":{"background-color":"","background-image":"","background-repeat":"repeat","background-position":"center center","background-size":"auto","background-attachment":"scroll","background-type":"","background-media":"","overlay-type":"","overlay-color":"","overlay-opacity":"","overlay-gradient":""},"mobile":{"background-color":"","background-image":"","background-repeat":"repeat","background-position":"center center","background-size":"auto","background-attachment":"scroll","background-type":"","background-media":"","overlay-type":"","overlay-color":"","overlay-opacity":"","overlay-gradient":""}},"ast-content-background-meta":{"desktop":{"background-color":"var(--ast-global-color-4)","background-image":"","background-repeat":"repeat","background-position":"center center","background-size":"auto","background-attachment":"scroll","background-type":"","background-media":"","overlay-type":"","overlay-color":"","overlay-opacity":"","overlay-gradient":""},"tablet":{"background-color":"var(--ast-global-color-4)","background-image":"","background-repeat":"repeat","background-position":"center center","background-size":"auto","background-attachment":"scroll","background-type":"","background-media":"","overlay-type":"","overlay-color":"","overlay-opacity":"","overlay-gradient":""},"mobile":{"background-color":"var(--ast-global-color-4)","background-image":"","background-repeat":"repeat","background-position":"center center","background-size":"auto","background-attachment":"scroll","background-type":"","background-media":"","overlay-type":"","overlay-color":"","overlay-opacity":"","overlay-gradient":""}}},"product_brand":[],"product_cat":[215],"product_tag":[420,419],"class_list":{"0":"post-89504","1":"product","2":"type-product","3":"status-publish","4":"has-post-thumbnail","6":"product_cat-polysaccharides-et-mannoproteines","7":"product_tag-levadura-inactiva-fr","8":"product_tag-ecorces-de-levure","9":"pa_aplicacion-fa-et-fml","10":"pa_ecologico-autorise-eu","11":"pa_ecologico-autorise-nop-usda","12":"pa_estilo-de-vino-fut","13":"pa_estilo-de-vino-rouge","14":"pa_objetivo-augmentation-des-aromes-de-bois","15":"pa_vegano-vegetalien","16":"desktop-align-left","17":"tablet-align-left","18":"mobile-align-left","20":"first","21":"instock","22":"virtual","23":"product-type-simple"},"acf":[],"_links":{"self":[{"href":"https:\/\/agrovin.com\/fr\/wp-json\/wp\/v2\/product\/89504","targetHints":{"allow":["GET"]}}],"collection":[{"href":"https:\/\/agrovin.com\/fr\/wp-json\/wp\/v2\/product"}],"about":[{"href":"https:\/\/agrovin.com\/fr\/wp-json\/wp\/v2\/types\/product"}],"version-history":[{"count":0,"href":"https:\/\/agrovin.com\/fr\/wp-json\/wp\/v2\/product\/89504\/revisions"}],"wp:featuredmedia":[{"embeddable":true,"href":"https:\/\/agrovin.com\/fr\/wp-json\/wp\/v2\/media\/21121"}],"wp:attachment":[{"href":"https:\/\/agrovin.com\/fr\/wp-json\/wp\/v2\/media?parent=89504"}],"wp:term":[{"taxonomy":"product_brand","embeddable":true,"href":"https:\/\/agrovin.com\/fr\/wp-json\/wp\/v2\/product_brand?post=89504"},{"taxonomy":"product_cat","embeddable":true,"href":"https:\/\/agrovin.com\/fr\/wp-json\/wp\/v2\/product_cat?post=89504"},{"taxonomy":"product_tag","embeddable":true,"href":"https:\/\/agrovin.com\/fr\/wp-json\/wp\/v2\/product_tag?post=89504"}],"curies":[{"name":"wp","href":"https:\/\/api.w.org\/{rel}","templated":true}]}}