{"id":89485,"date":"2018-05-09T09:37:01","date_gmt":"2022-11-04T16:07:45","guid":{"rendered":"https:\/\/staging.agrovin.com\/non%20class\u00e9\/beco\/"},"modified":"2024-02-27T09:53:46","modified_gmt":"2024-02-27T08:53:46","slug":"beco","status":"publish","type":"product","link":"https:\/\/agrovin.com\/fr\/produits-oenologiques\/filtration\/beco\/","title":{"rendered":"BECO"},"content":{"rendered":"<h3><span style=\"color: #000000;\">CARACT\u00c9RISTIQUES<\/span><\/h3>\n<p>Les plaques de la s\u00e9rie standard BECO offrent une large gamme de plaques filtrantes comprenant des qualit\u00e9s nominales comprises entre 4,0 \u03bcm et 0,1 \u03bcm, ce qui permet leur utilisation pour une filtration grossi\u00e8re, pour une r\u00e9duction significative de la population microbienne des aliments liquides ou pour contribuer \u00e0 la stabilit\u00e9 microbiologique des aliments liquides. La filtration sur plaques est souvent l&#8217;\u00e9tape pr\u00e9alable \u00e0 la filtration par st\u00e9rilisation sur membrane ou l&#8217;\u00e9tape en amont d&#8217;un processus d&#8217;ultrafiltration. Ils exercent leur effet filtrant dans la zone ant\u00e9rieure et profonde de la structure du mat\u00e9riau (filtration statique en profondeur).<br \/>\nLa qualit\u00e9 et la pr\u00e9paration des mati\u00e8res premi\u00e8res utilis\u00e9es garantissent toujours une bonne efficacit\u00e9 de clarification et des rendements \u00e9lev\u00e9s. La porosit\u00e9 de ces plaques est obtenue par le m\u00e9lange de mat\u00e9riaux grossiers et fins, dont la proportion est pr\u00e9d\u00e9termin\u00e9e pour chaque type de plaque.<br \/>\nLes plaques filtrantes BECO ont des pores asym\u00e9triques : les grands pores sont situ\u00e9s du c\u00f4t\u00e9 de l&#8217;entr\u00e9e du filtre, les petits pores sont situ\u00e9s du c\u00f4t\u00e9 de la sortie, o\u00f9 le mat\u00e9riau devient plus dense.<br \/>\nLe syst\u00e8me de filtration en profondeur offre un certain nombre d&#8217;avantages par rapport aux autres m\u00e9thodes de filtration avec les plaques filtrantes BECO :<br \/>\nLes syst\u00e8mes de filtration par tamisage sont combin\u00e9s avec l&#8217;effet d&#8217;adsorption.<br \/>\nLa structure diff\u00e9renci\u00e9e des pores, selon le type de filtre, et la surface int\u00e9rieure maximale assurent toujours une bonne efficacit\u00e9 de clarification et des performances \u00e9lev\u00e9es.<\/p>\n","protected":false},"excerpt":{"rendered":"<p>&nbsp;<\/p>\n<p class=\"textosbloque\">Plaques filtrantes de la s\u00e9rie BECO pour l&#8217;industrie alimentaire et viticole. Les plaques de la s\u00e9rie BECO peuvent \u00eatre utilis\u00e9es pour la filtration de tout aliment liquide, de la filtration grossi\u00e8re \u00e0 la filtration visant une r\u00e9duction significative de la population microbienne.<\/p>\n<p class=\"textosbloque\">Types de plaques BECO en fonction de la perm\u00e9abilit\u00e9 et des microns nominaux.<\/p>\n","protected":false},"featured_media":14592,"template":"","meta":{"_acf_changed":false,"inline_featured_image":false,"site-sidebar-layout":"default","site-content-layout":"default","ast-site-content-layout":"default","site-content-style":"default","site-sidebar-style":"default","ast-global-header-display":"","ast-banner-title-visibility":"","ast-main-header-display":"","ast-hfb-above-header-display":"","ast-hfb-below-header-display":"","ast-hfb-mobile-header-display":"","site-post-title":"","ast-breadcrumbs-content":"","ast-featured-img":"","footer-sml-layout":"","ast-disable-related-posts":"","theme-transparent-header-meta":"default","adv-header-id-meta":"","stick-header-meta":"","header-above-stick-meta":"","header-main-stick-meta":"","header-below-stick-meta":"","astra-migrate-meta-layouts":"default","ast-page-background-enabled":"default","ast-page-background-meta":{"desktop":{"background-color":"var(--ast-global-color-5)","background-image":"","background-repeat":"repeat","background-position":"center center","background-size":"auto","background-attachment":"scroll","background-type":"","background-media":"","overlay-type":"","overlay-color":"","overlay-opacity":"","overlay-gradient":""},"tablet":{"background-color":"","background-image":"","background-repeat":"repeat","background-position":"center center","background-size":"auto","background-attachment":"scroll","background-type":"","background-media":"","overlay-type":"","overlay-color":"","overlay-opacity":"","overlay-gradient":""},"mobile":{"background-color":"","background-image":"","background-repeat":"repeat","background-position":"center center","background-size":"auto","background-attachment":"scroll","background-type":"","background-media":"","overlay-type":"","overlay-color":"","overlay-opacity":"","overlay-gradient":""}},"ast-content-background-meta":{"desktop":{"background-color":"var(--ast-global-color-4)","background-image":"","background-repeat":"repeat","background-position":"center center","background-size":"auto","background-attachment":"scroll","background-type":"","background-media":"","overlay-type":"","overlay-color":"","overlay-opacity":"","overlay-gradient":""},"tablet":{"background-color":"var(--ast-global-color-4)","background-image":"","background-repeat":"repeat","background-position":"center center","background-size":"auto","background-attachment":"scroll","background-type":"","background-media":"","overlay-type":"","overlay-color":"","overlay-opacity":"","overlay-gradient":""},"mobile":{"background-color":"var(--ast-global-color-4)","background-image":"","background-repeat":"repeat","background-position":"center center","background-size":"auto","background-attachment":"scroll","background-type":"","background-media":"","overlay-type":"","overlay-color":"","overlay-opacity":"","overlay-gradient":""}}},"product_brand":[],"product_cat":[357],"product_tag":[],"class_list":{"0":"post-89485","1":"product","2":"type-product","3":"status-publish","4":"has-post-thumbnail","6":"product_cat-filtration","7":"desktop-align-left","8":"tablet-align-left","9":"mobile-align-left","11":"first","12":"instock","13":"virtual","14":"product-type-simple"},"acf":[],"_links":{"self":[{"href":"https:\/\/agrovin.com\/fr\/wp-json\/wp\/v2\/product\/89485","targetHints":{"allow":["GET"]}}],"collection":[{"href":"https:\/\/agrovin.com\/fr\/wp-json\/wp\/v2\/product"}],"about":[{"href":"https:\/\/agrovin.com\/fr\/wp-json\/wp\/v2\/types\/product"}],"version-history":[{"count":0,"href":"https:\/\/agrovin.com\/fr\/wp-json\/wp\/v2\/product\/89485\/revisions"}],"wp:featuredmedia":[{"embeddable":true,"href":"https:\/\/agrovin.com\/fr\/wp-json\/wp\/v2\/media\/14592"}],"wp:attachment":[{"href":"https:\/\/agrovin.com\/fr\/wp-json\/wp\/v2\/media?parent=89485"}],"wp:term":[{"taxonomy":"product_brand","embeddable":true,"href":"https:\/\/agrovin.com\/fr\/wp-json\/wp\/v2\/product_brand?post=89485"},{"taxonomy":"product_cat","embeddable":true,"href":"https:\/\/agrovin.com\/fr\/wp-json\/wp\/v2\/product_cat?post=89485"},{"taxonomy":"product_tag","embeddable":true,"href":"https:\/\/agrovin.com\/fr\/wp-json\/wp\/v2\/product_tag?post=89485"}],"curies":[{"name":"wp","href":"https:\/\/api.w.org\/{rel}","templated":true}]}}