{"id":89480,"date":"2018-05-08T07:44:09","date_gmt":"2022-11-04T16:07:37","guid":{"rendered":"https:\/\/staging.agrovin.com\/non%20class\u00e9\/microstab-ph\/"},"modified":"2025-06-25T10:46:02","modified_gmt":"2025-06-25T08:46:02","slug":"microstab-ph","status":"publish","type":"product","link":"https:\/\/agrovin.com\/fr\/produits-oenologiques\/controle-microbiologique\/microstab-ph\/","title":{"rendered":"MICROSTAB PH"},"content":{"rendered":"<h4>CARACT\u00c9RISTIQUES<\/h4>\n<p>Microstab pH est un stabilisateur avec une activit\u00e9 antimicrobienne qui limite le d\u00e9veloppement des populations d&#8217;alt\u00e9ration. Son utilisation permet :<br \/>\nContr\u00f4le de la fermentation malolactique (FML) : dans les mo\u00fbts blancs et ros\u00e9s, il peut \u00eatre utilis\u00e9 pour retarder ou inhiber la FML sans affecter le d\u00e9veloppement normal de la fermentation alcoolique.<\/p>\n<p>R\u00e9duire l&#8217;impact sensoriel n\u00e9gatif caus\u00e9 par des contaminations microbiennes ind\u00e9sirables (acidit\u00e9 volatile, amines biog\u00e8nes, ph\u00e9nols volatils).<\/p>\n<p>Sa grande capacit\u00e9 antimicrobienne r\u00e9duit les niveaux de SO2 pendant le traitement.<\/p>\n<h4>APPLICATION<\/h4>\n<p>-A la r\u00e9colte, comme antimicrobien, avec une capacit\u00e9 d&#8217;acidification du mo\u00fbt.<br \/>\n-Dans les mo\u00fbts et les vins pour limiter le d\u00e9veloppement de la flore contaminante. Son effet antimicrobien permet de r\u00e9duire la dose de soufre.<\/p>\n<h4>COMPOSITION<\/h4>\n<p>Formulation liquide \u00e0 base de chitosan d&#8217;origine fongique et d&#8217;acide L (+) tartrique (E-334).<\/p>\n<h4>DOSAGE<\/h4>\n<p>Le mo\u00fbt et le vin. 200-400 ml\/hl<br \/>\nDes doses de 200 ml\/hl augmentent l&#8217;acidit\u00e9 totale de \u22481 g\/l .<br \/>\nDose maximale l\u00e9galement admissible : 400 ml\/hl<\/p>\n<h4>MODE D&#8217;EMPLOI<\/h4>\n<p>Application sur les raisins :<br \/>\nAjouter la quantit\u00e9 totale correspondant au volume de raisins \u00e0 incorporer dans la tr\u00e9mie de r\u00e9ception, apr\u00e8s le foulage et l&#8217;\u00e9grappage ou lors du remplissage du pressoir ou du mac\u00e9rateur.<br \/>\nApplication sur le mo\u00fbt ou le vin :<br \/>\nAjouter la quantit\u00e9 totale correspondant \u00e0 la totalit\u00e9 du mo\u00fbt ou du vin \u00e0 traiter, en veillant \u00e0 une homog\u00e9n\u00e9isation totale. L&#8217;ajout de la pr\u00e9paration \u00e0 l&#8217;aide d&#8217;une pompe doseuse assure une distribution uniforme du produit.<\/p>\n","protected":false},"excerpt":{"rendered":"<p>Microstab pH est un stabilisateur avec une activit\u00e9 antimicrobienne qui limite le d\u00e9veloppement des populations d&#8217;alt\u00e9ration. Son utilisation permet :<br \/>\nContr\u00f4le de la fermentation malolactique (FML) : dans les mo\u00fbts blancs et ros\u00e9s, il peut \u00eatre utilis\u00e9 pour retarder ou inhiber la FML sans affecter le d\u00e9veloppement normal de la fermentation alcoolique.<\/p>\n<p>R\u00e9duire l&#8217;impact sensoriel n\u00e9gatif caus\u00e9 par des contaminations microbiennes ind\u00e9sirables (acidit\u00e9 volatile, amines biog\u00e8nes, ph\u00e9nols volatils).<br \/>\nSa grande capacit\u00e9 antimicrobienne r\u00e9duit les niveaux de SO2 pendant le traitement.<\/p>\n","protected":false},"featured_media":14462,"template":"","meta":{"_acf_changed":false,"inline_featured_image":false,"site-sidebar-layout":"default","site-content-layout":"default","ast-site-content-layout":"default","site-content-style":"default","site-sidebar-style":"default","ast-global-header-display":"","ast-banner-title-visibility":"","ast-main-header-display":"","ast-hfb-above-header-display":"","ast-hfb-below-header-display":"","ast-hfb-mobile-header-display":"","site-post-title":"","ast-breadcrumbs-content":"","ast-featured-img":"","footer-sml-layout":"","ast-disable-related-posts":"","theme-transparent-header-meta":"default","adv-header-id-meta":"","stick-header-meta":"","header-above-stick-meta":"","header-main-stick-meta":"","header-below-stick-meta":"","astra-migrate-meta-layouts":"set","ast-page-background-enabled":"default","ast-page-background-meta":{"desktop":{"background-color":"var(--ast-global-color-5)","background-image":"","background-repeat":"repeat","background-position":"center center","background-size":"auto","background-attachment":"scroll","background-type":"","background-media":"","overlay-type":"","overlay-color":"","overlay-opacity":"","overlay-gradient":""},"tablet":{"background-color":"","background-image":"","background-repeat":"repeat","background-position":"center center","background-size":"auto","background-attachment":"scroll","background-type":"","background-media":"","overlay-type":"","overlay-color":"","overlay-opacity":"","overlay-gradient":""},"mobile":{"background-color":"","background-image":"","background-repeat":"repeat","background-position":"center center","background-size":"auto","background-attachment":"scroll","background-type":"","background-media":"","overlay-type":"","overlay-color":"","overlay-opacity":"","overlay-gradient":""}},"ast-content-background-meta":{"desktop":{"background-color":"var(--ast-global-color-4)","background-image":"","background-repeat":"repeat","background-position":"center center","background-size":"auto","background-attachment":"scroll","background-type":"","background-media":"","overlay-type":"","overlay-color":"","overlay-opacity":"","overlay-gradient":""},"tablet":{"background-color":"var(--ast-global-color-4)","background-image":"","background-repeat":"repeat","background-position":"center center","background-size":"auto","background-attachment":"scroll","background-type":"","background-media":"","overlay-type":"","overlay-color":"","overlay-opacity":"","overlay-gradient":""},"mobile":{"background-color":"var(--ast-global-color-4)","background-image":"","background-repeat":"repeat","background-position":"center center","background-size":"auto","background-attachment":"scroll","background-type":"","background-media":"","overlay-type":"","overlay-color":"","overlay-opacity":"","overlay-gradient":""}}},"product_brand":[],"product_cat":[887],"product_tag":[],"class_list":{"0":"post-89480","1":"product","2":"type-product","3":"status-publish","4":"has-post-thumbnail","6":"product_cat-controle-microbiologique","7":"pa_aplicacion-fa-et-fml","8":"pa_aplicacion-raisin-et-mout","9":"pa_ecologico-autorise-eu","10":"pa_estilo-de-vino-blanc","11":"pa_estilo-de-vino-fut","12":"pa_estilo-de-vino-petillant","13":"pa_estilo-de-vino-rose","14":"pa_estilo-de-vino-rouge","15":"pa_objetivo-protection-microbiologique","16":"pa_objetivo-stabilisation","17":"pa_vegano-vegetalien","18":"desktop-align-left","19":"tablet-align-left","20":"mobile-align-left","22":"first","23":"instock","24":"virtual","25":"product-type-simple"},"acf":[],"_links":{"self":[{"href":"https:\/\/agrovin.com\/fr\/wp-json\/wp\/v2\/product\/89480","targetHints":{"allow":["GET"]}}],"collection":[{"href":"https:\/\/agrovin.com\/fr\/wp-json\/wp\/v2\/product"}],"about":[{"href":"https:\/\/agrovin.com\/fr\/wp-json\/wp\/v2\/types\/product"}],"version-history":[{"count":1,"href":"https:\/\/agrovin.com\/fr\/wp-json\/wp\/v2\/product\/89480\/revisions"}],"predecessor-version":[{"id":120340,"href":"https:\/\/agrovin.com\/fr\/wp-json\/wp\/v2\/product\/89480\/revisions\/120340"}],"wp:featuredmedia":[{"embeddable":true,"href":"https:\/\/agrovin.com\/fr\/wp-json\/wp\/v2\/media\/14462"}],"wp:attachment":[{"href":"https:\/\/agrovin.com\/fr\/wp-json\/wp\/v2\/media?parent=89480"}],"wp:term":[{"taxonomy":"product_brand","embeddable":true,"href":"https:\/\/agrovin.com\/fr\/wp-json\/wp\/v2\/product_brand?post=89480"},{"taxonomy":"product_cat","embeddable":true,"href":"https:\/\/agrovin.com\/fr\/wp-json\/wp\/v2\/product_cat?post=89480"},{"taxonomy":"product_tag","embeddable":true,"href":"https:\/\/agrovin.com\/fr\/wp-json\/wp\/v2\/product_tag?post=89480"}],"curies":[{"name":"wp","href":"https:\/\/api.w.org\/{rel}","templated":true}]}}