{"id":89470,"date":"2018-04-23T14:33:48","date_gmt":"2022-11-04T16:07:22","guid":{"rendered":"https:\/\/staging.agrovin.com\/non%20class\u00e9\/freek-r2w-concentre\/"},"modified":"2024-10-29T17:06:10","modified_gmt":"2024-10-29T15:06:10","slug":"freek-r2w-concentre","status":"publish","type":"product","link":"https:\/\/agrovin.com\/fr\/produits-oenologiques\/autres\/freek-r2w-concentre\/","title":{"rendered":"FREEK R2W CONCENTR\u00c9"},"content":{"rendered":"<h3>CARACT\u00c9RISTIQUES<\/h3>\n<p>Avec le syst\u00e8me de d\u00e9coloration propos\u00e9, il n&#8217;est pas n\u00e9cessaire de remplacer la r\u00e9sine et la m\u00eame colonne peut \u00eatre utilis\u00e9e pour les traitements du vin blanc apr\u00e8s ceux du vin ros\u00e9 ou rouge.<\/p>\n<h3>APPLICATION<\/h3>\n<p>Freek\u207a R2W est un produit sp\u00e9cifique pour la d\u00e9coloration des r\u00e9sines \u00e9changeuses de cations dans les syst\u00e8mes FreeK\u207a.<\/p>\n<h3>DOSAGE<\/h3>\n<div class=\"page\" title=\"Page 1\">\n<div class=\"layoutArea\">\n<div class=\"column\">\n<p>Diluez 2 carafes (40 litres) de d\u00e9tergent FreeK+ R2W dans 210 litres d&#8217;eau.<\/p>\n<\/div>\n<\/div>\n<\/div>\n","protected":false},"excerpt":{"rendered":"<p>Le traitement avec le Syst\u00e8me FreeK\u207a des vins ros\u00e9s ou rouges provoque l&#8217;adsorption des anthocyanes sur les r\u00e9sines, pour pouvoir travailler avec des vins blancs apr\u00e8s le traitement des premiers il est n\u00e9cessaire d&#8217;effectuer une d\u00e9coloration en utilisant le produit FreeK\u207a R2W Concentrate.<\/p>\n","protected":false},"featured_media":34785,"template":"","meta":{"_acf_changed":false,"inline_featured_image":false,"site-sidebar-layout":"default","site-content-layout":"default","ast-site-content-layout":"default","site-content-style":"default","site-sidebar-style":"default","ast-global-header-display":"","ast-banner-title-visibility":"","ast-main-header-display":"","ast-hfb-above-header-display":"","ast-hfb-below-header-display":"","ast-hfb-mobile-header-display":"","site-post-title":"","ast-breadcrumbs-content":"","ast-featured-img":"","footer-sml-layout":"","ast-disable-related-posts":"","theme-transparent-header-meta":"default","adv-header-id-meta":"","stick-header-meta":"","header-above-stick-meta":"","header-main-stick-meta":"","header-below-stick-meta":"","astra-migrate-meta-layouts":"set","ast-page-background-enabled":"default","ast-page-background-meta":{"desktop":{"background-color":"var(--ast-global-color-5)","background-image":"","background-repeat":"repeat","background-position":"center center","background-size":"auto","background-attachment":"scroll","background-type":"","background-media":"","overlay-type":"","overlay-color":"","overlay-opacity":"","overlay-gradient":""},"tablet":{"background-color":"","background-image":"","background-repeat":"repeat","background-position":"center center","background-size":"auto","background-attachment":"scroll","background-type":"","background-media":"","overlay-type":"","overlay-color":"","overlay-opacity":"","overlay-gradient":""},"mobile":{"background-color":"","background-image":"","background-repeat":"repeat","background-position":"center center","background-size":"auto","background-attachment":"scroll","background-type":"","background-media":"","overlay-type":"","overlay-color":"","overlay-opacity":"","overlay-gradient":""}},"ast-content-background-meta":{"desktop":{"background-color":"var(--ast-global-color-4)","background-image":"","background-repeat":"repeat","background-position":"center center","background-size":"auto","background-attachment":"scroll","background-type":"","background-media":"","overlay-type":"","overlay-color":"","overlay-opacity":"","overlay-gradient":""},"tablet":{"background-color":"var(--ast-global-color-4)","background-image":"","background-repeat":"repeat","background-position":"center center","background-size":"auto","background-attachment":"scroll","background-type":"","background-media":"","overlay-type":"","overlay-color":"","overlay-opacity":"","overlay-gradient":""},"mobile":{"background-color":"var(--ast-global-color-4)","background-image":"","background-repeat":"repeat","background-position":"center center","background-size":"auto","background-attachment":"scroll","background-type":"","background-media":"","overlay-type":"","overlay-color":"","overlay-opacity":"","overlay-gradient":""}}},"product_brand":[],"product_cat":[1398],"product_tag":[647],"class_list":{"0":"post-89470","1":"product","2":"type-product","3":"status-publish","4":"has-post-thumbnail","6":"product_cat-autres","7":"product_tag-exchange-resins-fr","8":"desktop-align-left","9":"tablet-align-left","10":"mobile-align-left","12":"first","13":"instock","14":"shipping-taxable","15":"product-type-simple"},"acf":[],"_links":{"self":[{"href":"https:\/\/agrovin.com\/fr\/wp-json\/wp\/v2\/product\/89470","targetHints":{"allow":["GET"]}}],"collection":[{"href":"https:\/\/agrovin.com\/fr\/wp-json\/wp\/v2\/product"}],"about":[{"href":"https:\/\/agrovin.com\/fr\/wp-json\/wp\/v2\/types\/product"}],"version-history":[{"count":1,"href":"https:\/\/agrovin.com\/fr\/wp-json\/wp\/v2\/product\/89470\/revisions"}],"predecessor-version":[{"id":117005,"href":"https:\/\/agrovin.com\/fr\/wp-json\/wp\/v2\/product\/89470\/revisions\/117005"}],"wp:featuredmedia":[{"embeddable":true,"href":"https:\/\/agrovin.com\/fr\/wp-json\/wp\/v2\/media\/34785"}],"wp:attachment":[{"href":"https:\/\/agrovin.com\/fr\/wp-json\/wp\/v2\/media?parent=89470"}],"wp:term":[{"taxonomy":"product_brand","embeddable":true,"href":"https:\/\/agrovin.com\/fr\/wp-json\/wp\/v2\/product_brand?post=89470"},{"taxonomy":"product_cat","embeddable":true,"href":"https:\/\/agrovin.com\/fr\/wp-json\/wp\/v2\/product_cat?post=89470"},{"taxonomy":"product_tag","embeddable":true,"href":"https:\/\/agrovin.com\/fr\/wp-json\/wp\/v2\/product_tag?post=89470"}],"curies":[{"name":"wp","href":"https:\/\/api.w.org\/{rel}","templated":true}]}}