{"id":89445,"date":"2018-04-20T07:27:35","date_gmt":"2022-11-04T16:06:46","guid":{"rendered":"https:\/\/staging.agrovin.com\/non%20class\u00e9\/hydroxyde-de-sodium-25\/"},"modified":"2025-09-30T16:12:28","modified_gmt":"2025-09-30T14:12:28","slug":"hidroxido-sodico-25","status":"publish","type":"product","link":"https:\/\/agrovin.com\/fr\/produits-oenologiques\/autres\/hidroxido-sodico-25\/","title":{"rendered":"HIDR\u00d3XIDO S\u00d3DICO 25%"},"content":{"rendered":"<h2>CARACT\u00c9RISTIQUES<\/h2>\n<ul>\n<li>Liquide incolore.<\/li>\n<li>Soluble dans l&#8217;eau.<\/li>\n<li>D\u00e9tergent liquide fortement alcalin.<\/li>\n<li>Bonne capacit\u00e9 de mouillage augmentant sa p\u00e9n\u00e9tration et la dissolution des salet\u00e9s.<\/li>\n<li>Il ne produit pas de mousse, ce qui facilite le rin\u00e7age ult\u00e9rieur.<\/li>\n<li>Il peut \u00eatre dos\u00e9 automatiquement.<\/li>\n<li>Compatible avec l&#8217;acier inoxydable, le fer, le verre, le carrelage et les rev\u00eatements \u00e9poxy r\u00e9sistants aux alcalis.<\/li>\n<\/ul>\n<h2>APPLICATIONS<\/h2>\n<ul>\n<li>Nettoyage int\u00e9rieur de divers conteneurs : citernes, tonneaux et autres conteneurs.<\/li>\n<li>Nettoyage des sols fortement huil\u00e9s.<\/li>\n<li>Tunnels de lavage automatique pour caisses, plateaux, etc.<\/li>\n<li>Nettoyage des machines (centrifugeuses).<\/li>\n<li>Lavage des bouteilles.<\/li>\n<li>Solution de neutralisation pour le syst\u00e8me FreeK\u207a.<\/li>\n<\/ul>\n<h3>DOSAGE<\/h3>\n<div class=\"page\" title=\"Page 1\">\n<div class=\"layoutArea\">\n<div class=\"column\">\n<p>Le dosage \u00e0 appliquer d\u00e9pend de la surface ou du r\u00e9cipient sur lequel il doit \u00eatre utilis\u00e9, ainsi que du degr\u00e9 de propret\u00e9 souhait\u00e9.<\/p>\n<\/div>\n<\/div>\n<\/div>\n","protected":false},"excerpt":{"rendered":"<p>L&#8217;hydroxyde de sodium (NaOH), \u00e9galement connu sous le nom de soude caustique, est un hydroxyde caustique largement utilis\u00e9 dans l&#8217;industrie, principalement comme base chimique.<\/p>\n","protected":false},"featured_media":34818,"template":"","meta":{"_acf_changed":false,"inline_featured_image":false,"site-sidebar-layout":"default","site-content-layout":"default","ast-site-content-layout":"default","site-content-style":"default","site-sidebar-style":"default","ast-global-header-display":"","ast-banner-title-visibility":"","ast-main-header-display":"","ast-hfb-above-header-display":"","ast-hfb-below-header-display":"","ast-hfb-mobile-header-display":"","site-post-title":"","ast-breadcrumbs-content":"","ast-featured-img":"","footer-sml-layout":"","ast-disable-related-posts":"","theme-transparent-header-meta":"default","adv-header-id-meta":"","stick-header-meta":"","header-above-stick-meta":"","header-main-stick-meta":"","header-below-stick-meta":"","astra-migrate-meta-layouts":"set","ast-page-background-enabled":"default","ast-page-background-meta":{"desktop":{"background-color":"var(--ast-global-color-5)","background-image":"","background-repeat":"repeat","background-position":"center center","background-size":"auto","background-attachment":"scroll","background-type":"","background-media":"","overlay-type":"","overlay-color":"","overlay-opacity":"","overlay-gradient":""},"tablet":{"background-color":"","background-image":"","background-repeat":"repeat","background-position":"center center","background-size":"auto","background-attachment":"scroll","background-type":"","background-media":"","overlay-type":"","overlay-color":"","overlay-opacity":"","overlay-gradient":""},"mobile":{"background-color":"","background-image":"","background-repeat":"repeat","background-position":"center center","background-size":"auto","background-attachment":"scroll","background-type":"","background-media":"","overlay-type":"","overlay-color":"","overlay-opacity":"","overlay-gradient":""}},"ast-content-background-meta":{"desktop":{"background-color":"var(--ast-global-color-4)","background-image":"","background-repeat":"repeat","background-position":"center center","background-size":"auto","background-attachment":"scroll","background-type":"","background-media":"","overlay-type":"","overlay-color":"","overlay-opacity":"","overlay-gradient":""},"tablet":{"background-color":"var(--ast-global-color-4)","background-image":"","background-repeat":"repeat","background-position":"center center","background-size":"auto","background-attachment":"scroll","background-type":"","background-media":"","overlay-type":"","overlay-color":"","overlay-opacity":"","overlay-gradient":""},"mobile":{"background-color":"var(--ast-global-color-4)","background-image":"","background-repeat":"repeat","background-position":"center center","background-size":"auto","background-attachment":"scroll","background-type":"","background-media":"","overlay-type":"","overlay-color":"","overlay-opacity":"","overlay-gradient":""}}},"product_brand":[],"product_cat":[1398],"product_tag":[],"class_list":{"0":"post-89445","1":"product","2":"type-product","3":"status-publish","4":"has-post-thumbnail","6":"product_cat-autres","7":"desktop-align-left","8":"tablet-align-left","9":"mobile-align-left","11":"first","12":"instock","13":"shipping-taxable","14":"product-type-simple"},"acf":[],"_links":{"self":[{"href":"https:\/\/agrovin.com\/fr\/wp-json\/wp\/v2\/product\/89445","targetHints":{"allow":["GET"]}}],"collection":[{"href":"https:\/\/agrovin.com\/fr\/wp-json\/wp\/v2\/product"}],"about":[{"href":"https:\/\/agrovin.com\/fr\/wp-json\/wp\/v2\/types\/product"}],"version-history":[{"count":1,"href":"https:\/\/agrovin.com\/fr\/wp-json\/wp\/v2\/product\/89445\/revisions"}],"predecessor-version":[{"id":122162,"href":"https:\/\/agrovin.com\/fr\/wp-json\/wp\/v2\/product\/89445\/revisions\/122162"}],"wp:featuredmedia":[{"embeddable":true,"href":"https:\/\/agrovin.com\/fr\/wp-json\/wp\/v2\/media\/34818"}],"wp:attachment":[{"href":"https:\/\/agrovin.com\/fr\/wp-json\/wp\/v2\/media?parent=89445"}],"wp:term":[{"taxonomy":"product_brand","embeddable":true,"href":"https:\/\/agrovin.com\/fr\/wp-json\/wp\/v2\/product_brand?post=89445"},{"taxonomy":"product_cat","embeddable":true,"href":"https:\/\/agrovin.com\/fr\/wp-json\/wp\/v2\/product_cat?post=89445"},{"taxonomy":"product_tag","embeddable":true,"href":"https:\/\/agrovin.com\/fr\/wp-json\/wp\/v2\/product_tag?post=89445"}],"curies":[{"name":"wp","href":"https:\/\/api.w.org\/{rel}","templated":true}]}}