{"id":89435,"date":"2018-04-20T09:40:58","date_gmt":"2022-11-04T16:06:32","guid":{"rendered":"https:\/\/staging.agrovin.com\/non%20class\u00e9\/compakcel-300\/"},"modified":"2025-09-30T16:17:49","modified_gmt":"2025-09-30T14:17:49","slug":"compakcel-300","status":"publish","type":"product","link":"https:\/\/agrovin.com\/fr\/produits-oenologiques\/filtration\/compakcel-300\/","title":{"rendered":"COMPAKCEL 300"},"content":{"rendered":"<h3>CARACT\u00c9RISTIQUES<\/h3>\n<ul>\n<li>Efficacit\u00e9 de filtration accrue.<\/li>\n<li>Am\u00e9liore la stabilit\u00e9 de la pr\u00e9-couche pendant la filtration et la performance pond\u00e9rale du filtrat.<\/li>\n<li>Mouillage rapide en r\u00e9duisant le temps de formation du pr\u00e9-couche.<\/li>\n<li>R\u00e9partition homog\u00e8ne de la pr\u00e9-couche sur toute la surface du filtre.<\/li>\n<li>Pouvoir d&#8217;adsorption \u00e9lev\u00e9 de l&#8217;humidit\u00e9 et des collo\u00efdes en suspension, gr\u00e2ce \u00e0 la surface sp\u00e9cifique \u00e9lev\u00e9e du produit et \u00e0 sa chimie de surface sp\u00e9ciale.<\/li>\n<li>R\u00e9sistance aux chocs de pression, notamment dans les filtres \u00e0 plaques verticales. -S\u00e9paration facile de la pr\u00e9-couche \u00e0 la fin de la filtration, m\u00eame dans les filtres \u00e0 d\u00e9charge automatique.<\/li>\n<\/ul>\n<h3>APPLICATION<\/h3>\n<p>Certaines des applications de Compakcel sont :<\/p>\n<ul>\n<li>\u00c9limination de l&#8217;humidit\u00e9 et des mati\u00e8res solides dans les huiles comestibles.<\/li>\n<li>\u00c9limination de l&#8217;humidit\u00e9 et des mati\u00e8res solides des huiles industrielles.<\/li>\n<li>Filtration des jus et des concentr\u00e9s.<\/li>\n<li>\u00c9limination des graisses dans les liquides aqueux.<\/li>\n<li>Filtration grossi\u00e8re des liquides alimentaires en g\u00e9n\u00e9ral.<\/li>\n<li>Assistant de filtration dans l&#8217;industrie pharmaceutique et chimique.<\/li>\n<\/ul>\n","protected":false},"excerpt":{"rendered":"<p>Compakcel est un auxiliaire de filtration \u00e0 utiliser dans le processus de pr\u00e9-couchage, avant le d\u00e9but de la filtration, am\u00e9liorant la formation de la filtration.<\/p>\n","protected":false},"featured_media":34797,"template":"","meta":{"_acf_changed":false,"inline_featured_image":false,"site-sidebar-layout":"default","site-content-layout":"default","ast-site-content-layout":"default","site-content-style":"default","site-sidebar-style":"default","ast-global-header-display":"","ast-banner-title-visibility":"","ast-main-header-display":"","ast-hfb-above-header-display":"","ast-hfb-below-header-display":"","ast-hfb-mobile-header-display":"","site-post-title":"","ast-breadcrumbs-content":"","ast-featured-img":"","footer-sml-layout":"","ast-disable-related-posts":"","theme-transparent-header-meta":"default","adv-header-id-meta":"","stick-header-meta":"","header-above-stick-meta":"","header-main-stick-meta":"","header-below-stick-meta":"","astra-migrate-meta-layouts":"set","ast-page-background-enabled":"default","ast-page-background-meta":{"desktop":{"background-color":"var(--ast-global-color-5)","background-image":"","background-repeat":"repeat","background-position":"center center","background-size":"auto","background-attachment":"scroll","background-type":"","background-media":"","overlay-type":"","overlay-color":"","overlay-opacity":"","overlay-gradient":""},"tablet":{"background-color":"","background-image":"","background-repeat":"repeat","background-position":"center center","background-size":"auto","background-attachment":"scroll","background-type":"","background-media":"","overlay-type":"","overlay-color":"","overlay-opacity":"","overlay-gradient":""},"mobile":{"background-color":"","background-image":"","background-repeat":"repeat","background-position":"center center","background-size":"auto","background-attachment":"scroll","background-type":"","background-media":"","overlay-type":"","overlay-color":"","overlay-opacity":"","overlay-gradient":""}},"ast-content-background-meta":{"desktop":{"background-color":"var(--ast-global-color-4)","background-image":"","background-repeat":"repeat","background-position":"center center","background-size":"auto","background-attachment":"scroll","background-type":"","background-media":"","overlay-type":"","overlay-color":"","overlay-opacity":"","overlay-gradient":""},"tablet":{"background-color":"var(--ast-global-color-4)","background-image":"","background-repeat":"repeat","background-position":"center center","background-size":"auto","background-attachment":"scroll","background-type":"","background-media":"","overlay-type":"","overlay-color":"","overlay-opacity":"","overlay-gradient":""},"mobile":{"background-color":"var(--ast-global-color-4)","background-image":"","background-repeat":"repeat","background-position":"center center","background-size":"auto","background-attachment":"scroll","background-type":"","background-media":"","overlay-type":"","overlay-color":"","overlay-opacity":"","overlay-gradient":""}}},"product_brand":[],"product_cat":[357],"product_tag":[656],"class_list":{"0":"post-89435","1":"product","2":"type-product","3":"status-publish","4":"has-post-thumbnail","6":"product_cat-filtration","7":"product_tag-actives-de-silicate-et-de-la-cellulose","8":"pa_ecologico-autorise-eu","9":"pa_ecologico-autorise-nop-usda","10":"desktop-align-left","11":"tablet-align-left","12":"mobile-align-left","14":"first","15":"instock","16":"virtual","17":"product-type-simple"},"acf":[],"_links":{"self":[{"href":"https:\/\/agrovin.com\/fr\/wp-json\/wp\/v2\/product\/89435","targetHints":{"allow":["GET"]}}],"collection":[{"href":"https:\/\/agrovin.com\/fr\/wp-json\/wp\/v2\/product"}],"about":[{"href":"https:\/\/agrovin.com\/fr\/wp-json\/wp\/v2\/types\/product"}],"version-history":[{"count":1,"href":"https:\/\/agrovin.com\/fr\/wp-json\/wp\/v2\/product\/89435\/revisions"}],"predecessor-version":[{"id":122166,"href":"https:\/\/agrovin.com\/fr\/wp-json\/wp\/v2\/product\/89435\/revisions\/122166"}],"wp:featuredmedia":[{"embeddable":true,"href":"https:\/\/agrovin.com\/fr\/wp-json\/wp\/v2\/media\/34797"}],"wp:attachment":[{"href":"https:\/\/agrovin.com\/fr\/wp-json\/wp\/v2\/media?parent=89435"}],"wp:term":[{"taxonomy":"product_brand","embeddable":true,"href":"https:\/\/agrovin.com\/fr\/wp-json\/wp\/v2\/product_brand?post=89435"},{"taxonomy":"product_cat","embeddable":true,"href":"https:\/\/agrovin.com\/fr\/wp-json\/wp\/v2\/product_cat?post=89435"},{"taxonomy":"product_tag","embeddable":true,"href":"https:\/\/agrovin.com\/fr\/wp-json\/wp\/v2\/product_tag?post=89435"}],"curies":[{"name":"wp","href":"https:\/\/api.w.org\/{rel}","templated":true}]}}