{"id":89430,"date":"2018-04-20T09:19:35","date_gmt":"2022-11-04T16:06:24","guid":{"rendered":"https:\/\/staging.agrovin.com\/non%20class\u00e9\/randalite\/"},"modified":"2022-11-05T16:10:03","modified_gmt":"2022-11-05T15:10:03","slug":"randalite","status":"publish","type":"product","link":"https:\/\/agrovin.com\/fr\/produits-oenologiques\/filtration\/randalite\/","title":{"rendered":"RANDALITE"},"content":{"rendered":"<h3>CARACT\u00c9RISTIQUES<\/h3>\n<p>La perlite Randalite pr\u00e9sente une combinaison d&#8217;eau occluse, ce qui lui conf\u00e8re la propri\u00e9t\u00e9 exceptionnelle de se dilater lorsqu&#8217;elle est soumise \u00e0 des temp\u00e9ratures \u00e9lev\u00e9es.<\/p>\n<p>La perlite expans\u00e9e, apr\u00e8s de d\u00e9licats processus de broyage et de classification, se transforme en un adjuvant de filtration dont les particules imbriqu\u00e9es peuvent former un g\u00e2teau incompressible, avec 80-90 % d&#8217;espaces creux, \u00e0 travers lequel passeront les liquides \u00e0 filtrer, en retenant les \u00e9l\u00e9ments solides en suspension, m\u00eame ceux de taille microscopique.<\/p>\n<h3>APPLICATION<\/h3>\n<p>La Randalite est utilis\u00e9e pour la filtration de liquides pharmaceutiques ou alimentaires, tels que le vin, le glucose, le sucre, la bi\u00e8re, les mo\u00fbts, les liqueurs, l&#8217;eau, les huiles et les produits pharmaceutiques en g\u00e9n\u00e9ral.<\/p>\n<p>La Randalite est une perlite particuli\u00e8rement adapt\u00e9e \u00e0 la r\u00e9alisation d&#8217;une pr\u00e9-couche coh\u00e9rente et facilement g\u00e9rable dans les filtres \u00e0 vide. Gr\u00e2ce \u00e0 sa faible granulom\u00e9trie, il permet d&#8217;obtenir des liquides d&#8217;une bonne propret\u00e9.<\/p>\n","protected":false},"excerpt":{"rendered":"<p>Les randalites sont des perlites r\u00e9sultant du traitement d&#8217;une roche volcanique dont la composition chimique se compose principalement de dioxyde de silicium (SiO2) et d&#8217;oxyde d&#8217;aluminium (Al2O3), ainsi que d&#8217;autres compos\u00e9s.<\/p>\n","protected":false},"featured_media":14747,"template":"","meta":{"_acf_changed":false,"inline_featured_image":false,"site-sidebar-layout":"default","site-content-layout":"default","ast-site-content-layout":"default","site-content-style":"default","site-sidebar-style":"default","ast-global-header-display":"","ast-banner-title-visibility":"","ast-main-header-display":"","ast-hfb-above-header-display":"","ast-hfb-below-header-display":"","ast-hfb-mobile-header-display":"","site-post-title":"","ast-breadcrumbs-content":"","ast-featured-img":"","footer-sml-layout":"","ast-disable-related-posts":"","theme-transparent-header-meta":"default","adv-header-id-meta":"","stick-header-meta":"","header-above-stick-meta":"","header-main-stick-meta":"","header-below-stick-meta":"","astra-migrate-meta-layouts":"default","ast-page-background-enabled":"default","ast-page-background-meta":{"desktop":{"background-color":"var(--ast-global-color-5)","background-image":"","background-repeat":"repeat","background-position":"center center","background-size":"auto","background-attachment":"scroll","background-type":"","background-media":"","overlay-type":"","overlay-color":"","overlay-opacity":"","overlay-gradient":""},"tablet":{"background-color":"","background-image":"","background-repeat":"repeat","background-position":"center center","background-size":"auto","background-attachment":"scroll","background-type":"","background-media":"","overlay-type":"","overlay-color":"","overlay-opacity":"","overlay-gradient":""},"mobile":{"background-color":"","background-image":"","background-repeat":"repeat","background-position":"center center","background-size":"auto","background-attachment":"scroll","background-type":"","background-media":"","overlay-type":"","overlay-color":"","overlay-opacity":"","overlay-gradient":""}},"ast-content-background-meta":{"desktop":{"background-color":"var(--ast-global-color-4)","background-image":"","background-repeat":"repeat","background-position":"center center","background-size":"auto","background-attachment":"scroll","background-type":"","background-media":"","overlay-type":"","overlay-color":"","overlay-opacity":"","overlay-gradient":""},"tablet":{"background-color":"var(--ast-global-color-4)","background-image":"","background-repeat":"repeat","background-position":"center center","background-size":"auto","background-attachment":"scroll","background-type":"","background-media":"","overlay-type":"","overlay-color":"","overlay-opacity":"","overlay-gradient":""},"mobile":{"background-color":"var(--ast-global-color-4)","background-image":"","background-repeat":"repeat","background-position":"center center","background-size":"auto","background-attachment":"scroll","background-type":"","background-media":"","overlay-type":"","overlay-color":"","overlay-opacity":"","overlay-gradient":""}}},"product_brand":[],"product_cat":[357],"product_tag":[],"class_list":{"0":"post-89430","1":"product","2":"type-product","3":"status-publish","4":"has-post-thumbnail","6":"product_cat-filtration","7":"pa_ecologico-autorise-eu","8":"pa_ecologico-autorise-nop-usda","9":"desktop-align-left","10":"tablet-align-left","11":"mobile-align-left","13":"first","14":"instock","15":"virtual","16":"product-type-simple"},"acf":[],"_links":{"self":[{"href":"https:\/\/agrovin.com\/fr\/wp-json\/wp\/v2\/product\/89430","targetHints":{"allow":["GET"]}}],"collection":[{"href":"https:\/\/agrovin.com\/fr\/wp-json\/wp\/v2\/product"}],"about":[{"href":"https:\/\/agrovin.com\/fr\/wp-json\/wp\/v2\/types\/product"}],"version-history":[{"count":0,"href":"https:\/\/agrovin.com\/fr\/wp-json\/wp\/v2\/product\/89430\/revisions"}],"wp:featuredmedia":[{"embeddable":true,"href":"https:\/\/agrovin.com\/fr\/wp-json\/wp\/v2\/media\/14747"}],"wp:attachment":[{"href":"https:\/\/agrovin.com\/fr\/wp-json\/wp\/v2\/media?parent=89430"}],"wp:term":[{"taxonomy":"product_brand","embeddable":true,"href":"https:\/\/agrovin.com\/fr\/wp-json\/wp\/v2\/product_brand?post=89430"},{"taxonomy":"product_cat","embeddable":true,"href":"https:\/\/agrovin.com\/fr\/wp-json\/wp\/v2\/product_cat?post=89430"},{"taxonomy":"product_tag","embeddable":true,"href":"https:\/\/agrovin.com\/fr\/wp-json\/wp\/v2\/product_tag?post=89430"}],"curies":[{"name":"wp","href":"https:\/\/api.w.org\/{rel}","templated":true}]}}