{"id":89420,"date":"2018-04-20T07:40:54","date_gmt":"2022-11-04T16:06:09","guid":{"rendered":"https:\/\/staging.agrovin.com\/non%20class\u00e9\/radicel\/"},"modified":"2022-11-05T16:19:53","modified_gmt":"2022-11-05T15:19:53","slug":"radicel","status":"publish","type":"product","link":"https:\/\/agrovin.com\/fr\/produits-oenologiques\/filtration\/radicel\/","title":{"rendered":"RADICEL"},"content":{"rendered":"<h3>CARACT\u00c9RISTIQUES<\/h3>\n<p>Gr\u00e2ce au pr\u00e9traitement, Radicel acquiert une capacit\u00e9 d&#8217;adsorption \u00e9lev\u00e9e, ce qui rend la cellulose appropri\u00e9e pour la formation de pr\u00e9-couches homog\u00e8nes dans les lits filtrants. Il permet une plus grande efficacit\u00e9 dans la filtration, ainsi qu&#8217;une grande capacit\u00e9 de r\u00e9tention en profondeur, gr\u00e2ce au r\u00e9seau complexe qu&#8217;il forme. Il est tr\u00e8s r\u00e9sistant aux chocs de pression gr\u00e2ce \u00e0 sa grande \u00e9lasticit\u00e9, notamment lorsqu&#8217;on travaille sur des filtres \u00e0 plaques verticales.<\/p>\n<h3>APPLICATION<\/h3>\n<p>Dans la filtration de :<\/p>\n<ul>\n<li>Liquides de l&#8217;industrie alimentaire : vins, mo\u00fbts, jus, bi\u00e8res, cidres et autres.<\/li>\n<li>Liquides provenant d&#8217;autres industries : chimique, pharmaceutique, etc. servant de support \u00e0 la pr\u00e9-couche des toiles filtrantes.<\/li>\n<\/ul>\n<p>Gr\u00e2ce \u00e0 son proc\u00e9d\u00e9 de fabrication sp\u00e9cial, il permet d&#8217;obtenir un mouillage parfait apr\u00e8s m\u00e9lange avec la terre de diatom\u00e9es et donc une couche filtrante totalement homog\u00e8ne.<\/p>\n","protected":false},"excerpt":{"rendered":"<p>Radicel est un auxiliaire de filtration fabriqu\u00e9 \u00e0 partir de cellulose pure. C&#8217;est un substrat chimiquement inerte et insoluble dans les liquides alimentaires.<\/p>\n","protected":false},"featured_media":13762,"template":"","meta":{"_acf_changed":false,"inline_featured_image":false,"site-sidebar-layout":"default","site-content-layout":"default","ast-site-content-layout":"default","site-content-style":"default","site-sidebar-style":"default","ast-global-header-display":"","ast-banner-title-visibility":"","ast-main-header-display":"","ast-hfb-above-header-display":"","ast-hfb-below-header-display":"","ast-hfb-mobile-header-display":"","site-post-title":"","ast-breadcrumbs-content":"","ast-featured-img":"","footer-sml-layout":"","ast-disable-related-posts":"","theme-transparent-header-meta":"default","adv-header-id-meta":"","stick-header-meta":"","header-above-stick-meta":"","header-main-stick-meta":"","header-below-stick-meta":"","astra-migrate-meta-layouts":"default","ast-page-background-enabled":"default","ast-page-background-meta":{"desktop":{"background-color":"var(--ast-global-color-5)","background-image":"","background-repeat":"repeat","background-position":"center center","background-size":"auto","background-attachment":"scroll","background-type":"","background-media":"","overlay-type":"","overlay-color":"","overlay-opacity":"","overlay-gradient":""},"tablet":{"background-color":"","background-image":"","background-repeat":"repeat","background-position":"center center","background-size":"auto","background-attachment":"scroll","background-type":"","background-media":"","overlay-type":"","overlay-color":"","overlay-opacity":"","overlay-gradient":""},"mobile":{"background-color":"","background-image":"","background-repeat":"repeat","background-position":"center center","background-size":"auto","background-attachment":"scroll","background-type":"","background-media":"","overlay-type":"","overlay-color":"","overlay-opacity":"","overlay-gradient":""}},"ast-content-background-meta":{"desktop":{"background-color":"var(--ast-global-color-4)","background-image":"","background-repeat":"repeat","background-position":"center center","background-size":"auto","background-attachment":"scroll","background-type":"","background-media":"","overlay-type":"","overlay-color":"","overlay-opacity":"","overlay-gradient":""},"tablet":{"background-color":"var(--ast-global-color-4)","background-image":"","background-repeat":"repeat","background-position":"center center","background-size":"auto","background-attachment":"scroll","background-type":"","background-media":"","overlay-type":"","overlay-color":"","overlay-opacity":"","overlay-gradient":""},"mobile":{"background-color":"var(--ast-global-color-4)","background-image":"","background-repeat":"repeat","background-position":"center center","background-size":"auto","background-attachment":"scroll","background-type":"","background-media":"","overlay-type":"","overlay-color":"","overlay-opacity":"","overlay-gradient":""}}},"product_brand":[],"product_cat":[357],"product_tag":[],"class_list":{"0":"post-89420","1":"product","2":"type-product","3":"status-publish","4":"has-post-thumbnail","6":"product_cat-filtration","7":"pa_ecologico-autorise-eu","8":"pa_ecologico-autorise-nop-usda","9":"desktop-align-left","10":"tablet-align-left","11":"mobile-align-left","13":"first","14":"instock","15":"virtual","16":"product-type-simple"},"acf":[],"_links":{"self":[{"href":"https:\/\/agrovin.com\/fr\/wp-json\/wp\/v2\/product\/89420","targetHints":{"allow":["GET"]}}],"collection":[{"href":"https:\/\/agrovin.com\/fr\/wp-json\/wp\/v2\/product"}],"about":[{"href":"https:\/\/agrovin.com\/fr\/wp-json\/wp\/v2\/types\/product"}],"version-history":[{"count":0,"href":"https:\/\/agrovin.com\/fr\/wp-json\/wp\/v2\/product\/89420\/revisions"}],"wp:featuredmedia":[{"embeddable":true,"href":"https:\/\/agrovin.com\/fr\/wp-json\/wp\/v2\/media\/13762"}],"wp:attachment":[{"href":"https:\/\/agrovin.com\/fr\/wp-json\/wp\/v2\/media?parent=89420"}],"wp:term":[{"taxonomy":"product_brand","embeddable":true,"href":"https:\/\/agrovin.com\/fr\/wp-json\/wp\/v2\/product_brand?post=89420"},{"taxonomy":"product_cat","embeddable":true,"href":"https:\/\/agrovin.com\/fr\/wp-json\/wp\/v2\/product_cat?post=89420"},{"taxonomy":"product_tag","embeddable":true,"href":"https:\/\/agrovin.com\/fr\/wp-json\/wp\/v2\/product_tag?post=89420"}],"curies":[{"name":"wp","href":"https:\/\/api.w.org\/{rel}","templated":true}]}}