{"id":89405,"date":"2018-04-20T07:37:36","date_gmt":"2022-11-04T16:05:48","guid":{"rendered":"https:\/\/staging.agrovin.com\/non%20class\u00e9\/radifil-rw-1214\/"},"modified":"2025-09-30T15:40:45","modified_gmt":"2025-09-30T13:40:45","slug":"radifil-rw-1214","status":"publish","type":"product","link":"https:\/\/agrovin.com\/fr\/produits-oenologiques\/filtration\/radifil-rw-1214\/","title":{"rendered":"RADIFIL RW (12,14)"},"content":{"rendered":"<h3>CARACT\u00c9RISTIQUES<\/h3>\n<p>Les diatom\u00e9es proviennent de roches s\u00e9dimentaires tr\u00e8s poreuses, constitu\u00e9es essentiellement de coquilles siliceuses fossilis\u00e9es d&#8217;algues unicellulaires microoscopiques, et sont utilis\u00e9es comme auxiliaires de filtration en raison de leur porosit\u00e9 et de leur grande capacit\u00e9 d&#8217;adsorption.<\/p>\n<p>En raison de sa grande porosit\u00e9, la diatomite extraite des carri\u00e8res contient 60 \u00e0 70 % d&#8217;eau. Apr\u00e8s le broyage, le minerai est s\u00e9ch\u00e9, broy\u00e9 puis purifi\u00e9 sous forme de poudre.<\/p>\n<p>Les diatom\u00e9es Radifil RW sont ensuite calcin\u00e9es dans des fours \u00e0 800 \u00e0 1100o C. Cette calcination \u00e9limine la mati\u00e8re organique et agglom\u00e8re les diatom\u00e9es, sans alt\u00e9rer leur porosit\u00e9.<\/p>\n<p>Apr\u00e8s refroidissement, le produit est broy\u00e9 puis tri\u00e9 afin de r\u00e9aliser des coupes granulom\u00e9triques pr\u00e9cises, r\u00e9pondant aux diff\u00e9rentes applications.<\/p>\n<h3>APPLICATION<\/h3>\n<p>Filtration de boissons telles que mo\u00fbts, vins, bi\u00e8res, jus, cidres, huiles et graisses.<\/p>\n","protected":false},"excerpt":{"rendered":"<p>Radifil RW sont des terres de diatom\u00e9es dont la perm\u00e9abilit\u00e9 moyenne est comprise entre 0,90 et 17,5 darcies.<\/p>\n","protected":false},"featured_media":14762,"template":"","meta":{"_acf_changed":false,"inline_featured_image":false,"site-sidebar-layout":"default","site-content-layout":"default","ast-site-content-layout":"default","site-content-style":"default","site-sidebar-style":"default","ast-global-header-display":"","ast-banner-title-visibility":"","ast-main-header-display":"","ast-hfb-above-header-display":"","ast-hfb-below-header-display":"","ast-hfb-mobile-header-display":"","site-post-title":"","ast-breadcrumbs-content":"","ast-featured-img":"","footer-sml-layout":"","ast-disable-related-posts":"","theme-transparent-header-meta":"default","adv-header-id-meta":"","stick-header-meta":"","header-above-stick-meta":"","header-main-stick-meta":"","header-below-stick-meta":"","astra-migrate-meta-layouts":"set","ast-page-background-enabled":"default","ast-page-background-meta":{"desktop":{"background-color":"var(--ast-global-color-5)","background-image":"","background-repeat":"repeat","background-position":"center center","background-size":"auto","background-attachment":"scroll","background-type":"","background-media":"","overlay-type":"","overlay-color":"","overlay-opacity":"","overlay-gradient":""},"tablet":{"background-color":"","background-image":"","background-repeat":"repeat","background-position":"center center","background-size":"auto","background-attachment":"scroll","background-type":"","background-media":"","overlay-type":"","overlay-color":"","overlay-opacity":"","overlay-gradient":""},"mobile":{"background-color":"","background-image":"","background-repeat":"repeat","background-position":"center center","background-size":"auto","background-attachment":"scroll","background-type":"","background-media":"","overlay-type":"","overlay-color":"","overlay-opacity":"","overlay-gradient":""}},"ast-content-background-meta":{"desktop":{"background-color":"var(--ast-global-color-4)","background-image":"","background-repeat":"repeat","background-position":"center center","background-size":"auto","background-attachment":"scroll","background-type":"","background-media":"","overlay-type":"","overlay-color":"","overlay-opacity":"","overlay-gradient":""},"tablet":{"background-color":"var(--ast-global-color-4)","background-image":"","background-repeat":"repeat","background-position":"center center","background-size":"auto","background-attachment":"scroll","background-type":"","background-media":"","overlay-type":"","overlay-color":"","overlay-opacity":"","overlay-gradient":""},"mobile":{"background-color":"var(--ast-global-color-4)","background-image":"","background-repeat":"repeat","background-position":"center center","background-size":"auto","background-attachment":"scroll","background-type":"","background-media":"","overlay-type":"","overlay-color":"","overlay-opacity":"","overlay-gradient":""}}},"product_brand":[],"product_cat":[357],"product_tag":[],"class_list":{"0":"post-89405","1":"product","2":"type-product","3":"status-publish","4":"has-post-thumbnail","6":"product_cat-filtration","7":"pa_ecologico-autorise-eu","8":"desktop-align-left","9":"tablet-align-left","10":"mobile-align-left","12":"first","13":"instock","14":"virtual","15":"product-type-simple"},"acf":[],"_links":{"self":[{"href":"https:\/\/agrovin.com\/fr\/wp-json\/wp\/v2\/product\/89405","targetHints":{"allow":["GET"]}}],"collection":[{"href":"https:\/\/agrovin.com\/fr\/wp-json\/wp\/v2\/product"}],"about":[{"href":"https:\/\/agrovin.com\/fr\/wp-json\/wp\/v2\/types\/product"}],"version-history":[{"count":1,"href":"https:\/\/agrovin.com\/fr\/wp-json\/wp\/v2\/product\/89405\/revisions"}],"predecessor-version":[{"id":122149,"href":"https:\/\/agrovin.com\/fr\/wp-json\/wp\/v2\/product\/89405\/revisions\/122149"}],"wp:featuredmedia":[{"embeddable":true,"href":"https:\/\/agrovin.com\/fr\/wp-json\/wp\/v2\/media\/14762"}],"wp:attachment":[{"href":"https:\/\/agrovin.com\/fr\/wp-json\/wp\/v2\/media?parent=89405"}],"wp:term":[{"taxonomy":"product_brand","embeddable":true,"href":"https:\/\/agrovin.com\/fr\/wp-json\/wp\/v2\/product_brand?post=89405"},{"taxonomy":"product_cat","embeddable":true,"href":"https:\/\/agrovin.com\/fr\/wp-json\/wp\/v2\/product_cat?post=89405"},{"taxonomy":"product_tag","embeddable":true,"href":"https:\/\/agrovin.com\/fr\/wp-json\/wp\/v2\/product_tag?post=89405"}],"curies":[{"name":"wp","href":"https:\/\/api.w.org\/{rel}","templated":true}]}}