{"id":89400,"date":"2018-04-19T15:00:59","date_gmt":"2022-11-04T16:05:38","guid":{"rendered":"https:\/\/staging.agrovin.com\/non%20class\u00e9\/viniferm-oe-104\/"},"modified":"2022-11-05T15:19:54","modified_gmt":"2022-11-05T14:19:54","slug":"viniferm-oe-104","status":"publish","type":"product","link":"https:\/\/agrovin.com\/fr\/produits-oenologiques\/bacteries-lactiques\/viniferm-oe-104\/","title":{"rendered":"VINIFERM OE 104"},"content":{"rendered":"<h3>CARACT\u00c9RISTIQUES<\/h3>\n<p>Viniferm \u0153 104 garantit un nombre et une viabilit\u00e9 des bact\u00e9ries lactiques sup\u00e9rieurs \u00e0 ceux des cultures lactiques classiques.<\/p>\n<p>Les souches d&#8217;Oenococcus oeni des cultures liquides Viniferm &#8216;104 proviennent de la s\u00e9lection naturelle des r\u00e9gions viticoles de la p\u00e9ninsule ib\u00e9rique et sont parfaitement adapt\u00e9es aux conditions \u0153nologiques de nos latitudes. Ils se caract\u00e9risent par le plus grand respect du caract\u00e8re vari\u00e9tal du vin, tant sur le plan analytique que sensoriel.<\/p>\n<p>L&#8217;application de cultures liquides Viniferm \u0153 104 s\u00e9lectionn\u00e9es limite le risque de production d&#8217;amines biog\u00e8nes.<\/p>\n<h3>APPLICATION<\/h3>\n<ul>\n<li>Culture d&#8217;Oenococcus oeni adapt\u00e9e aux vins \u00e0 haute expression polyph\u00e9nolique.<\/li>\n<li>Particuli\u00e8rement adapt\u00e9 \u00e0 la production de vins rouges \u00e0 mac\u00e9rations longues et\/ou \u00e0 forte teneur en polyph\u00e9nols totaux.<\/li>\n<li>Convient \u00e0 toutes les vari\u00e9t\u00e9s rouges : Tempranillo, Garnacha, Monastrell, Merlot, Cabernet Sauvignon, Syrah.<\/li>\n<li>Excellents r\u00e9sultats de la fermentation malolactique en barrique.<\/li>\n<\/ul>\n<h3>DOSAGE<\/h3>\n<ul>\n<li>1 l : Dosage pour 10.000 litres de vin (100hl).<\/li>\n<li>500 ml : Dosage pour 5.000 litres de vin (50hl).<\/li>\n<li>30 ml : Dosage pour un tonneau (225 l).<\/li>\n<\/ul>\n","protected":false},"excerpt":{"rendered":"<p>Viniferm \u0153 104 sont des cultures liquides pr\u00eates \u00e0 l&#8217;emploi de bact\u00e9ries lactiques adapt\u00e9es aux conditions du vin. Ils sont dans des conditions optimales pour d\u00e9marrer la fermentation malolactique d\u00e8s le moment de l&#8217;inoculation.<\/p>\n","protected":false},"featured_media":121636,"template":"","meta":{"_acf_changed":false,"inline_featured_image":false,"site-sidebar-layout":"default","site-content-layout":"default","ast-site-content-layout":"default","site-content-style":"default","site-sidebar-style":"default","ast-global-header-display":"","ast-banner-title-visibility":"","ast-main-header-display":"","ast-hfb-above-header-display":"","ast-hfb-below-header-display":"","ast-hfb-mobile-header-display":"","site-post-title":"","ast-breadcrumbs-content":"","ast-featured-img":"","footer-sml-layout":"","ast-disable-related-posts":"","theme-transparent-header-meta":"default","adv-header-id-meta":"","stick-header-meta":"","header-above-stick-meta":"","header-main-stick-meta":"","header-below-stick-meta":"","astra-migrate-meta-layouts":"default","ast-page-background-enabled":"default","ast-page-background-meta":{"desktop":{"background-color":"var(--ast-global-color-5)","background-image":"","background-repeat":"repeat","background-position":"center center","background-size":"auto","background-attachment":"scroll","background-type":"","background-media":"","overlay-type":"","overlay-color":"","overlay-opacity":"","overlay-gradient":""},"tablet":{"background-color":"","background-image":"","background-repeat":"repeat","background-position":"center center","background-size":"auto","background-attachment":"scroll","background-type":"","background-media":"","overlay-type":"","overlay-color":"","overlay-opacity":"","overlay-gradient":""},"mobile":{"background-color":"","background-image":"","background-repeat":"repeat","background-position":"center center","background-size":"auto","background-attachment":"scroll","background-type":"","background-media":"","overlay-type":"","overlay-color":"","overlay-opacity":"","overlay-gradient":""}},"ast-content-background-meta":{"desktop":{"background-color":"var(--ast-global-color-4)","background-image":"","background-repeat":"repeat","background-position":"center center","background-size":"auto","background-attachment":"scroll","background-type":"","background-media":"","overlay-type":"","overlay-color":"","overlay-opacity":"","overlay-gradient":""},"tablet":{"background-color":"var(--ast-global-color-4)","background-image":"","background-repeat":"repeat","background-position":"center center","background-size":"auto","background-attachment":"scroll","background-type":"","background-media":"","overlay-type":"","overlay-color":"","overlay-opacity":"","overlay-gradient":""},"mobile":{"background-color":"var(--ast-global-color-4)","background-image":"","background-repeat":"repeat","background-position":"center center","background-size":"auto","background-attachment":"scroll","background-type":"","background-media":"","overlay-type":"","overlay-color":"","overlay-opacity":"","overlay-gradient":""}}},"product_brand":[],"product_cat":[155],"product_tag":[],"class_list":{"0":"post-89400","1":"product","2":"type-product","3":"status-publish","4":"has-post-thumbnail","6":"product_cat-bacteries-lactiques","7":"desktop-align-left","8":"tablet-align-left","9":"mobile-align-left","11":"first","12":"instock","13":"virtual","14":"product-type-simple"},"acf":[],"_links":{"self":[{"href":"https:\/\/agrovin.com\/fr\/wp-json\/wp\/v2\/product\/89400","targetHints":{"allow":["GET"]}}],"collection":[{"href":"https:\/\/agrovin.com\/fr\/wp-json\/wp\/v2\/product"}],"about":[{"href":"https:\/\/agrovin.com\/fr\/wp-json\/wp\/v2\/types\/product"}],"version-history":[{"count":0,"href":"https:\/\/agrovin.com\/fr\/wp-json\/wp\/v2\/product\/89400\/revisions"}],"wp:featuredmedia":[{"embeddable":true,"href":"https:\/\/agrovin.com\/fr\/wp-json\/wp\/v2\/media\/121636"}],"wp:attachment":[{"href":"https:\/\/agrovin.com\/fr\/wp-json\/wp\/v2\/media?parent=89400"}],"wp:term":[{"taxonomy":"product_brand","embeddable":true,"href":"https:\/\/agrovin.com\/fr\/wp-json\/wp\/v2\/product_brand?post=89400"},{"taxonomy":"product_cat","embeddable":true,"href":"https:\/\/agrovin.com\/fr\/wp-json\/wp\/v2\/product_cat?post=89400"},{"taxonomy":"product_tag","embeddable":true,"href":"https:\/\/agrovin.com\/fr\/wp-json\/wp\/v2\/product_tag?post=89400"}],"curies":[{"name":"wp","href":"https:\/\/api.w.org\/{rel}","templated":true}]}}