{"id":89385,"date":"2018-04-19T15:56:17","date_gmt":"2022-11-04T16:05:16","guid":{"rendered":"https:\/\/staging.agrovin.com\/non%20class\u00e9\/croer-do\/"},"modified":"2022-11-05T15:42:30","modified_gmt":"2022-11-05T14:42:30","slug":"croer-do","status":"publish","type":"product","link":"https:\/\/agrovin.com\/fr\/produits-oenologiques\/autres\/croer-do\/","title":{"rendered":"CROER DO"},"content":{"rendered":"<h3>APPLICATION<\/h3>\n<p>\u00c9limine les ar\u00f4mes de r\u00e9duction dans les mo\u00fbts et les vins blancs.<\/p>\n<h3>COMPOSITION<\/h3>\n<p>Croer DO Charbon actif de bois de pin.<\/p>\n<h3>MODE D&#8217;EMPLOI<\/h3>\n<ol>\n<li>Dissoudre Croer DO dans 2 fois son poids dans le produit \u00e0 traiter.<\/li>\n<li>Ajouter la solution au volume total du produit \u00e0 traiter au moyen d&#8217;une pompe, jusqu&#8217;\u00e0 homog\u00e9n\u00e9isation compl\u00e8te.<\/li>\n<li>Laisser agir pendant 2 heures, jusqu&#8217;\u00e0 la d\u00e9cantation.<\/li>\n<li>Filtrez le produit pour \u00e9liminer le carbone en suspension.<\/li>\n<\/ol>\n<h3>QUALIT\u00c9S ORGANOLEPTIQUES<\/h3>\n<p>L&#8217;application de Croer DO a un effet d\u00e9sodorisant ainsi que l&#8217;\u00e9limination des polluants.<\/p>\n<h3>DOSAGE<\/h3>\n<p>Dose recommand\u00e9e : 5 &#8211; 10 g\/hl<\/p>\n<p>Dose maximale autoris\u00e9e : 100 g\/hl.<\/p>\n","protected":false},"excerpt":{"rendered":"<p>Le Croer DO est un charbon actif \u00e0 vapeur d&#8217;eau produit \u00e0 partir de bois de pin. Il se caract\u00e9rise par un grand nombre de micro- et m\u00e9sopores permettant l&#8217;\u00e9limination de petites mol\u00e9cules.<\/p>\n","protected":false},"featured_media":24191,"template":"","meta":{"_acf_changed":false,"inline_featured_image":false,"site-sidebar-layout":"default","site-content-layout":"default","ast-site-content-layout":"default","site-content-style":"default","site-sidebar-style":"default","ast-global-header-display":"","ast-banner-title-visibility":"","ast-main-header-display":"","ast-hfb-above-header-display":"","ast-hfb-below-header-display":"","ast-hfb-mobile-header-display":"","site-post-title":"","ast-breadcrumbs-content":"","ast-featured-img":"","footer-sml-layout":"","ast-disable-related-posts":"","theme-transparent-header-meta":"default","adv-header-id-meta":"","stick-header-meta":"","header-above-stick-meta":"","header-main-stick-meta":"","header-below-stick-meta":"","astra-migrate-meta-layouts":"default","ast-page-background-enabled":"default","ast-page-background-meta":{"desktop":{"background-color":"var(--ast-global-color-5)","background-image":"","background-repeat":"repeat","background-position":"center center","background-size":"auto","background-attachment":"scroll","background-type":"","background-media":"","overlay-type":"","overlay-color":"","overlay-opacity":"","overlay-gradient":""},"tablet":{"background-color":"","background-image":"","background-repeat":"repeat","background-position":"center center","background-size":"auto","background-attachment":"scroll","background-type":"","background-media":"","overlay-type":"","overlay-color":"","overlay-opacity":"","overlay-gradient":""},"mobile":{"background-color":"","background-image":"","background-repeat":"repeat","background-position":"center center","background-size":"auto","background-attachment":"scroll","background-type":"","background-media":"","overlay-type":"","overlay-color":"","overlay-opacity":"","overlay-gradient":""}},"ast-content-background-meta":{"desktop":{"background-color":"var(--ast-global-color-4)","background-image":"","background-repeat":"repeat","background-position":"center center","background-size":"auto","background-attachment":"scroll","background-type":"","background-media":"","overlay-type":"","overlay-color":"","overlay-opacity":"","overlay-gradient":""},"tablet":{"background-color":"var(--ast-global-color-4)","background-image":"","background-repeat":"repeat","background-position":"center center","background-size":"auto","background-attachment":"scroll","background-type":"","background-media":"","overlay-type":"","overlay-color":"","overlay-opacity":"","overlay-gradient":""},"mobile":{"background-color":"var(--ast-global-color-4)","background-image":"","background-repeat":"repeat","background-position":"center center","background-size":"auto","background-attachment":"scroll","background-type":"","background-media":"","overlay-type":"","overlay-color":"","overlay-opacity":"","overlay-gradient":""}}},"product_brand":[],"product_cat":[1398],"product_tag":[],"class_list":{"0":"post-89385","1":"product","2":"type-product","3":"status-publish","4":"has-post-thumbnail","6":"product_cat-autres","7":"pa_ecologico-autorise-eu","8":"pa_ecologico-autorise-nop-usda","9":"pa_objetivo-clarification","10":"desktop-align-left","11":"tablet-align-left","12":"mobile-align-left","14":"first","15":"instock","16":"virtual","17":"product-type-simple"},"acf":[],"_links":{"self":[{"href":"https:\/\/agrovin.com\/fr\/wp-json\/wp\/v2\/product\/89385","targetHints":{"allow":["GET"]}}],"collection":[{"href":"https:\/\/agrovin.com\/fr\/wp-json\/wp\/v2\/product"}],"about":[{"href":"https:\/\/agrovin.com\/fr\/wp-json\/wp\/v2\/types\/product"}],"version-history":[{"count":0,"href":"https:\/\/agrovin.com\/fr\/wp-json\/wp\/v2\/product\/89385\/revisions"}],"wp:featuredmedia":[{"embeddable":true,"href":"https:\/\/agrovin.com\/fr\/wp-json\/wp\/v2\/media\/24191"}],"wp:attachment":[{"href":"https:\/\/agrovin.com\/fr\/wp-json\/wp\/v2\/media?parent=89385"}],"wp:term":[{"taxonomy":"product_brand","embeddable":true,"href":"https:\/\/agrovin.com\/fr\/wp-json\/wp\/v2\/product_brand?post=89385"},{"taxonomy":"product_cat","embeddable":true,"href":"https:\/\/agrovin.com\/fr\/wp-json\/wp\/v2\/product_cat?post=89385"},{"taxonomy":"product_tag","embeddable":true,"href":"https:\/\/agrovin.com\/fr\/wp-json\/wp\/v2\/product_tag?post=89385"}],"curies":[{"name":"wp","href":"https:\/\/api.w.org\/{rel}","templated":true}]}}