{"id":89360,"date":"2018-04-19T14:28:07","date_gmt":"2022-11-04T16:04:41","guid":{"rendered":"https:\/\/staging.agrovin.com\/non%20class\u00e9\/viniferm-pdm\/"},"modified":"2022-11-05T16:56:49","modified_gmt":"2022-11-05T15:56:49","slug":"viniferm-pdm","status":"publish","type":"product","link":"https:\/\/agrovin.com\/fr\/produits-oenologiques\/levures\/viniferm-pdm\/","title":{"rendered":"VINIFERM PDM"},"content":{"rendered":"<h3>CARACT\u00c9RISTIQUES<\/h3>\n<p>Son activit\u00e9 fermentaire est optimale dans les situations de carence nutritionnelle ou avec des raisins \u00e0 forte teneur en alcool potentiel.<\/p>\n<h3>APPLICATION<\/h3>\n<ul>\n<li>Adapt\u00e9 \u00e0 la fermentation de mo\u00fbts fortement clarifi\u00e9s, pauvres en substances azot\u00e9es et en facteurs de croissance.<\/li>\n<li>Fermentations \u00e0 basse temp\u00e9rature.<\/li>\n<li>Vins rouges \u00e0 forte teneur en alcool et ros\u00e9s tr\u00e8s clarifi\u00e9s.<\/li>\n<li>Il est utilis\u00e9 avec succ\u00e8s dans les cas de fermentation bloqu\u00e9e avec un taux d&#8217;alcool \u00e9lev\u00e9 et une faible teneur en sucre.<\/li>\n<li>Excellents r\u00e9sultats en fermentation secondaire, tant en cuve qu&#8217;en bouteille.<\/li>\n<li>Phase de latence courte et moussage progressif, conf\u00e9rant des caract\u00e8res fins et \u00e9l\u00e9gants.<\/li>\n<\/ul>\n<h3>DOSAGE<\/h3>\n<ul>\n<li>Vinification 20-30 g\/hl<\/li>\n<li>P\u00e9tillant 30-40 g\/hl<\/li>\n<li>Arr\u00eat de la fermentation 30-50 g\/hl<\/li>\n<\/ul>\n","protected":false},"excerpt":{"rendered":"<p>Viniferm PDM est une levure capable de fermenter \u00e0 basse temp\u00e9rature et avec des mo\u00fbts tr\u00e8s clarifi\u00e9s.<\/p>\n","protected":false},"featured_media":27047,"template":"","meta":{"_acf_changed":false,"inline_featured_image":false,"site-sidebar-layout":"default","site-content-layout":"default","ast-site-content-layout":"default","site-content-style":"default","site-sidebar-style":"default","ast-global-header-display":"","ast-banner-title-visibility":"","ast-main-header-display":"","ast-hfb-above-header-display":"","ast-hfb-below-header-display":"","ast-hfb-mobile-header-display":"","site-post-title":"","ast-breadcrumbs-content":"","ast-featured-img":"","footer-sml-layout":"","ast-disable-related-posts":"","theme-transparent-header-meta":"default","adv-header-id-meta":"","stick-header-meta":"","header-above-stick-meta":"","header-main-stick-meta":"","header-below-stick-meta":"","astra-migrate-meta-layouts":"default","ast-page-background-enabled":"default","ast-page-background-meta":{"desktop":{"background-color":"var(--ast-global-color-5)","background-image":"","background-repeat":"repeat","background-position":"center center","background-size":"auto","background-attachment":"scroll","background-type":"","background-media":"","overlay-type":"","overlay-color":"","overlay-opacity":"","overlay-gradient":""},"tablet":{"background-color":"","background-image":"","background-repeat":"repeat","background-position":"center center","background-size":"auto","background-attachment":"scroll","background-type":"","background-media":"","overlay-type":"","overlay-color":"","overlay-opacity":"","overlay-gradient":""},"mobile":{"background-color":"","background-image":"","background-repeat":"repeat","background-position":"center center","background-size":"auto","background-attachment":"scroll","background-type":"","background-media":"","overlay-type":"","overlay-color":"","overlay-opacity":"","overlay-gradient":""}},"ast-content-background-meta":{"desktop":{"background-color":"var(--ast-global-color-4)","background-image":"","background-repeat":"repeat","background-position":"center center","background-size":"auto","background-attachment":"scroll","background-type":"","background-media":"","overlay-type":"","overlay-color":"","overlay-opacity":"","overlay-gradient":""},"tablet":{"background-color":"var(--ast-global-color-4)","background-image":"","background-repeat":"repeat","background-position":"center center","background-size":"auto","background-attachment":"scroll","background-type":"","background-media":"","overlay-type":"","overlay-color":"","overlay-opacity":"","overlay-gradient":""},"mobile":{"background-color":"var(--ast-global-color-4)","background-image":"","background-repeat":"repeat","background-position":"center center","background-size":"auto","background-attachment":"scroll","background-type":"","background-media":"","overlay-type":"","overlay-color":"","overlay-opacity":"","overlay-gradient":""}}},"product_brand":[],"product_cat":[2086],"product_tag":[808,389],"class_list":{"0":"post-89360","1":"product","2":"type-product","3":"status-publish","4":"has-post-thumbnail","6":"product_cat-levures","7":"product_tag-fermentation-sarrete","8":"product_tag-securite-fermentaire","9":"pa_aplicacion-fa-et-fml","10":"pa_ecologico-autorise-eu","11":"pa_ecologico-autorise-nop-usda","12":"pa_estilo-de-vino-blanc","13":"pa_estilo-de-vino-petillant","14":"pa_estilo-de-vino-rose","15":"pa_objetivo-reactiver-fermentations-arretees","16":"pa_objetivo-securite-fermentative","17":"pa_vegano-vegetalien","18":"desktop-align-left","19":"tablet-align-left","20":"mobile-align-left","22":"first","23":"instock","24":"shipping-taxable","25":"product-type-simple"},"acf":[],"_links":{"self":[{"href":"https:\/\/agrovin.com\/fr\/wp-json\/wp\/v2\/product\/89360","targetHints":{"allow":["GET"]}}],"collection":[{"href":"https:\/\/agrovin.com\/fr\/wp-json\/wp\/v2\/product"}],"about":[{"href":"https:\/\/agrovin.com\/fr\/wp-json\/wp\/v2\/types\/product"}],"version-history":[{"count":0,"href":"https:\/\/agrovin.com\/fr\/wp-json\/wp\/v2\/product\/89360\/revisions"}],"wp:featuredmedia":[{"embeddable":true,"href":"https:\/\/agrovin.com\/fr\/wp-json\/wp\/v2\/media\/27047"}],"wp:attachment":[{"href":"https:\/\/agrovin.com\/fr\/wp-json\/wp\/v2\/media?parent=89360"}],"wp:term":[{"taxonomy":"product_brand","embeddable":true,"href":"https:\/\/agrovin.com\/fr\/wp-json\/wp\/v2\/product_brand?post=89360"},{"taxonomy":"product_cat","embeddable":true,"href":"https:\/\/agrovin.com\/fr\/wp-json\/wp\/v2\/product_cat?post=89360"},{"taxonomy":"product_tag","embeddable":true,"href":"https:\/\/agrovin.com\/fr\/wp-json\/wp\/v2\/product_tag?post=89360"}],"curies":[{"name":"wp","href":"https:\/\/api.w.org\/{rel}","templated":true}]}}