{"id":89350,"date":"2018-04-19T13:56:16","date_gmt":"2022-11-04T16:04:25","guid":{"rendered":"https:\/\/staging.agrovin.com\/non%20class\u00e9\/viniferm-tta\/"},"modified":"2022-11-05T18:15:23","modified_gmt":"2022-11-05T17:15:23","slug":"viniferm-tta","status":"publish","type":"product","link":"https:\/\/agrovin.com\/fr\/produits-oenologiques\/levures\/viniferm-tta\/","title":{"rendered":"VINIFERM TTA"},"content":{"rendered":"<h3>APPLICATION<\/h3>\n<ul>\n<li>Production de jeunes vins rouges de haute qualit\u00e9. On obtient des ar\u00f4mes frais et nets avec des notes aromatiques intenses.<\/li>\n<li>Vins rouges de mac\u00e9ration carbonique.<\/li>\n<li>Il apporte complexit\u00e9 et structure dans la production de vins ros\u00e9s fruit\u00e9s.<\/li>\n<\/ul>\n<h3>DOSAGE<\/h3>\n<ul>\n<li>Vinification 20-30 g\/hl<\/li>\n<\/ul>\n","protected":false},"excerpt":{"rendered":"<p>Viniferm TTA est une levure capable de former des esters en fermentation, id\u00e9ale pour la fermentation des jeunes vins rouges, des mac\u00e9rations carboniques et des ros\u00e9s. Production \u00e9lev\u00e9e d&#8217;ar\u00f4mes fermentaires.<\/p>\n","protected":false},"featured_media":27059,"template":"","meta":{"_acf_changed":false,"inline_featured_image":false,"site-sidebar-layout":"default","site-content-layout":"default","ast-site-content-layout":"default","site-content-style":"default","site-sidebar-style":"default","ast-global-header-display":"","ast-banner-title-visibility":"","ast-main-header-display":"","ast-hfb-above-header-display":"","ast-hfb-below-header-display":"","ast-hfb-mobile-header-display":"","site-post-title":"","ast-breadcrumbs-content":"","ast-featured-img":"","footer-sml-layout":"","ast-disable-related-posts":"","theme-transparent-header-meta":"default","adv-header-id-meta":"","stick-header-meta":"","header-above-stick-meta":"","header-main-stick-meta":"","header-below-stick-meta":"","astra-migrate-meta-layouts":"default","ast-page-background-enabled":"default","ast-page-background-meta":{"desktop":{"background-color":"var(--ast-global-color-5)","background-image":"","background-repeat":"repeat","background-position":"center center","background-size":"auto","background-attachment":"scroll","background-type":"","background-media":"","overlay-type":"","overlay-color":"","overlay-opacity":"","overlay-gradient":""},"tablet":{"background-color":"","background-image":"","background-repeat":"repeat","background-position":"center center","background-size":"auto","background-attachment":"scroll","background-type":"","background-media":"","overlay-type":"","overlay-color":"","overlay-opacity":"","overlay-gradient":""},"mobile":{"background-color":"","background-image":"","background-repeat":"repeat","background-position":"center center","background-size":"auto","background-attachment":"scroll","background-type":"","background-media":"","overlay-type":"","overlay-color":"","overlay-opacity":"","overlay-gradient":""}},"ast-content-background-meta":{"desktop":{"background-color":"var(--ast-global-color-4)","background-image":"","background-repeat":"repeat","background-position":"center center","background-size":"auto","background-attachment":"scroll","background-type":"","background-media":"","overlay-type":"","overlay-color":"","overlay-opacity":"","overlay-gradient":""},"tablet":{"background-color":"var(--ast-global-color-4)","background-image":"","background-repeat":"repeat","background-position":"center center","background-size":"auto","background-attachment":"scroll","background-type":"","background-media":"","overlay-type":"","overlay-color":"","overlay-opacity":"","overlay-gradient":""},"mobile":{"background-color":"var(--ast-global-color-4)","background-image":"","background-repeat":"repeat","background-position":"center center","background-size":"auto","background-attachment":"scroll","background-type":"","background-media":"","overlay-type":"","overlay-color":"","overlay-opacity":"","overlay-gradient":""}}},"product_brand":[],"product_cat":[2086],"product_tag":[],"class_list":{"0":"post-89350","1":"product","2":"type-product","3":"status-publish","4":"has-post-thumbnail","6":"product_cat-levures","7":"pa_aplicacion-fa-et-fml","8":"pa_ecologico-autorise-eu","9":"pa_ecologico-autorise-nop-usda","10":"pa_estilo-de-vino-rose","11":"pa_estilo-de-vino-rouge","12":"pa_objetivo-aromes-fermentaires","13":"pa_vegano-vegetalien","14":"desktop-align-left","15":"tablet-align-left","16":"mobile-align-left","18":"first","19":"instock","20":"virtual","21":"product-type-simple"},"acf":[],"_links":{"self":[{"href":"https:\/\/agrovin.com\/fr\/wp-json\/wp\/v2\/product\/89350","targetHints":{"allow":["GET"]}}],"collection":[{"href":"https:\/\/agrovin.com\/fr\/wp-json\/wp\/v2\/product"}],"about":[{"href":"https:\/\/agrovin.com\/fr\/wp-json\/wp\/v2\/types\/product"}],"version-history":[{"count":0,"href":"https:\/\/agrovin.com\/fr\/wp-json\/wp\/v2\/product\/89350\/revisions"}],"wp:featuredmedia":[{"embeddable":true,"href":"https:\/\/agrovin.com\/fr\/wp-json\/wp\/v2\/media\/27059"}],"wp:attachment":[{"href":"https:\/\/agrovin.com\/fr\/wp-json\/wp\/v2\/media?parent=89350"}],"wp:term":[{"taxonomy":"product_brand","embeddable":true,"href":"https:\/\/agrovin.com\/fr\/wp-json\/wp\/v2\/product_brand?post=89350"},{"taxonomy":"product_cat","embeddable":true,"href":"https:\/\/agrovin.com\/fr\/wp-json\/wp\/v2\/product_cat?post=89350"},{"taxonomy":"product_tag","embeddable":true,"href":"https:\/\/agrovin.com\/fr\/wp-json\/wp\/v2\/product_tag?post=89350"}],"curies":[{"name":"wp","href":"https:\/\/api.w.org\/{rel}","templated":true}]}}