{"id":89345,"date":"2018-04-19T10:22:15","date_gmt":"2022-11-04T16:04:18","guid":{"rendered":"https:\/\/staging.agrovin.com\/non%20class\u00e9\/viniferm-aura\/"},"modified":"2024-04-23T22:33:51","modified_gmt":"2024-04-23T21:33:51","slug":"viniferm-aura","status":"publish","type":"product","link":"https:\/\/agrovin.com\/fr\/produits-oenologiques\/levures\/viniferm-aura\/","title":{"rendered":"VINIFERM AURA"},"content":{"rendered":"<h3>CARACT\u00c9RISTIQUES<\/h3>\n<p>Sa phase de dormance rapide et sa capacit\u00e9 \u00e0 s&#8217;implanter le rendent int\u00e9ressant du d\u00e9but de la r\u00e9colte \u00e0 son utilisation dans les r\u00e9coltes tardives. Souche capable de fermenter \u00e0 une large gamme de temp\u00e9ratures et avec des mo\u00fbts tr\u00e8s clarifi\u00e9s.<\/p>\n<h3>APPLICATION<\/h3>\n<ul>\n<li>Particuli\u00e8rement adapt\u00e9 \u00e0 la production de vins blancs de vari\u00e9t\u00e9s neutres.<\/li>\n<li>Fermentation contr\u00f4l\u00e9e de vari\u00e9t\u00e9s neutres avec des mo\u00fbts hautement clarifi\u00e9s.<\/li>\n<li>Production de vins ros\u00e9s et rouges frais et floraux.<\/li>\n<li>Fermentation en grands volumes.<\/li>\n<\/ul>\n<h3>DOSAGE<\/h3>\n<ul>\n<li>Vinification 20-30 g\/hl<\/li>\n<\/ul>\n","protected":false},"excerpt":{"rendered":"<p>Viniferm AURA est une levure \u00e0 haute production d&#8217;ar\u00f4mes fermentaires, s\u00e9lectionn\u00e9e pour la production de vins blancs de vari\u00e9t\u00e9s neutres.<\/p>\n","protected":false},"featured_media":34426,"template":"","meta":{"_acf_changed":false,"inline_featured_image":false,"site-sidebar-layout":"default","site-content-layout":"default","ast-site-content-layout":"default","site-content-style":"default","site-sidebar-style":"default","ast-global-header-display":"","ast-banner-title-visibility":"","ast-main-header-display":"","ast-hfb-above-header-display":"","ast-hfb-below-header-display":"","ast-hfb-mobile-header-display":"","site-post-title":"","ast-breadcrumbs-content":"","ast-featured-img":"","footer-sml-layout":"","ast-disable-related-posts":"","theme-transparent-header-meta":"default","adv-header-id-meta":"","stick-header-meta":"","header-above-stick-meta":"","header-main-stick-meta":"","header-below-stick-meta":"","astra-migrate-meta-layouts":"default","ast-page-background-enabled":"default","ast-page-background-meta":{"desktop":{"background-color":"var(--ast-global-color-5)","background-image":"","background-repeat":"repeat","background-position":"center center","background-size":"auto","background-attachment":"scroll","background-type":"","background-media":"","overlay-type":"","overlay-color":"","overlay-opacity":"","overlay-gradient":""},"tablet":{"background-color":"","background-image":"","background-repeat":"repeat","background-position":"center center","background-size":"auto","background-attachment":"scroll","background-type":"","background-media":"","overlay-type":"","overlay-color":"","overlay-opacity":"","overlay-gradient":""},"mobile":{"background-color":"","background-image":"","background-repeat":"repeat","background-position":"center center","background-size":"auto","background-attachment":"scroll","background-type":"","background-media":"","overlay-type":"","overlay-color":"","overlay-opacity":"","overlay-gradient":""}},"ast-content-background-meta":{"desktop":{"background-color":"var(--ast-global-color-4)","background-image":"","background-repeat":"repeat","background-position":"center center","background-size":"auto","background-attachment":"scroll","background-type":"","background-media":"","overlay-type":"","overlay-color":"","overlay-opacity":"","overlay-gradient":""},"tablet":{"background-color":"var(--ast-global-color-4)","background-image":"","background-repeat":"repeat","background-position":"center center","background-size":"auto","background-attachment":"scroll","background-type":"","background-media":"","overlay-type":"","overlay-color":"","overlay-opacity":"","overlay-gradient":""},"mobile":{"background-color":"var(--ast-global-color-4)","background-image":"","background-repeat":"repeat","background-position":"center center","background-size":"auto","background-attachment":"scroll","background-type":"","background-media":"","overlay-type":"","overlay-color":"","overlay-opacity":"","overlay-gradient":""}}},"product_brand":[],"product_cat":[2086],"product_tag":[389],"class_list":{"0":"post-89345","1":"product","2":"type-product","3":"status-publish","4":"has-post-thumbnail","6":"product_cat-levures","7":"product_tag-securite-fermentaire","8":"pa_aplicacion-fa-et-fml","9":"pa_ecologico-autorise-eu","10":"pa_ecologico-autorise-nop-usda","11":"pa_estilo-de-vino-blanc","12":"pa_estilo-de-vino-rose","13":"pa_estilo-de-vino-rouge","14":"pa_objetivo-aromes-fermentaires","15":"pa_vegano-vegetalien","16":"desktop-align-left","17":"tablet-align-left","18":"mobile-align-left","20":"first","21":"instock","22":"virtual","23":"product-type-simple"},"acf":[],"_links":{"self":[{"href":"https:\/\/agrovin.com\/fr\/wp-json\/wp\/v2\/product\/89345","targetHints":{"allow":["GET"]}}],"collection":[{"href":"https:\/\/agrovin.com\/fr\/wp-json\/wp\/v2\/product"}],"about":[{"href":"https:\/\/agrovin.com\/fr\/wp-json\/wp\/v2\/types\/product"}],"version-history":[{"count":0,"href":"https:\/\/agrovin.com\/fr\/wp-json\/wp\/v2\/product\/89345\/revisions"}],"wp:featuredmedia":[{"embeddable":true,"href":"https:\/\/agrovin.com\/fr\/wp-json\/wp\/v2\/media\/34426"}],"wp:attachment":[{"href":"https:\/\/agrovin.com\/fr\/wp-json\/wp\/v2\/media?parent=89345"}],"wp:term":[{"taxonomy":"product_brand","embeddable":true,"href":"https:\/\/agrovin.com\/fr\/wp-json\/wp\/v2\/product_brand?post=89345"},{"taxonomy":"product_cat","embeddable":true,"href":"https:\/\/agrovin.com\/fr\/wp-json\/wp\/v2\/product_cat?post=89345"},{"taxonomy":"product_tag","embeddable":true,"href":"https:\/\/agrovin.com\/fr\/wp-json\/wp\/v2\/product_tag?post=89345"}],"curies":[{"name":"wp","href":"https:\/\/api.w.org\/{rel}","templated":true}]}}