{"id":89340,"date":"2018-04-19T13:47:36","date_gmt":"2022-11-04T16:04:11","guid":{"rendered":"https:\/\/staging.agrovin.com\/non%20class\u00e9\/viniferm-klr\/"},"modified":"2024-04-23T21:54:39","modified_gmt":"2024-04-23T20:54:39","slug":"viniferm-klr","status":"publish","type":"product","link":"https:\/\/agrovin.com\/fr\/produits-oenologiques\/levures\/viniferm-klr\/","title":{"rendered":"VINIFERM KLR"},"content":{"rendered":"<h3>APPLICATION<\/h3>\n<ul>\n<li>Souche sp\u00e9cifique pour la flash et la thermovinification.<\/li>\n<li>Viniferm KLR , gr\u00e2ce \u00e0 son caract\u00e8re tueur, assure une bonne et compl\u00e8te fermentation alcoolique, en consommant tous les sucres du mo\u00fbt, m\u00eame dans des conditions difficiles telles que : temp\u00e9ratures de fermentation extr\u00eames, mo\u00fbts pauvres en azote assimilable et en acides gras, taux d&#8217;alcool \u00e9lev\u00e9s, mo\u00fbts tr\u00e8s clarifi\u00e9s.<\/li>\n<li>Viniferm KLR respecte la typicit\u00e9 des vignes qui produisent peu de compos\u00e9s aromatiques, contribuant positivement \u00e0 la complexit\u00e9 et \u00e0 la finesse aromatique.<\/li>\n<li>Viniferm KLR est recommand\u00e9 pour la vinification \u00e0 basse temp\u00e9rature des vins blancs, ros\u00e9s et rouges tout en pr\u00e9servant la typicit\u00e9 vari\u00e9tale des vignes.<\/li>\n<\/ul>\n<h3>DOSAGE<\/h3>\n<ul>\n<li>Vinification 20-30 g\/hl.<\/li>\n<\/ul>\n","protected":false},"excerpt":{"rendered":"<p>Viniferm KLR est une levure tueuse (ph\u00e9notype K2), assurant un \u00e9tablissement rapide et complet de la levure dans des conditions difficiles telles que : temp\u00e9ratures \u00e9lev\u00e9es, volumes importants ou populations \u00e9lev\u00e9es de levures indig\u00e8nes.<\/p>\n","protected":false},"featured_media":27113,"template":"","meta":{"_acf_changed":false,"inline_featured_image":false,"site-sidebar-layout":"default","site-content-layout":"default","ast-site-content-layout":"default","site-content-style":"default","site-sidebar-style":"default","ast-global-header-display":"","ast-banner-title-visibility":"","ast-main-header-display":"","ast-hfb-above-header-display":"","ast-hfb-below-header-display":"","ast-hfb-mobile-header-display":"","site-post-title":"","ast-breadcrumbs-content":"","ast-featured-img":"","footer-sml-layout":"","ast-disable-related-posts":"","theme-transparent-header-meta":"default","adv-header-id-meta":"","stick-header-meta":"","header-above-stick-meta":"","header-main-stick-meta":"","header-below-stick-meta":"","astra-migrate-meta-layouts":"default","ast-page-background-enabled":"default","ast-page-background-meta":{"desktop":{"background-color":"var(--ast-global-color-5)","background-image":"","background-repeat":"repeat","background-position":"center center","background-size":"auto","background-attachment":"scroll","background-type":"","background-media":"","overlay-type":"","overlay-color":"","overlay-opacity":"","overlay-gradient":""},"tablet":{"background-color":"","background-image":"","background-repeat":"repeat","background-position":"center center","background-size":"auto","background-attachment":"scroll","background-type":"","background-media":"","overlay-type":"","overlay-color":"","overlay-opacity":"","overlay-gradient":""},"mobile":{"background-color":"","background-image":"","background-repeat":"repeat","background-position":"center center","background-size":"auto","background-attachment":"scroll","background-type":"","background-media":"","overlay-type":"","overlay-color":"","overlay-opacity":"","overlay-gradient":""}},"ast-content-background-meta":{"desktop":{"background-color":"var(--ast-global-color-4)","background-image":"","background-repeat":"repeat","background-position":"center center","background-size":"auto","background-attachment":"scroll","background-type":"","background-media":"","overlay-type":"","overlay-color":"","overlay-opacity":"","overlay-gradient":""},"tablet":{"background-color":"var(--ast-global-color-4)","background-image":"","background-repeat":"repeat","background-position":"center center","background-size":"auto","background-attachment":"scroll","background-type":"","background-media":"","overlay-type":"","overlay-color":"","overlay-opacity":"","overlay-gradient":""},"mobile":{"background-color":"var(--ast-global-color-4)","background-image":"","background-repeat":"repeat","background-position":"center center","background-size":"auto","background-attachment":"scroll","background-type":"","background-media":"","overlay-type":"","overlay-color":"","overlay-opacity":"","overlay-gradient":""}}},"product_brand":[],"product_cat":[2086],"product_tag":[346],"class_list":{"0":"post-89340","1":"product","2":"type-product","3":"status-publish","4":"has-post-thumbnail","6":"product_cat-levures","7":"product_tag-aromas-varietales-fr","8":"pa_aplicacion-fa-et-fml","9":"pa_ecologico-autorise-eu","10":"pa_ecologico-autorise-nop-usda","11":"pa_estilo-de-vino-rouge","12":"pa_vegano-vegetalien","13":"desktop-align-left","14":"tablet-align-left","15":"mobile-align-left","17":"first","18":"instock","19":"virtual","20":"product-type-simple"},"acf":[],"_links":{"self":[{"href":"https:\/\/agrovin.com\/fr\/wp-json\/wp\/v2\/product\/89340","targetHints":{"allow":["GET"]}}],"collection":[{"href":"https:\/\/agrovin.com\/fr\/wp-json\/wp\/v2\/product"}],"about":[{"href":"https:\/\/agrovin.com\/fr\/wp-json\/wp\/v2\/types\/product"}],"version-history":[{"count":0,"href":"https:\/\/agrovin.com\/fr\/wp-json\/wp\/v2\/product\/89340\/revisions"}],"wp:featuredmedia":[{"embeddable":true,"href":"https:\/\/agrovin.com\/fr\/wp-json\/wp\/v2\/media\/27113"}],"wp:attachment":[{"href":"https:\/\/agrovin.com\/fr\/wp-json\/wp\/v2\/media?parent=89340"}],"wp:term":[{"taxonomy":"product_brand","embeddable":true,"href":"https:\/\/agrovin.com\/fr\/wp-json\/wp\/v2\/product_brand?post=89340"},{"taxonomy":"product_cat","embeddable":true,"href":"https:\/\/agrovin.com\/fr\/wp-json\/wp\/v2\/product_cat?post=89340"},{"taxonomy":"product_tag","embeddable":true,"href":"https:\/\/agrovin.com\/fr\/wp-json\/wp\/v2\/product_tag?post=89340"}],"curies":[{"name":"wp","href":"https:\/\/api.w.org\/{rel}","templated":true}]}}