{"id":89290,"date":"2018-04-19T08:56:00","date_gmt":"2022-11-04T16:02:55","guid":{"rendered":"https:\/\/staging.agrovin.com\/non%20class\u00e9\/nature-de-lesprit\/"},"modified":"2023-08-08T10:20:12","modified_gmt":"2023-08-08T09:20:12","slug":"spirit-nature","status":"publish","type":"product","link":"https:\/\/agrovin.com\/fr\/produits-oenologiques\/alternatives-au-chene\/spirit-nature\/","title":{"rendered":"SPIRIT NATURE"},"content":{"rendered":"<h3>CARACT\u00c9RISTIQUES<\/h3>\n<p>Spirit Nature contribue \u00e0 am\u00e9liorer les qualit\u00e9s organoleptiques du vin, gr\u00e2ce \u00e0 la lib\u00e9ration de compos\u00e9s int\u00e9ressants dans la phase olfactive et gustative.<\/p>\n<p>Le bois non torr\u00e9fi\u00e9 pr\u00e9sente des concentrations \u00e9lev\u00e9es de tannin ellagique, un pr\u00e9cieux antioxydant naturel. Apr\u00e8s la torr\u00e9faction, des compos\u00e9s volatils de grand int\u00e9r\u00eat \u0153nologique apparaissent.<\/p>\n<p>L&#8217;utilisation de Spirit Nature, fabriqu\u00e9 \u00e0 partir de bois d&#8217;\u00e9lagage de Quercus pyrenaica, contribue \u00e0 l&#8217;entretien durable des for\u00eats de ch\u00eanes p\u00e9ninsulaires.<\/p>\n<h3>DOSAGE<\/h3>\n<ul>\n<li>Mo\u00fbt\/vin 0,5- 6 g\/l<\/li>\n<\/ul>\n<p>La dose et la dur\u00e9e du traitement d\u00e9pendront du degr\u00e9 de rechute et de l&#8217;intensit\u00e9 des caract\u00e9ristiques souhait\u00e9es. ESPRIT NATURE, ESPRIT<br \/>\nSTRUCTURE et SPIRIT ELEGANCE sont recommand\u00e9s pour les p\u00e9riodes de<br \/>\ntraitement court et moyen. Les temps de contact en fonction du format sont :<br \/>\nJetons et dominos : 1 \u00e0 4 semaines.<br \/>\nIl est recommand\u00e9 de proc\u00e9der \u00e0 des essais pr\u00e9alables pour d\u00e9terminer le dosage et \u00e0 des d\u00e9gustations fr\u00e9quentes pour d\u00e9terminer la dur\u00e9e optimale du traitement.<\/p>\n","protected":false},"excerpt":{"rendered":"<p>Spirit Nature contribue \u00e0 am\u00e9liorer les qualit\u00e9s organoleptiques du vin, gr\u00e2ce \u00e0 la lib\u00e9ration de compos\u00e9s int\u00e9ressants dans la phase olfactive et gustative.<\/p>\n","protected":false},"featured_media":23044,"template":"","meta":{"_acf_changed":false,"inline_featured_image":false,"site-sidebar-layout":"default","site-content-layout":"default","ast-site-content-layout":"default","site-content-style":"default","site-sidebar-style":"default","ast-global-header-display":"","ast-banner-title-visibility":"","ast-main-header-display":"","ast-hfb-above-header-display":"","ast-hfb-below-header-display":"","ast-hfb-mobile-header-display":"","site-post-title":"","ast-breadcrumbs-content":"","ast-featured-img":"","footer-sml-layout":"","ast-disable-related-posts":"","theme-transparent-header-meta":"default","adv-header-id-meta":"","stick-header-meta":"","header-above-stick-meta":"","header-main-stick-meta":"","header-below-stick-meta":"","astra-migrate-meta-layouts":"default","ast-page-background-enabled":"default","ast-page-background-meta":{"desktop":{"background-color":"var(--ast-global-color-5)","background-image":"","background-repeat":"repeat","background-position":"center center","background-size":"auto","background-attachment":"scroll","background-type":"","background-media":"","overlay-type":"","overlay-color":"","overlay-opacity":"","overlay-gradient":""},"tablet":{"background-color":"","background-image":"","background-repeat":"repeat","background-position":"center center","background-size":"auto","background-attachment":"scroll","background-type":"","background-media":"","overlay-type":"","overlay-color":"","overlay-opacity":"","overlay-gradient":""},"mobile":{"background-color":"","background-image":"","background-repeat":"repeat","background-position":"center center","background-size":"auto","background-attachment":"scroll","background-type":"","background-media":"","overlay-type":"","overlay-color":"","overlay-opacity":"","overlay-gradient":""}},"ast-content-background-meta":{"desktop":{"background-color":"var(--ast-global-color-4)","background-image":"","background-repeat":"repeat","background-position":"center center","background-size":"auto","background-attachment":"scroll","background-type":"","background-media":"","overlay-type":"","overlay-color":"","overlay-opacity":"","overlay-gradient":""},"tablet":{"background-color":"var(--ast-global-color-4)","background-image":"","background-repeat":"repeat","background-position":"center center","background-size":"auto","background-attachment":"scroll","background-type":"","background-media":"","overlay-type":"","overlay-color":"","overlay-opacity":"","overlay-gradient":""},"mobile":{"background-color":"var(--ast-global-color-4)","background-image":"","background-repeat":"repeat","background-position":"center center","background-size":"auto","background-attachment":"scroll","background-type":"","background-media":"","overlay-type":"","overlay-color":"","overlay-opacity":"","overlay-gradient":""}}},"product_brand":[],"product_cat":[220],"product_tag":[433],"class_list":{"0":"post-89290","1":"product","2":"type-product","3":"status-publish","4":"has-post-thumbnail","6":"product_cat-alternatives-au-chene","7":"product_tag-roble-iberico-fr","8":"pa_ecologico-autorise-eu","9":"pa_ecologico-autorise-nop-usda","10":"pa_estilo-de-vino-blanc","11":"pa_estilo-de-vino-fut","12":"pa_estilo-de-vino-rose","13":"pa_estilo-de-vino-rouge","14":"pa_objetivo-definition-fr","15":"pa_objetivo-fermentation-exclusive","16":"pa_vegano-vegetalien","17":"desktop-align-left","18":"tablet-align-left","19":"mobile-align-left","21":"first","22":"instock","23":"virtual","24":"product-type-simple"},"acf":[],"_links":{"self":[{"href":"https:\/\/agrovin.com\/fr\/wp-json\/wp\/v2\/product\/89290","targetHints":{"allow":["GET"]}}],"collection":[{"href":"https:\/\/agrovin.com\/fr\/wp-json\/wp\/v2\/product"}],"about":[{"href":"https:\/\/agrovin.com\/fr\/wp-json\/wp\/v2\/types\/product"}],"version-history":[{"count":0,"href":"https:\/\/agrovin.com\/fr\/wp-json\/wp\/v2\/product\/89290\/revisions"}],"wp:featuredmedia":[{"embeddable":true,"href":"https:\/\/agrovin.com\/fr\/wp-json\/wp\/v2\/media\/23044"}],"wp:attachment":[{"href":"https:\/\/agrovin.com\/fr\/wp-json\/wp\/v2\/media?parent=89290"}],"wp:term":[{"taxonomy":"product_brand","embeddable":true,"href":"https:\/\/agrovin.com\/fr\/wp-json\/wp\/v2\/product_brand?post=89290"},{"taxonomy":"product_cat","embeddable":true,"href":"https:\/\/agrovin.com\/fr\/wp-json\/wp\/v2\/product_cat?post=89290"},{"taxonomy":"product_tag","embeddable":true,"href":"https:\/\/agrovin.com\/fr\/wp-json\/wp\/v2\/product_tag?post=89290"}],"curies":[{"name":"wp","href":"https:\/\/api.w.org\/{rel}","templated":true}]}}