{"id":89280,"date":"2018-04-19T10:03:33","date_gmt":"2022-11-04T16:02:40","guid":{"rendered":"https:\/\/staging.agrovin.com\/non%20class\u00e9\/elegance-vinifere\/"},"modified":"2022-11-05T16:45:16","modified_gmt":"2022-11-05T15:45:16","slug":"viniferm-elegancia","status":"publish","type":"product","link":"https:\/\/agrovin.com\/fr\/produits-oenologiques\/levures\/viniferm-elegancia\/","title":{"rendered":"VINIFERM ELEGANCIA"},"content":{"rendered":"<h3>CARACT\u00c9RISTIQUES<\/h3>\n<p>Contrairement \u00e0 la plupart des c\u00e9pages \u0153nologiques, qui produisent des ar\u00f4mes fermentaires lors de la fermentation alcoolique, il maintient et accentue la typicit\u00e9 vari\u00e9tale. Sa lyse rapide le rend int\u00e9ressant pour les blancs ferment\u00e9s en barrique.<\/p>\n<h3>APPLICATION<\/h3>\n<ul>\n<li>Particuli\u00e8rement indiqu\u00e9 pour l&#8217;\u00e9laboration de vins blancs \u00e0 pr\u00e9curseurs terp\u00e9niques (Albari\u00f1o, Chardonnay, Moscatel&#8230;).<\/li>\n<li>Id\u00e9al pour le vin de base cava en raison de sa faible production de SO2.<\/li>\n<li>Fermentation contr\u00f4l\u00e9e de vari\u00e9t\u00e9s neutres avec des mo\u00fbts hautement clarifi\u00e9s.<\/li>\n<li>Production de vins blancs ferment\u00e9s en barrique.<\/li>\n<li>Production de vins ros\u00e9s avec un caract\u00e8re floral et un volume accru en bouche.<\/li>\n<li>Production de vins mousseux.<\/li>\n<\/ul>\n<h3>DOSAGE<\/h3>\n<ul>\n<li>Vinification 20-30 g\/hl<\/li>\n<\/ul>\n","protected":false},"excerpt":{"rendered":"<p>Viniferm ELEGANCIA est une levure cryophile int\u00e9ressante pour la fermentation \u00e0 basse temp\u00e9rature. Son activit\u00e9 m\u00e9tabolique permet la lib\u00e9ration de terp\u00e8nes aromatiques.<\/p>\n","protected":false},"featured_media":27101,"template":"","meta":{"_acf_changed":false,"inline_featured_image":false,"site-sidebar-layout":"default","site-content-layout":"default","ast-site-content-layout":"default","site-content-style":"default","site-sidebar-style":"default","ast-global-header-display":"","ast-banner-title-visibility":"","ast-main-header-display":"","ast-hfb-above-header-display":"","ast-hfb-below-header-display":"","ast-hfb-mobile-header-display":"","site-post-title":"","ast-breadcrumbs-content":"","ast-featured-img":"","footer-sml-layout":"","ast-disable-related-posts":"","theme-transparent-header-meta":"default","adv-header-id-meta":"","stick-header-meta":"","header-above-stick-meta":"","header-main-stick-meta":"","header-below-stick-meta":"","astra-migrate-meta-layouts":"default","ast-page-background-enabled":"default","ast-page-background-meta":{"desktop":{"background-color":"var(--ast-global-color-5)","background-image":"","background-repeat":"repeat","background-position":"center center","background-size":"auto","background-attachment":"scroll","background-type":"","background-media":"","overlay-type":"","overlay-color":"","overlay-opacity":"","overlay-gradient":""},"tablet":{"background-color":"","background-image":"","background-repeat":"repeat","background-position":"center center","background-size":"auto","background-attachment":"scroll","background-type":"","background-media":"","overlay-type":"","overlay-color":"","overlay-opacity":"","overlay-gradient":""},"mobile":{"background-color":"","background-image":"","background-repeat":"repeat","background-position":"center center","background-size":"auto","background-attachment":"scroll","background-type":"","background-media":"","overlay-type":"","overlay-color":"","overlay-opacity":"","overlay-gradient":""}},"ast-content-background-meta":{"desktop":{"background-color":"var(--ast-global-color-4)","background-image":"","background-repeat":"repeat","background-position":"center center","background-size":"auto","background-attachment":"scroll","background-type":"","background-media":"","overlay-type":"","overlay-color":"","overlay-opacity":"","overlay-gradient":""},"tablet":{"background-color":"var(--ast-global-color-4)","background-image":"","background-repeat":"repeat","background-position":"center center","background-size":"auto","background-attachment":"scroll","background-type":"","background-media":"","overlay-type":"","overlay-color":"","overlay-opacity":"","overlay-gradient":""},"mobile":{"background-color":"var(--ast-global-color-4)","background-image":"","background-repeat":"repeat","background-position":"center center","background-size":"auto","background-attachment":"scroll","background-type":"","background-media":"","overlay-type":"","overlay-color":"","overlay-opacity":"","overlay-gradient":""}}},"product_brand":[],"product_cat":[2086],"product_tag":[346,389,347],"class_list":{"0":"post-89280","1":"product","2":"type-product","3":"status-publish","4":"has-post-thumbnail","6":"product_cat-levures","7":"product_tag-aromas-varietales-fr","8":"product_tag-securite-fermentaire","9":"product_tag-estructura-y-volumen-en-boca-fr","10":"pa_aplicacion-fa-et-fml","11":"pa_ecologico-autorise-eu","12":"pa_ecologico-autorise-nop-usda","13":"pa_estilo-de-vino-blanc","14":"pa_estilo-de-vino-petillant","15":"pa_estilo-de-vino-rose","16":"pa_vegano-vegetalien","17":"desktop-align-left","18":"tablet-align-left","19":"mobile-align-left","21":"first","22":"instock","23":"virtual","24":"product-type-simple"},"acf":[],"_links":{"self":[{"href":"https:\/\/agrovin.com\/fr\/wp-json\/wp\/v2\/product\/89280","targetHints":{"allow":["GET"]}}],"collection":[{"href":"https:\/\/agrovin.com\/fr\/wp-json\/wp\/v2\/product"}],"about":[{"href":"https:\/\/agrovin.com\/fr\/wp-json\/wp\/v2\/types\/product"}],"version-history":[{"count":0,"href":"https:\/\/agrovin.com\/fr\/wp-json\/wp\/v2\/product\/89280\/revisions"}],"wp:featuredmedia":[{"embeddable":true,"href":"https:\/\/agrovin.com\/fr\/wp-json\/wp\/v2\/media\/27101"}],"wp:attachment":[{"href":"https:\/\/agrovin.com\/fr\/wp-json\/wp\/v2\/media?parent=89280"}],"wp:term":[{"taxonomy":"product_brand","embeddable":true,"href":"https:\/\/agrovin.com\/fr\/wp-json\/wp\/v2\/product_brand?post=89280"},{"taxonomy":"product_cat","embeddable":true,"href":"https:\/\/agrovin.com\/fr\/wp-json\/wp\/v2\/product_cat?post=89280"},{"taxonomy":"product_tag","embeddable":true,"href":"https:\/\/agrovin.com\/fr\/wp-json\/wp\/v2\/product_tag?post=89280"}],"curies":[{"name":"wp","href":"https:\/\/api.w.org\/{rel}","templated":true}]}}