{"id":89270,"date":"2018-04-19T07:01:59","date_gmt":"2022-11-04T16:02:24","guid":{"rendered":"https:\/\/staging.agrovin.com\/non%20class\u00e9\/stabicel\/"},"modified":"2023-08-28T13:52:59","modified_gmt":"2023-08-28T12:52:59","slug":"estabicel","status":"publish","type":"product","link":"https:\/\/agrovin.com\/fr\/produits-oenologiques\/stabilisants\/estabicel\/","title":{"rendered":"ESTABICEL"},"content":{"rendered":"<h3>CARACT\u00c9RISTIQUES<\/h3>\n<p>Stabicel est une gomme de cellulose d&#8217;origine v\u00e9g\u00e9tale, purifi\u00e9e et s\u00e9lectionn\u00e9e pour son degr\u00e9 de substitution, son degr\u00e9 de polym\u00e9risation et sa faible viscosit\u00e9.<\/p>\n<h3>APPLICATION<\/h3>\n<p>Stabilisation contre la pr\u00e9cipitation des sels d&#8217;acide tartrique (bitartrate de potassium), gr\u00e2ce \u00e0 l&#8217;inhibition du ph\u00e9nom\u00e8ne de nucl\u00e9ation. Sa formulation liquide facilite son utilisation dans le vin.<\/p>\n<h3>DOSAGE<\/h3>\n<div class=\"page\" title=\"Page 1\">\n<div class=\"section\">\n<div class=\"layoutArea\">\n<div class=\"column\">\n<p>STABICEL 50-200 ml\/hl<\/p>\n<\/div>\n<\/div>\n<\/div>\n<\/div>\n","protected":false},"excerpt":{"rendered":"<p>Pr\u00e9paration liquide de gomme de cellulose pour la stabilisation tartrique des vins blancs, mousseux et p\u00e9tillants.<\/p>\n","protected":false},"featured_media":22234,"template":"","meta":{"_acf_changed":false,"inline_featured_image":false,"site-sidebar-layout":"default","site-content-layout":"default","ast-site-content-layout":"default","site-content-style":"default","site-sidebar-style":"default","ast-global-header-display":"","ast-banner-title-visibility":"","ast-main-header-display":"","ast-hfb-above-header-display":"","ast-hfb-below-header-display":"","ast-hfb-mobile-header-display":"","site-post-title":"","ast-breadcrumbs-content":"","ast-featured-img":"","footer-sml-layout":"","ast-disable-related-posts":"","theme-transparent-header-meta":"default","adv-header-id-meta":"","stick-header-meta":"","header-above-stick-meta":"","header-main-stick-meta":"","header-below-stick-meta":"","astra-migrate-meta-layouts":"default","ast-page-background-enabled":"default","ast-page-background-meta":{"desktop":{"background-color":"var(--ast-global-color-5)","background-image":"","background-repeat":"repeat","background-position":"center center","background-size":"auto","background-attachment":"scroll","background-type":"","background-media":"","overlay-type":"","overlay-color":"","overlay-opacity":"","overlay-gradient":""},"tablet":{"background-color":"","background-image":"","background-repeat":"repeat","background-position":"center center","background-size":"auto","background-attachment":"scroll","background-type":"","background-media":"","overlay-type":"","overlay-color":"","overlay-opacity":"","overlay-gradient":""},"mobile":{"background-color":"","background-image":"","background-repeat":"repeat","background-position":"center center","background-size":"auto","background-attachment":"scroll","background-type":"","background-media":"","overlay-type":"","overlay-color":"","overlay-opacity":"","overlay-gradient":""}},"ast-content-background-meta":{"desktop":{"background-color":"var(--ast-global-color-4)","background-image":"","background-repeat":"repeat","background-position":"center center","background-size":"auto","background-attachment":"scroll","background-type":"","background-media":"","overlay-type":"","overlay-color":"","overlay-opacity":"","overlay-gradient":""},"tablet":{"background-color":"var(--ast-global-color-4)","background-image":"","background-repeat":"repeat","background-position":"center center","background-size":"auto","background-attachment":"scroll","background-type":"","background-media":"","overlay-type":"","overlay-color":"","overlay-opacity":"","overlay-gradient":""},"mobile":{"background-color":"var(--ast-global-color-4)","background-image":"","background-repeat":"repeat","background-position":"center center","background-size":"auto","background-attachment":"scroll","background-type":"","background-media":"","overlay-type":"","overlay-color":"","overlay-opacity":"","overlay-gradient":""}}},"product_brand":[],"product_cat":[180],"product_tag":[409],"class_list":{"0":"post-89270","1":"product","2":"type-product","3":"status-publish","4":"has-post-thumbnail","6":"product_cat-stabilisants","7":"product_tag-stabilite-tartrique","8":"pa_estilo-de-vino-blanc","9":"pa_estilo-de-vino-petillant","10":"pa_objetivo-stabilisation","11":"desktop-align-left","12":"tablet-align-left","13":"mobile-align-left","15":"first","16":"instock","17":"virtual","18":"product-type-simple"},"acf":[],"_links":{"self":[{"href":"https:\/\/agrovin.com\/fr\/wp-json\/wp\/v2\/product\/89270","targetHints":{"allow":["GET"]}}],"collection":[{"href":"https:\/\/agrovin.com\/fr\/wp-json\/wp\/v2\/product"}],"about":[{"href":"https:\/\/agrovin.com\/fr\/wp-json\/wp\/v2\/types\/product"}],"version-history":[{"count":0,"href":"https:\/\/agrovin.com\/fr\/wp-json\/wp\/v2\/product\/89270\/revisions"}],"wp:featuredmedia":[{"embeddable":true,"href":"https:\/\/agrovin.com\/fr\/wp-json\/wp\/v2\/media\/22234"}],"wp:attachment":[{"href":"https:\/\/agrovin.com\/fr\/wp-json\/wp\/v2\/media?parent=89270"}],"wp:term":[{"taxonomy":"product_brand","embeddable":true,"href":"https:\/\/agrovin.com\/fr\/wp-json\/wp\/v2\/product_brand?post=89270"},{"taxonomy":"product_cat","embeddable":true,"href":"https:\/\/agrovin.com\/fr\/wp-json\/wp\/v2\/product_cat?post=89270"},{"taxonomy":"product_tag","embeddable":true,"href":"https:\/\/agrovin.com\/fr\/wp-json\/wp\/v2\/product_tag?post=89270"}],"curies":[{"name":"wp","href":"https:\/\/api.w.org\/{rel}","templated":true}]}}