{"id":89265,"date":"2018-04-19T09:30:48","date_gmt":"2022-11-04T16:02:17","guid":{"rendered":"https:\/\/staging.agrovin.com\/non%20class\u00e9\/divulgation-de-viniferm\/"},"modified":"2022-11-05T16:16:35","modified_gmt":"2022-11-05T15:16:35","slug":"viniferm-revelacion","status":"publish","type":"product","link":"https:\/\/agrovin.com\/fr\/produits-oenologiques\/levures\/viniferm-revelacion\/","title":{"rendered":"VINIFERM REVELACI\u00d3N"},"content":{"rendered":"<h3>CARACT\u00c9RISTIQUES<\/h3>\n<p>Il combine la lib\u00e9ration de thiols volatils avec l&#8217;expression d&#8217;ar\u00f4mes fermentaires, principalement de nature florale.<\/p>\n<h3>APPLICATION<\/h3>\n<ul>\n<li>Production de vins blancs de c\u00e9page d&#8217;une grande \u00e9l\u00e9gance et complexit\u00e9.<\/li>\n<li>Vins blancs technologiques au profil aromatique marqu\u00e9 et aux conditions de fermentation difficiles.<\/li>\n<li>Convient aux fermentations \u00e0 profil thermique invers\u00e9, avec contr\u00f4le de la temp\u00e9rature \u00e0 18\u00baC pendant les 2 ou 3 premiers jours, puis abaissement de la temp\u00e9rature \u00e0 14\u00baC dans les 24 heures.<\/li>\n<li>Intensifie le caract\u00e8re vari\u00e9tal du Verdejo et du Sauvignon Blanc. Convient aux vari\u00e9t\u00e9s telles que Colombard, Gros et Petit Manseng, S\u00e9millon et Riesling.<\/li>\n<li>Dans les vins ros\u00e9s, d&#8217;excellents r\u00e9sultats en Garnacha Merlot et Syrah.<\/li>\n<li>M\u00eame dans les vari\u00e9t\u00e9s plus neutres, la complexit\u00e9 aromatique augmente consid\u00e9rablement.<\/li>\n<\/ul>\n<h3><strong>DOSAGE<\/strong><\/h3>\n<ul>\n<li>Vinification 20-30 g\/hl<\/li>\n<\/ul>\n","protected":false},"excerpt":{"rendered":"<p>Viniferm REVELACI\u00d3N est le c\u00e9page id\u00e9al pour augmenter la complexit\u00e9 aromatique des vins.<\/p>\n","protected":false},"featured_media":27119,"template":"","meta":{"_acf_changed":false,"inline_featured_image":false,"site-sidebar-layout":"default","site-content-layout":"default","ast-site-content-layout":"default","site-content-style":"default","site-sidebar-style":"default","ast-global-header-display":"","ast-banner-title-visibility":"","ast-main-header-display":"","ast-hfb-above-header-display":"","ast-hfb-below-header-display":"","ast-hfb-mobile-header-display":"","site-post-title":"","ast-breadcrumbs-content":"","ast-featured-img":"","footer-sml-layout":"","ast-disable-related-posts":"","theme-transparent-header-meta":"default","adv-header-id-meta":"","stick-header-meta":"","header-above-stick-meta":"","header-main-stick-meta":"","header-below-stick-meta":"","astra-migrate-meta-layouts":"default","ast-page-background-enabled":"default","ast-page-background-meta":{"desktop":{"background-color":"var(--ast-global-color-5)","background-image":"","background-repeat":"repeat","background-position":"center center","background-size":"auto","background-attachment":"scroll","background-type":"","background-media":"","overlay-type":"","overlay-color":"","overlay-opacity":"","overlay-gradient":""},"tablet":{"background-color":"","background-image":"","background-repeat":"repeat","background-position":"center center","background-size":"auto","background-attachment":"scroll","background-type":"","background-media":"","overlay-type":"","overlay-color":"","overlay-opacity":"","overlay-gradient":""},"mobile":{"background-color":"","background-image":"","background-repeat":"repeat","background-position":"center center","background-size":"auto","background-attachment":"scroll","background-type":"","background-media":"","overlay-type":"","overlay-color":"","overlay-opacity":"","overlay-gradient":""}},"ast-content-background-meta":{"desktop":{"background-color":"var(--ast-global-color-4)","background-image":"","background-repeat":"repeat","background-position":"center center","background-size":"auto","background-attachment":"scroll","background-type":"","background-media":"","overlay-type":"","overlay-color":"","overlay-opacity":"","overlay-gradient":""},"tablet":{"background-color":"var(--ast-global-color-4)","background-image":"","background-repeat":"repeat","background-position":"center center","background-size":"auto","background-attachment":"scroll","background-type":"","background-media":"","overlay-type":"","overlay-color":"","overlay-opacity":"","overlay-gradient":""},"mobile":{"background-color":"var(--ast-global-color-4)","background-image":"","background-repeat":"repeat","background-position":"center center","background-size":"auto","background-attachment":"scroll","background-type":"","background-media":"","overlay-type":"","overlay-color":"","overlay-opacity":"","overlay-gradient":""}}},"product_brand":[],"product_cat":[2086],"product_tag":[346],"class_list":{"0":"post-89265","1":"product","2":"type-product","3":"status-publish","4":"has-post-thumbnail","6":"product_cat-levures","7":"product_tag-aromas-varietales-fr","8":"pa_aplicacion-fa-et-fml","9":"pa_ecologico-autorise-eu","10":"pa_ecologico-autorise-nop-usda","11":"pa_estilo-de-vino-blanc","12":"pa_estilo-de-vino-rose","13":"pa_vegano-vegetalien","14":"desktop-align-left","15":"tablet-align-left","16":"mobile-align-left","18":"first","19":"instock","20":"virtual","21":"product-type-simple"},"acf":[],"_links":{"self":[{"href":"https:\/\/agrovin.com\/fr\/wp-json\/wp\/v2\/product\/89265","targetHints":{"allow":["GET"]}}],"collection":[{"href":"https:\/\/agrovin.com\/fr\/wp-json\/wp\/v2\/product"}],"about":[{"href":"https:\/\/agrovin.com\/fr\/wp-json\/wp\/v2\/types\/product"}],"version-history":[{"count":0,"href":"https:\/\/agrovin.com\/fr\/wp-json\/wp\/v2\/product\/89265\/revisions"}],"wp:featuredmedia":[{"embeddable":true,"href":"https:\/\/agrovin.com\/fr\/wp-json\/wp\/v2\/media\/27119"}],"wp:attachment":[{"href":"https:\/\/agrovin.com\/fr\/wp-json\/wp\/v2\/media?parent=89265"}],"wp:term":[{"taxonomy":"product_brand","embeddable":true,"href":"https:\/\/agrovin.com\/fr\/wp-json\/wp\/v2\/product_brand?post=89265"},{"taxonomy":"product_cat","embeddable":true,"href":"https:\/\/agrovin.com\/fr\/wp-json\/wp\/v2\/product_cat?post=89265"},{"taxonomy":"product_tag","embeddable":true,"href":"https:\/\/agrovin.com\/fr\/wp-json\/wp\/v2\/product_tag?post=89265"}],"curies":[{"name":"wp","href":"https:\/\/api.w.org\/{rel}","templated":true}]}}