{"id":89255,"date":"2018-04-19T07:07:27","date_gmt":"2022-11-04T16:02:03","guid":{"rendered":"https:\/\/staging.agrovin.com\/non%20class\u00e9\/metavimon\/"},"modified":"2025-06-26T09:25:35","modified_gmt":"2025-06-26T07:25:35","slug":"metavimon","status":"publish","type":"product","link":"https:\/\/agrovin.com\/fr\/produits-oenologiques\/stabilisants\/metavimon\/","title":{"rendered":"METAVIMON"},"content":{"rendered":"<h3>CARACT\u00c9RISTIQUES<\/h3>\n<p>Il agit en inhibant la cristallisation des sels de bitartrate de potassium et de tartrate de calcium, emp\u00eachant ainsi les mol\u00e9cules de tartrate insolubilis\u00e9es de s&#8217;assembler et donc la croissance des cristaux.<\/p>\n<p>Lorsqu&#8217;il est ajout\u00e9 au vin, le Metavimon est lentement hydrolys\u00e9 et retransform\u00e9 en acide tartrique et perd progressivement son activit\u00e9.<\/p>\n<p>L&#8217;efficacit\u00e9 de Metavimon d\u00e9pend de la temp\u00e9rature de stockage du vin trait\u00e9. A basse temp\u00e9rature, son hydrolyse est plus lente.<\/p>\n<p>Le m\u00e9tavimon a un taux d&#8217;est\u00e9rification \u00e9lev\u00e9.<\/p>\n<h3>APPLICATION<\/h3>\n<p>Convient aux vins blancs, ros\u00e9s et rouges tartriquement instables, o\u00f9 il est n\u00e9cessaire d&#8217;\u00e9viter la pr\u00e9cipitation due aux sels tartriques.<\/p>\n<h3>DOSAGE<\/h3>\n<div class=\"page\" title=\"Page 1\">\n<div class=\"section\">\n<div class=\"layoutArea\">\n<div class=\"column\">\n<p>Vin fini : <span style=\"font-size: 16px;\">5-10 g\/hl<\/span><\/p>\n<\/div>\n<\/div>\n<\/div>\n<\/div>\n","protected":false},"excerpt":{"rendered":"<p>Le m\u00e9tavimon a la propri\u00e9t\u00e9 d&#8217;inhiber la cristallisation du bitartrate de potassium et du tartrate de calcium neutre.<\/p>\n","protected":false},"featured_media":34420,"template":"","meta":{"_acf_changed":false,"inline_featured_image":false,"site-sidebar-layout":"default","site-content-layout":"default","ast-site-content-layout":"default","site-content-style":"default","site-sidebar-style":"default","ast-global-header-display":"","ast-banner-title-visibility":"","ast-main-header-display":"","ast-hfb-above-header-display":"","ast-hfb-below-header-display":"","ast-hfb-mobile-header-display":"","site-post-title":"","ast-breadcrumbs-content":"","ast-featured-img":"","footer-sml-layout":"","ast-disable-related-posts":"","theme-transparent-header-meta":"default","adv-header-id-meta":"","stick-header-meta":"","header-above-stick-meta":"","header-main-stick-meta":"","header-below-stick-meta":"","astra-migrate-meta-layouts":"set","ast-page-background-enabled":"default","ast-page-background-meta":{"desktop":{"background-color":"var(--ast-global-color-5)","background-image":"","background-repeat":"repeat","background-position":"center center","background-size":"auto","background-attachment":"scroll","background-type":"","background-media":"","overlay-type":"","overlay-color":"","overlay-opacity":"","overlay-gradient":""},"tablet":{"background-color":"","background-image":"","background-repeat":"repeat","background-position":"center center","background-size":"auto","background-attachment":"scroll","background-type":"","background-media":"","overlay-type":"","overlay-color":"","overlay-opacity":"","overlay-gradient":""},"mobile":{"background-color":"","background-image":"","background-repeat":"repeat","background-position":"center center","background-size":"auto","background-attachment":"scroll","background-type":"","background-media":"","overlay-type":"","overlay-color":"","overlay-opacity":"","overlay-gradient":""}},"ast-content-background-meta":{"desktop":{"background-color":"var(--ast-global-color-4)","background-image":"","background-repeat":"repeat","background-position":"center center","background-size":"auto","background-attachment":"scroll","background-type":"","background-media":"","overlay-type":"","overlay-color":"","overlay-opacity":"","overlay-gradient":""},"tablet":{"background-color":"var(--ast-global-color-4)","background-image":"","background-repeat":"repeat","background-position":"center center","background-size":"auto","background-attachment":"scroll","background-type":"","background-media":"","overlay-type":"","overlay-color":"","overlay-opacity":"","overlay-gradient":""},"mobile":{"background-color":"var(--ast-global-color-4)","background-image":"","background-repeat":"repeat","background-position":"center center","background-size":"auto","background-attachment":"scroll","background-type":"","background-media":"","overlay-type":"","overlay-color":"","overlay-opacity":"","overlay-gradient":""}}},"product_brand":[],"product_cat":[180],"product_tag":[409],"class_list":{"0":"post-89255","1":"product","2":"type-product","3":"status-publish","4":"has-post-thumbnail","6":"product_cat-stabilisants","7":"product_tag-stabilite-tartrique","8":"pa_ecologico-autorise-eu","9":"pa_objetivo-stabilisation","10":"desktop-align-left","11":"tablet-align-left","12":"mobile-align-left","14":"first","15":"instock","16":"virtual","17":"product-type-simple"},"acf":[],"_links":{"self":[{"href":"https:\/\/agrovin.com\/fr\/wp-json\/wp\/v2\/product\/89255","targetHints":{"allow":["GET"]}}],"collection":[{"href":"https:\/\/agrovin.com\/fr\/wp-json\/wp\/v2\/product"}],"about":[{"href":"https:\/\/agrovin.com\/fr\/wp-json\/wp\/v2\/types\/product"}],"version-history":[{"count":1,"href":"https:\/\/agrovin.com\/fr\/wp-json\/wp\/v2\/product\/89255\/revisions"}],"predecessor-version":[{"id":120374,"href":"https:\/\/agrovin.com\/fr\/wp-json\/wp\/v2\/product\/89255\/revisions\/120374"}],"wp:featuredmedia":[{"embeddable":true,"href":"https:\/\/agrovin.com\/fr\/wp-json\/wp\/v2\/media\/34420"}],"wp:attachment":[{"href":"https:\/\/agrovin.com\/fr\/wp-json\/wp\/v2\/media?parent=89255"}],"wp:term":[{"taxonomy":"product_brand","embeddable":true,"href":"https:\/\/agrovin.com\/fr\/wp-json\/wp\/v2\/product_brand?post=89255"},{"taxonomy":"product_cat","embeddable":true,"href":"https:\/\/agrovin.com\/fr\/wp-json\/wp\/v2\/product_cat?post=89255"},{"taxonomy":"product_tag","embeddable":true,"href":"https:\/\/agrovin.com\/fr\/wp-json\/wp\/v2\/product_tag?post=89255"}],"curies":[{"name":"wp","href":"https:\/\/api.w.org\/{rel}","templated":true}]}}