{"id":89252,"date":"2018-04-19T07:00:41","date_gmt":"2022-11-04T15:53:48","guid":{"rendered":"https:\/\/staging.agrovin.com\/non%20class\u00e9\/gomasol-phi\/"},"modified":"2022-11-05T19:43:47","modified_gmt":"2022-11-05T18:43:47","slug":"gomasol-phi","status":"publish","type":"product","link":"https:\/\/agrovin.com\/fr\/produits-oenologiques\/stabilisants\/gomasol-phi\/","title":{"rendered":"GOMASOL PHI"},"content":{"rendered":"<h3>CARACT\u00c9RISTIQUES<\/h3>\n<ul>\n<li>Il est pr\u00e9par\u00e9 \u00e0 partir de gomme arabique de premi\u00e8re qualit\u00e9, exempte d&#8217;impuret\u00e9s.<\/li>\n<li>UNE GRANDE STABILIT\u00c9 COLLO\u00cfDALE. De par sa taille, il \u00e9vite l&#8217;agr\u00e9gation des cristaux, ce qui am\u00e9liore la STABILIT\u00c9 TARTRIQUE.<\/li>\n<li>EFFET SENSORIEL. Les gommes arabiques de qualit\u00e9 Seyal sont des gommes \u00e0 haut poids mol\u00e9culaire, id\u00e9ales pour donner du volume en bouche, apporter de la rondeur, \u00e9liminer l&#8217;amertume et l&#8217;astringence.<\/li>\n<li>Elle provient de la s\u00e9lection rigoureuse des meilleures mati\u00e8res premi\u00e8res et est obtenue par un processus de production naturel, sans ajout d&#8217;agents chimiques, par solubilisation et purification, dont le but est de maintenir pratiquement intactes les dimensions et la structure de la gomme.<\/li>\n<li>Gomasol PHI , a un faible indice de colmatage.<\/li>\n<\/ul>\n<h3>APPLICATION<\/h3>\n<p>Utilis\u00e9 dans les vins rouges, ros\u00e9s ou blancs, il am\u00e9liore l&#8217;onctuosit\u00e9 et la rondeur en bouche.<\/p>\n<p>En tant que collo\u00efde naturel, il contribue \u00e9galement \u00e0 am\u00e9liorer la stabilit\u00e9 tartrique.<\/p>\n<h3>DOSAGE<\/h3>\n<div class=\"page\" title=\"Page 2\">\n<div class=\"layoutArea\">\n<div class=\"column\">\n<p>VINS JEUNES : 100-200 ml\/hl<\/p>\n<p>VINS DE PLUS D&#8217;UN AN : <span style=\"font-size: 16px;\">70-100 ml\/hl<\/span><\/p>\n<\/div>\n<\/div>\n<\/div>\n","protected":false},"excerpt":{"rendered":"<p>Gomasol PHI est une solution concentr\u00e9e de gomme arabique 100% Acacia seyal.<\/p>\n","protected":false},"featured_media":22222,"template":"","meta":{"_acf_changed":false,"inline_featured_image":false,"site-sidebar-layout":"default","site-content-layout":"default","ast-site-content-layout":"default","site-content-style":"default","site-sidebar-style":"default","ast-global-header-display":"","ast-banner-title-visibility":"","ast-main-header-display":"","ast-hfb-above-header-display":"","ast-hfb-below-header-display":"","ast-hfb-mobile-header-display":"","site-post-title":"","ast-breadcrumbs-content":"","ast-featured-img":"","footer-sml-layout":"","ast-disable-related-posts":"","theme-transparent-header-meta":"default","adv-header-id-meta":"","stick-header-meta":"","header-above-stick-meta":"","header-main-stick-meta":"","header-below-stick-meta":"","astra-migrate-meta-layouts":"default","ast-page-background-enabled":"default","ast-page-background-meta":{"desktop":{"background-color":"var(--ast-global-color-5)","background-image":"","background-repeat":"repeat","background-position":"center center","background-size":"auto","background-attachment":"scroll","background-type":"","background-media":"","overlay-type":"","overlay-color":"","overlay-opacity":"","overlay-gradient":""},"tablet":{"background-color":"","background-image":"","background-repeat":"repeat","background-position":"center center","background-size":"auto","background-attachment":"scroll","background-type":"","background-media":"","overlay-type":"","overlay-color":"","overlay-opacity":"","overlay-gradient":""},"mobile":{"background-color":"","background-image":"","background-repeat":"repeat","background-position":"center center","background-size":"auto","background-attachment":"scroll","background-type":"","background-media":"","overlay-type":"","overlay-color":"","overlay-opacity":"","overlay-gradient":""}},"ast-content-background-meta":{"desktop":{"background-color":"var(--ast-global-color-4)","background-image":"","background-repeat":"repeat","background-position":"center center","background-size":"auto","background-attachment":"scroll","background-type":"","background-media":"","overlay-type":"","overlay-color":"","overlay-opacity":"","overlay-gradient":""},"tablet":{"background-color":"var(--ast-global-color-4)","background-image":"","background-repeat":"repeat","background-position":"center center","background-size":"auto","background-attachment":"scroll","background-type":"","background-media":"","overlay-type":"","overlay-color":"","overlay-opacity":"","overlay-gradient":""},"mobile":{"background-color":"var(--ast-global-color-4)","background-image":"","background-repeat":"repeat","background-position":"center center","background-size":"auto","background-attachment":"scroll","background-type":"","background-media":"","overlay-type":"","overlay-color":"","overlay-opacity":"","overlay-gradient":""}}},"product_brand":[],"product_cat":[180],"product_tag":[408],"class_list":{"0":"post-89252","1":"product","2":"type-product","3":"status-publish","4":"has-post-thumbnail","6":"product_cat-stabilisants","7":"product_tag-stabilite-de-la-matiere-colorante","8":"pa_ecologico-autorise-eu","9":"pa_ecologico-autorise-nop-usda","10":"pa_estilo-de-vino-blanc","11":"pa_estilo-de-vino-petillant","12":"pa_estilo-de-vino-rose","13":"pa_estilo-de-vino-rouge","14":"pa_objetivo-affiner","15":"pa_objetivo-amelioration-sensorielle","16":"pa_objetivo-stabilisation","17":"desktop-align-left","18":"tablet-align-left","19":"mobile-align-left","21":"first","22":"instock","23":"virtual","24":"product-type-simple"},"acf":[],"_links":{"self":[{"href":"https:\/\/agrovin.com\/fr\/wp-json\/wp\/v2\/product\/89252","targetHints":{"allow":["GET"]}}],"collection":[{"href":"https:\/\/agrovin.com\/fr\/wp-json\/wp\/v2\/product"}],"about":[{"href":"https:\/\/agrovin.com\/fr\/wp-json\/wp\/v2\/types\/product"}],"version-history":[{"count":0,"href":"https:\/\/agrovin.com\/fr\/wp-json\/wp\/v2\/product\/89252\/revisions"}],"wp:featuredmedia":[{"embeddable":true,"href":"https:\/\/agrovin.com\/fr\/wp-json\/wp\/v2\/media\/22222"}],"wp:attachment":[{"href":"https:\/\/agrovin.com\/fr\/wp-json\/wp\/v2\/media?parent=89252"}],"wp:term":[{"taxonomy":"product_brand","embeddable":true,"href":"https:\/\/agrovin.com\/fr\/wp-json\/wp\/v2\/product_brand?post=89252"},{"taxonomy":"product_cat","embeddable":true,"href":"https:\/\/agrovin.com\/fr\/wp-json\/wp\/v2\/product_cat?post=89252"},{"taxonomy":"product_tag","embeddable":true,"href":"https:\/\/agrovin.com\/fr\/wp-json\/wp\/v2\/product_tag?post=89252"}],"curies":[{"name":"wp","href":"https:\/\/api.w.org\/{rel}","templated":true}]}}