{"id":89228,"date":"2018-05-09T09:50:20","date_gmt":"2022-11-04T15:47:37","guid":{"rendered":"https:\/\/staging.agrovin.com\/?post_type=product&#038;p=89228"},"modified":"2023-02-21T10:34:14","modified_gmt":"2023-02-21T09:34:14","slug":"beco-pr","status":"publish","type":"product","link":"https:\/\/agrovin.com\/fr\/produits-oenologiques\/filtration\/beco-pr\/","title":{"rendered":"BECO PR"},"content":{"rendered":"<p><span class=\"filtracion-n\" style=\"color: #000000;\">Filtration \u00e0 haut pouvoir de r\u00e9tention des micro-organismes et des endotoxines.<\/span><\/p>\n<p><strong><br \/>\n<span class=\"filtracion-n\" style=\"color: #000000;\"> BECO PR st\u00e9rile S 100, PR st\u00e9rile S 80, PR st\u00e9rile 40.<\/span><br \/>\n<\/strong><\/p>\n<p><span class=\"textosbloque\">Les plaques filtrantes en profondeur BECO pr\u00e9sentent un haut degr\u00e9 de r\u00e9tention des micro-organismes et des petites particules collo\u00efdales, gr\u00e2ce \u00e0 la faible porosit\u00e9 interstitielle des fibres de cellulose et \u00e0 l&#8217;application d&#8217;un potentiel \u00e9lectrocin\u00e9tique \u00e0 haut effet d&#8217;adsorption. Ces plaques filtrantes se caract\u00e9risent par un taux de r\u00e9tention \u00e9lev\u00e9 des endotoxines.<\/span><\/p>\n<p><span class=\"filtracion-n\" style=\"color: #000000;\">Filtration fine r\u00e9duisant les micro-organismes.<\/span><\/p>\n<p><strong><br \/>\n<span class=\"filtracion-n\" style=\"color: #000000;\"> BECO PR 12.<\/span><br \/>\n<\/strong><\/p>\n<p><span class=\"textosbloque\">Plaques filtrantes BECO pour un haut degr\u00e9 de clarification. Gr\u00e2ce \u00e0 leur qualit\u00e9 nominale, ces plaques retiennent les particules de petite taille et de nature variable, ce qui, avec le pouvoir de r\u00e9tention des micro-organismes, les rend appropri\u00e9es pour la filtration finale ou le polissage des aliments liquides. Ils peuvent \u00e9galement \u00eatre utilis\u00e9s dans la pratique comme des pr\u00e9filtres efficaces dans les proc\u00e9d\u00e9s membranaires tels que l&#8217;osmose inverse et l&#8217;ultrafiltration ou dans les proc\u00e9d\u00e9s d&#8217;\u00e9change d&#8217;ions pour la protection des colonnes de chromatographie.<\/span><\/p>\n<p><span class=\"filtracion-n\" style=\"color: #000000;\">Filtration clarifiante.<\/span><\/p>\n<p><strong><br \/>\n<span class=\"filtracion-n\" style=\"color: #000000;\"> BECO PR 5, PR 1.<\/span><br \/>\n<\/strong><\/p>\n<p><span class=\"textosbloque\">Plaques filtrantes BECO avec une structure fibreuse de porosit\u00e9 variable allant d&#8217;un grade nominal de 0,8 _m \u00e0 5 _m, ce qui assure une capacit\u00e9 de r\u00e9tention de turbidit\u00e9 \u00e9lev\u00e9e en profondeur et une r\u00e9duction significative de la population microbienne.<\/span><\/p>\n","protected":false},"excerpt":{"rendered":"<p>Plaque de filtration en profondeur pour l&#8217;industrie pharmaceutique.<\/p>\n","protected":false},"featured_media":14592,"template":"","meta":{"_acf_changed":false,"inline_featured_image":false,"site-sidebar-layout":"default","site-content-layout":"default","ast-site-content-layout":"default","site-content-style":"default","site-sidebar-style":"default","ast-global-header-display":"","ast-banner-title-visibility":"","ast-main-header-display":"","ast-hfb-above-header-display":"","ast-hfb-below-header-display":"","ast-hfb-mobile-header-display":"","site-post-title":"","ast-breadcrumbs-content":"","ast-featured-img":"","footer-sml-layout":"","ast-disable-related-posts":"","theme-transparent-header-meta":"default","adv-header-id-meta":"","stick-header-meta":"","header-above-stick-meta":"","header-main-stick-meta":"","header-below-stick-meta":"","astra-migrate-meta-layouts":"default","ast-page-background-enabled":"default","ast-page-background-meta":{"desktop":{"background-color":"var(--ast-global-color-5)","background-image":"","background-repeat":"repeat","background-position":"center center","background-size":"auto","background-attachment":"scroll","background-type":"","background-media":"","overlay-type":"","overlay-color":"","overlay-opacity":"","overlay-gradient":""},"tablet":{"background-color":"","background-image":"","background-repeat":"repeat","background-position":"center center","background-size":"auto","background-attachment":"scroll","background-type":"","background-media":"","overlay-type":"","overlay-color":"","overlay-opacity":"","overlay-gradient":""},"mobile":{"background-color":"","background-image":"","background-repeat":"repeat","background-position":"center center","background-size":"auto","background-attachment":"scroll","background-type":"","background-media":"","overlay-type":"","overlay-color":"","overlay-opacity":"","overlay-gradient":""}},"ast-content-background-meta":{"desktop":{"background-color":"var(--ast-global-color-4)","background-image":"","background-repeat":"repeat","background-position":"center center","background-size":"auto","background-attachment":"scroll","background-type":"","background-media":"","overlay-type":"","overlay-color":"","overlay-opacity":"","overlay-gradient":""},"tablet":{"background-color":"var(--ast-global-color-4)","background-image":"","background-repeat":"repeat","background-position":"center center","background-size":"auto","background-attachment":"scroll","background-type":"","background-media":"","overlay-type":"","overlay-color":"","overlay-opacity":"","overlay-gradient":""},"mobile":{"background-color":"var(--ast-global-color-4)","background-image":"","background-repeat":"repeat","background-position":"center center","background-size":"auto","background-attachment":"scroll","background-type":"","background-media":"","overlay-type":"","overlay-color":"","overlay-opacity":"","overlay-gradient":""}}},"product_brand":[],"product_cat":[357],"product_tag":[],"class_list":{"0":"post-89228","1":"product","2":"type-product","3":"status-publish","4":"has-post-thumbnail","6":"product_cat-filtration","7":"desktop-align-left","8":"tablet-align-left","9":"mobile-align-left","11":"first","12":"instock","13":"virtual","14":"product-type-simple"},"acf":[],"_links":{"self":[{"href":"https:\/\/agrovin.com\/fr\/wp-json\/wp\/v2\/product\/89228","targetHints":{"allow":["GET"]}}],"collection":[{"href":"https:\/\/agrovin.com\/fr\/wp-json\/wp\/v2\/product"}],"about":[{"href":"https:\/\/agrovin.com\/fr\/wp-json\/wp\/v2\/types\/product"}],"version-history":[{"count":0,"href":"https:\/\/agrovin.com\/fr\/wp-json\/wp\/v2\/product\/89228\/revisions"}],"wp:featuredmedia":[{"embeddable":true,"href":"https:\/\/agrovin.com\/fr\/wp-json\/wp\/v2\/media\/14592"}],"wp:attachment":[{"href":"https:\/\/agrovin.com\/fr\/wp-json\/wp\/v2\/media?parent=89228"}],"wp:term":[{"taxonomy":"product_brand","embeddable":true,"href":"https:\/\/agrovin.com\/fr\/wp-json\/wp\/v2\/product_brand?post=89228"},{"taxonomy":"product_cat","embeddable":true,"href":"https:\/\/agrovin.com\/fr\/wp-json\/wp\/v2\/product_cat?post=89228"},{"taxonomy":"product_tag","embeddable":true,"href":"https:\/\/agrovin.com\/fr\/wp-json\/wp\/v2\/product_tag?post=89228"}],"curies":[{"name":"wp","href":"https:\/\/api.w.org\/{rel}","templated":true}]}}