{"id":89143,"date":"2022-05-25T16:58:40","date_gmt":"2022-11-04T14:18:52","guid":{"rendered":"https:\/\/staging.agrovin.com\/non%20class\u00e9\/spirit-no1-pure\/"},"modified":"2024-10-28T20:15:34","modified_gmt":"2024-10-28T18:15:34","slug":"spirit-no1-pure","status":"publish","type":"product","link":"https:\/\/agrovin.com\/fr\/produits-oenologiques\/alternatives-au-chene\/spirit-no1-pure\/","title":{"rendered":"SPIRIT N\u00ba1 PURE"},"content":{"rendered":"<h3>CARACT\u00c9RISTIQUES<\/h3>\n<p>Il augmente les sensations \u00e0 l&#8217;entr\u00e9e de la bouche et au centre par son onctuosit\u00e9. Il augmente la structure du vin. Tr\u00e8s appropri\u00e9 pour mettre en valeur les sensations fruit\u00e9es sans le boisage \u00e9vident.<br \/>\nRecommand\u00e9 pour les vins o\u00f9 l&#8217;on recherche une augmentation des sensations fruit\u00e9es avec un tr\u00e8s l\u00e9ger apport de bois.<br \/>\nIl est \u00e9galement recommand\u00e9 pour les vins r\u00e9ducteurs ou les vins \u00e0 faible potentiel redox afin de les ouvrir et de leur permettre de mieux s&#8217;exprimer.<\/p>\n<h3>DOSAGE<\/h3>\n<ul>\n<li>Vin 1 &#8211; 5 g\/l<\/li>\n<\/ul>\n<p>La dose et la dur\u00e9e du traitement d\u00e9pendront du degr\u00e9 de rechute et de l&#8217;intensit\u00e9 des caract\u00e9ristiques souhait\u00e9es.<br \/>\nDur\u00e9e de contact recommand\u00e9e : 4 semaines.<br \/>\nIl est recommand\u00e9 de proc\u00e9der \u00e0 des essais pr\u00e9alables pour d\u00e9terminer le dosage et \u00e0 des d\u00e9gustations fr\u00e9quentes pour d\u00e9terminer la dur\u00e9e optimale du traitement.<\/p>\n<p>&nbsp;<\/p>\n","protected":false},"excerpt":{"rendered":"<p>Spirit n\u00ba1 Pure est un jeton qui m\u00e9lange diff\u00e9rentes origines botaniques et torr\u00e9fi\u00e9es pour obtenir des propri\u00e9t\u00e9s uniques de douceur et de respect du fruit.<\/p>\n<p>Il est utilis\u00e9 pour d\u00e9finir le profil fruit\u00e9 des vins avec un l\u00e9ger ajout de bois, en renfor\u00e7ant les nuances sucr\u00e9es tant au nez, gr\u00e2ce \u00e0 l&#8217;ajout de lactones et de vanilline, qu&#8217;en bouche. Notes subtiles de sous-bois et m\u00eame de fleurs blanches.<\/p>\n","protected":false},"featured_media":118656,"template":"","meta":{"_acf_changed":false,"inline_featured_image":false,"site-sidebar-layout":"default","site-content-layout":"default","ast-site-content-layout":"default","site-content-style":"default","site-sidebar-style":"default","ast-global-header-display":"","ast-banner-title-visibility":"","ast-main-header-display":"","ast-hfb-above-header-display":"","ast-hfb-below-header-display":"","ast-hfb-mobile-header-display":"","site-post-title":"","ast-breadcrumbs-content":"","ast-featured-img":"","footer-sml-layout":"","ast-disable-related-posts":"","theme-transparent-header-meta":"default","adv-header-id-meta":"","stick-header-meta":"","header-above-stick-meta":"","header-main-stick-meta":"","header-below-stick-meta":"","astra-migrate-meta-layouts":"set","ast-page-background-enabled":"default","ast-page-background-meta":{"desktop":{"background-color":"var(--ast-global-color-5)","background-image":"","background-repeat":"repeat","background-position":"center center","background-size":"auto","background-attachment":"scroll","background-type":"","background-media":"","overlay-type":"","overlay-color":"","overlay-opacity":"","overlay-gradient":""},"tablet":{"background-color":"","background-image":"","background-repeat":"repeat","background-position":"center center","background-size":"auto","background-attachment":"scroll","background-type":"","background-media":"","overlay-type":"","overlay-color":"","overlay-opacity":"","overlay-gradient":""},"mobile":{"background-color":"","background-image":"","background-repeat":"repeat","background-position":"center center","background-size":"auto","background-attachment":"scroll","background-type":"","background-media":"","overlay-type":"","overlay-color":"","overlay-opacity":"","overlay-gradient":""}},"ast-content-background-meta":{"desktop":{"background-color":"var(--ast-global-color-4)","background-image":"","background-repeat":"repeat","background-position":"center center","background-size":"auto","background-attachment":"scroll","background-type":"","background-media":"","overlay-type":"","overlay-color":"","overlay-opacity":"","overlay-gradient":""},"tablet":{"background-color":"var(--ast-global-color-4)","background-image":"","background-repeat":"repeat","background-position":"center center","background-size":"auto","background-attachment":"scroll","background-type":"","background-media":"","overlay-type":"","overlay-color":"","overlay-opacity":"","overlay-gradient":""},"mobile":{"background-color":"var(--ast-global-color-4)","background-image":"","background-repeat":"repeat","background-position":"center center","background-size":"auto","background-attachment":"scroll","background-type":"","background-media":"","overlay-type":"","overlay-color":"","overlay-opacity":"","overlay-gradient":""}}},"product_brand":[],"product_cat":[220],"product_tag":[],"class_list":{"0":"post-89143","1":"product","2":"type-product","3":"status-publish","4":"has-post-thumbnail","6":"product_cat-alternatives-au-chene","7":"pa_objetivo-definition-fr","8":"desktop-align-left","9":"tablet-align-left","10":"mobile-align-left","12":"first","13":"instock","14":"shipping-taxable","15":"product-type-simple"},"acf":[],"_links":{"self":[{"href":"https:\/\/agrovin.com\/fr\/wp-json\/wp\/v2\/product\/89143","targetHints":{"allow":["GET"]}}],"collection":[{"href":"https:\/\/agrovin.com\/fr\/wp-json\/wp\/v2\/product"}],"about":[{"href":"https:\/\/agrovin.com\/fr\/wp-json\/wp\/v2\/types\/product"}],"version-history":[{"count":1,"href":"https:\/\/agrovin.com\/fr\/wp-json\/wp\/v2\/product\/89143\/revisions"}],"predecessor-version":[{"id":116824,"href":"https:\/\/agrovin.com\/fr\/wp-json\/wp\/v2\/product\/89143\/revisions\/116824"}],"wp:featuredmedia":[{"embeddable":true,"href":"https:\/\/agrovin.com\/fr\/wp-json\/wp\/v2\/media\/118656"}],"wp:attachment":[{"href":"https:\/\/agrovin.com\/fr\/wp-json\/wp\/v2\/media?parent=89143"}],"wp:term":[{"taxonomy":"product_brand","embeddable":true,"href":"https:\/\/agrovin.com\/fr\/wp-json\/wp\/v2\/product_brand?post=89143"},{"taxonomy":"product_cat","embeddable":true,"href":"https:\/\/agrovin.com\/fr\/wp-json\/wp\/v2\/product_cat?post=89143"},{"taxonomy":"product_tag","embeddable":true,"href":"https:\/\/agrovin.com\/fr\/wp-json\/wp\/v2\/product_tag?post=89143"}],"curies":[{"name":"wp","href":"https:\/\/api.w.org\/{rel}","templated":true}]}}