{"id":89107,"date":"2022-05-25T17:24:13","date_gmt":"2022-05-25T16:24:13","guid":{"rendered":"https:\/\/staging.agrovin.com\/non%20class\u00e9\/spirit-no2-core\/"},"modified":"2024-10-29T00:42:47","modified_gmt":"2024-10-28T22:42:47","slug":"spirit-no2-core","status":"publish","type":"product","link":"https:\/\/agrovin.com\/fr\/produits-oenologiques\/alternatives-au-chene\/spirit-no2-core\/","title":{"rendered":"SPIRIT N\u00ba2 CORE"},"content":{"rendered":"<h3>DOSAGE<\/h3>\n<ul>\n<li>Vin 1 &#8211; 5 g\/l<\/li>\n<\/ul>\n<p>La dose et la dur\u00e9e du traitement d\u00e9pendront du degr\u00e9 de rechute et de l&#8217;intensit\u00e9 des caract\u00e9ristiques souhait\u00e9es.<br \/>\nDur\u00e9e de contact recommand\u00e9e : 4 semaines.<br \/>\nIl est recommand\u00e9 de proc\u00e9der \u00e0 des essais pr\u00e9alables pour d\u00e9terminer le dosage et \u00e0 des d\u00e9gustations fr\u00e9quentes pour d\u00e9terminer la dur\u00e9e optimale du traitement.<\/p>\n","protected":false},"excerpt":{"rendered":"<p>Spirit n\u00ba2 Core est une puce qui m\u00e9lange diff\u00e9rentes origines botaniques et torr\u00e9fi\u00e9es pour augmenter la complexit\u00e9 et l&#8217;intensit\u00e9 aromatique tout en participant positivement \u00e0 toutes les phases du go\u00fbt. Recommand\u00e9 pour les vins o\u00f9 l&#8217;on recherche une augmentation globale de la complexit\u00e9 et une augmentation \u00e9quilibr\u00e9e des sensations tactiles.<\/p>\n","protected":false},"featured_media":118665,"template":"","meta":{"_acf_changed":false,"inline_featured_image":false,"site-sidebar-layout":"default","site-content-layout":"default","ast-site-content-layout":"default","site-content-style":"default","site-sidebar-style":"default","ast-global-header-display":"","ast-banner-title-visibility":"","ast-main-header-display":"","ast-hfb-above-header-display":"","ast-hfb-below-header-display":"","ast-hfb-mobile-header-display":"","site-post-title":"","ast-breadcrumbs-content":"","ast-featured-img":"","footer-sml-layout":"","ast-disable-related-posts":"","theme-transparent-header-meta":"default","adv-header-id-meta":"","stick-header-meta":"","header-above-stick-meta":"","header-main-stick-meta":"","header-below-stick-meta":"","astra-migrate-meta-layouts":"set","ast-page-background-enabled":"default","ast-page-background-meta":{"desktop":{"background-color":"var(--ast-global-color-5)","background-image":"","background-repeat":"repeat","background-position":"center center","background-size":"auto","background-attachment":"scroll","background-type":"","background-media":"","overlay-type":"","overlay-color":"","overlay-opacity":"","overlay-gradient":""},"tablet":{"background-color":"","background-image":"","background-repeat":"repeat","background-position":"center center","background-size":"auto","background-attachment":"scroll","background-type":"","background-media":"","overlay-type":"","overlay-color":"","overlay-opacity":"","overlay-gradient":""},"mobile":{"background-color":"","background-image":"","background-repeat":"repeat","background-position":"center center","background-size":"auto","background-attachment":"scroll","background-type":"","background-media":"","overlay-type":"","overlay-color":"","overlay-opacity":"","overlay-gradient":""}},"ast-content-background-meta":{"desktop":{"background-color":"var(--ast-global-color-4)","background-image":"","background-repeat":"repeat","background-position":"center center","background-size":"auto","background-attachment":"scroll","background-type":"","background-media":"","overlay-type":"","overlay-color":"","overlay-opacity":"","overlay-gradient":""},"tablet":{"background-color":"var(--ast-global-color-4)","background-image":"","background-repeat":"repeat","background-position":"center center","background-size":"auto","background-attachment":"scroll","background-type":"","background-media":"","overlay-type":"","overlay-color":"","overlay-opacity":"","overlay-gradient":""},"mobile":{"background-color":"var(--ast-global-color-4)","background-image":"","background-repeat":"repeat","background-position":"center center","background-size":"auto","background-attachment":"scroll","background-type":"","background-media":"","overlay-type":"","overlay-color":"","overlay-opacity":"","overlay-gradient":""}}},"product_brand":[],"product_cat":[220],"product_tag":[],"class_list":{"0":"post-89107","1":"product","2":"type-product","3":"status-publish","4":"has-post-thumbnail","6":"product_cat-alternatives-au-chene","7":"pa_objetivo-definition-fr","8":"desktop-align-left","9":"tablet-align-left","10":"mobile-align-left","12":"first","13":"instock","14":"shipping-taxable","15":"product-type-simple"},"acf":[],"_links":{"self":[{"href":"https:\/\/agrovin.com\/fr\/wp-json\/wp\/v2\/product\/89107","targetHints":{"allow":["GET"]}}],"collection":[{"href":"https:\/\/agrovin.com\/fr\/wp-json\/wp\/v2\/product"}],"about":[{"href":"https:\/\/agrovin.com\/fr\/wp-json\/wp\/v2\/types\/product"}],"version-history":[{"count":1,"href":"https:\/\/agrovin.com\/fr\/wp-json\/wp\/v2\/product\/89107\/revisions"}],"predecessor-version":[{"id":116927,"href":"https:\/\/agrovin.com\/fr\/wp-json\/wp\/v2\/product\/89107\/revisions\/116927"}],"wp:featuredmedia":[{"embeddable":true,"href":"https:\/\/agrovin.com\/fr\/wp-json\/wp\/v2\/media\/118665"}],"wp:attachment":[{"href":"https:\/\/agrovin.com\/fr\/wp-json\/wp\/v2\/media?parent=89107"}],"wp:term":[{"taxonomy":"product_brand","embeddable":true,"href":"https:\/\/agrovin.com\/fr\/wp-json\/wp\/v2\/product_brand?post=89107"},{"taxonomy":"product_cat","embeddable":true,"href":"https:\/\/agrovin.com\/fr\/wp-json\/wp\/v2\/product_cat?post=89107"},{"taxonomy":"product_tag","embeddable":true,"href":"https:\/\/agrovin.com\/fr\/wp-json\/wp\/v2\/product_tag?post=89107"}],"curies":[{"name":"wp","href":"https:\/\/api.w.org\/{rel}","templated":true}]}}