{"id":89087,"date":"2021-06-14T08:38:41","date_gmt":"2022-11-04T14:16:30","guid":{"rendered":"https:\/\/staging.agrovin.com\/non%20class\u00e9\/mannoplus-nd\/"},"modified":"2024-10-28T19:43:37","modified_gmt":"2024-10-28T17:43:37","slug":"mannoplus-nd","status":"publish","type":"product","link":"https:\/\/agrovin.com\/fr\/produits-oenologiques\/polysaccharides-et-mannoproteines\/mannoplus-nd\/","title":{"rendered":"MANNOPLUS ND"},"content":{"rendered":"<h3>Caract\u00e9ristiques<\/h3>\n<p>MannoPLUS ND est une mannoprot\u00e9ine purifi\u00e9e sous forme liquide, pr\u00e9par\u00e9e pour une application directe dans le vin.<\/p>\n<ul>\n<li>Il contribue aux caract\u00e9ristiques sensorielles du vin, en lui apportant densit\u00e9, douceur et corps.<\/li>\n<li>Il polit les tannins agressifs, r\u00e9duisant ainsi l&#8217;astringence. Chaux l&#8217;excessive tannicit\u00e9 du bois.<\/li>\n<li>Restaure l&#8217;\u00e9quilibre acide en augmentant la sensation positive en bouche.<\/li>\n<li>Am\u00e9liore la stabilit\u00e9 tartrique en emp\u00eachant la cristallisation des sels de l&#8217;acide tartrique. Am\u00e9liore la stabilit\u00e9 des prot\u00e9ines.<\/li>\n<li>Am\u00e9liore la stabilit\u00e9 des couleurs par la formation de collo\u00efdes protecteurs et de complexes stables avec les tanins.<br \/>\nEn seconde fermentation : augmentation du volume en bouche et persistance de la mousse.<br \/>\nGr\u00e2ce \u00e0 l&#8217;intervention organoleptique des mannoprot\u00e9ines, il apporte de la douceur et am\u00e9liore consid\u00e9rablement la sensation.<br \/>\nvolume dans la bouche. Il n&#8217;apporte pas de registre aromatique suppl\u00e9mentaire au vin.<\/li>\n<\/ul>\n<h3>Application<\/h3>\n<p>Pour les vins blancs et rouges. Application sur le vin fini, dernier traitement avant la mise en bouteille. Pour les vins \u00e0 filtrer : Le Mannoplus ND est ajout\u00e9 au moins 24 heures avant la derni\u00e8re filtration. Mannoplus ND augmente \u00e0 peine le taux de colmatage des vins bien pr\u00e9par\u00e9s. La microfiltration apr\u00e8s le traitement est inutile.<\/p>\n<p>Il est recommand\u00e9 de conna\u00eetre l&#8217;indice de colmatage avant de faire passer le vin par la microfiltration. Pour les vins que vous ne voulez pas filtrer : ajoutez le Mannoplus ND 24<br \/>\nheures avant la mise en bouteille. Une fois que le vin a \u00e9t\u00e9 ajout\u00e9, il peut \u00eatre convenablement sulfit\u00e9 et mis en bouteille. Pour les vins mousseux : application en m\u00eame temps que la liqueur d&#8217;exp\u00e9dition.<\/p>\n<h3>DOSAGE<\/h3>\n<div class=\"page\" title=\"Page 2\">\n<div class=\"layoutArea\">\n<div class=\"column\">\n<p>Vin rouge : <span style=\"font-size: 16px;\">25-75 ml\/hl<\/span><\/p>\n<\/div>\n<\/div>\n<div class=\"layoutArea\">\n<div class=\"column\">\n<p>Vin blanc : <span style=\"font-size: 16px;\">10-50 ml\/hl<\/span><\/p>\n<\/div>\n<\/div>\n<div class=\"layoutArea\">\n<div class=\"column\">\n<p>Vin mousseux : <span style=\"font-size: 16px;\">10-50 ml\/hl<\/span><\/p>\n<\/div>\n<\/div>\n<\/div>\n","protected":false},"excerpt":{"rendered":"<h5>STYLE DE VIN :<\/h5>\n<p><img decoding=\"async\" class=\"alignnone size-full wp-image-4976 lazyloaded\" src=\"https:\/\/agrovin.com\/wp-content\/uploads\/2018\/03\/blanco.png\" alt=\"\" width=\"50\" height=\"44\" data-src=\"https:\/\/agrovin.com\/wp-content\/uploads\/2018\/03\/blanco.png\" \/><img decoding=\"async\" class=\"alignnone size-full wp-image-4979 lazyloaded\" src=\"https:\/\/agrovin.com\/wp-content\/uploads\/2018\/03\/rosado.png\" alt=\"\" width=\"50\" height=\"44\" data-src=\"https:\/\/agrovin.com\/wp-content\/uploads\/2018\/03\/rosado.png\" \/><img decoding=\"async\" class=\"alignnone size-full wp-image-4980 lazyloaded\" src=\"https:\/\/agrovin.com\/wp-content\/uploads\/2018\/03\/tinto.png\" alt=\"\" width=\"50\" height=\"44\" data-src=\"https:\/\/agrovin.com\/wp-content\/uploads\/2018\/03\/tinto.png\" \/><img loading=\"lazy\" decoding=\"async\" class=\"alignnone size-full wp-image-4975 lazyloaded\" src=\"https:\/\/agrovin.com\/wp-content\/uploads\/2018\/03\/barrica.png\" alt=\"\" width=\"50\" height=\"44\" data-src=\"https:\/\/agrovin.com\/wp-content\/uploads\/2018\/03\/barrica.png\" \/><\/p>\n<h5>CARACT\u00c9RISTIQUES :<\/h5>\n<p>Mannoprot\u00e9ine purifi\u00e9e, sous forme liquide, pr\u00eate \u00e0 \u00eatre appliqu\u00e9e directement dans le vin.<\/p>\n<p>Il contribue aux caract\u00e9ristiques sensorielles du vin, en lui apportant densit\u00e9, douceur et corps.<\/p>\n<p>R\u00e9tablit l&#8217;\u00e9quilibre des acides.<\/p>\n<p>Am\u00e9liore la stabilit\u00e9 de l&#8217;acide tartrique, des prot\u00e9ines et de la couleur.<\/p>\n<p>En seconde fermentation : augmentation du volume en bouche et persistance de la mousse.<\/p>\n","protected":false},"featured_media":50512,"template":"","meta":{"_acf_changed":false,"inline_featured_image":false,"site-sidebar-layout":"default","site-content-layout":"default","ast-site-content-layout":"default","site-content-style":"default","site-sidebar-style":"default","ast-global-header-display":"","ast-banner-title-visibility":"","ast-main-header-display":"","ast-hfb-above-header-display":"","ast-hfb-below-header-display":"","ast-hfb-mobile-header-display":"","site-post-title":"","ast-breadcrumbs-content":"","ast-featured-img":"","footer-sml-layout":"","ast-disable-related-posts":"","theme-transparent-header-meta":"default","adv-header-id-meta":"","stick-header-meta":"","header-above-stick-meta":"","header-main-stick-meta":"","header-below-stick-meta":"","astra-migrate-meta-layouts":"set","ast-page-background-enabled":"default","ast-page-background-meta":{"desktop":{"background-color":"var(--ast-global-color-5)","background-image":"","background-repeat":"repeat","background-position":"center center","background-size":"auto","background-attachment":"scroll","background-type":"","background-media":"","overlay-type":"","overlay-color":"","overlay-opacity":"","overlay-gradient":""},"tablet":{"background-color":"","background-image":"","background-repeat":"repeat","background-position":"center center","background-size":"auto","background-attachment":"scroll","background-type":"","background-media":"","overlay-type":"","overlay-color":"","overlay-opacity":"","overlay-gradient":""},"mobile":{"background-color":"","background-image":"","background-repeat":"repeat","background-position":"center center","background-size":"auto","background-attachment":"scroll","background-type":"","background-media":"","overlay-type":"","overlay-color":"","overlay-opacity":"","overlay-gradient":""}},"ast-content-background-meta":{"desktop":{"background-color":"var(--ast-global-color-4)","background-image":"","background-repeat":"repeat","background-position":"center center","background-size":"auto","background-attachment":"scroll","background-type":"","background-media":"","overlay-type":"","overlay-color":"","overlay-opacity":"","overlay-gradient":""},"tablet":{"background-color":"var(--ast-global-color-4)","background-image":"","background-repeat":"repeat","background-position":"center center","background-size":"auto","background-attachment":"scroll","background-type":"","background-media":"","overlay-type":"","overlay-color":"","overlay-opacity":"","overlay-gradient":""},"mobile":{"background-color":"var(--ast-global-color-4)","background-image":"","background-repeat":"repeat","background-position":"center center","background-size":"auto","background-attachment":"scroll","background-type":"","background-media":"","overlay-type":"","overlay-color":"","overlay-opacity":"","overlay-gradient":""}}},"product_brand":[],"product_cat":[215],"product_tag":[],"class_list":{"0":"post-89087","1":"product","2":"type-product","3":"status-publish","4":"has-post-thumbnail","6":"product_cat-polysaccharides-et-mannoproteines","7":"pa_estilo-de-vino-blanc","8":"pa_estilo-de-vino-fut","9":"pa_estilo-de-vino-rose","10":"pa_estilo-de-vino-rouge","11":"pa_objetivo-affiner","12":"pa_objetivo-amelioration-sensorielle","13":"desktop-align-left","14":"tablet-align-left","15":"mobile-align-left","17":"first","18":"instock","19":"shipping-taxable","20":"product-type-simple"},"acf":[],"_links":{"self":[{"href":"https:\/\/agrovin.com\/fr\/wp-json\/wp\/v2\/product\/89087","targetHints":{"allow":["GET"]}}],"collection":[{"href":"https:\/\/agrovin.com\/fr\/wp-json\/wp\/v2\/product"}],"about":[{"href":"https:\/\/agrovin.com\/fr\/wp-json\/wp\/v2\/types\/product"}],"version-history":[{"count":1,"href":"https:\/\/agrovin.com\/fr\/wp-json\/wp\/v2\/product\/89087\/revisions"}],"predecessor-version":[{"id":116809,"href":"https:\/\/agrovin.com\/fr\/wp-json\/wp\/v2\/product\/89087\/revisions\/116809"}],"wp:featuredmedia":[{"embeddable":true,"href":"https:\/\/agrovin.com\/fr\/wp-json\/wp\/v2\/media\/50512"}],"wp:attachment":[{"href":"https:\/\/agrovin.com\/fr\/wp-json\/wp\/v2\/media?parent=89087"}],"wp:term":[{"taxonomy":"product_brand","embeddable":true,"href":"https:\/\/agrovin.com\/fr\/wp-json\/wp\/v2\/product_brand?post=89087"},{"taxonomy":"product_cat","embeddable":true,"href":"https:\/\/agrovin.com\/fr\/wp-json\/wp\/v2\/product_cat?post=89087"},{"taxonomy":"product_tag","embeddable":true,"href":"https:\/\/agrovin.com\/fr\/wp-json\/wp\/v2\/product_tag?post=89087"}],"curies":[{"name":"wp","href":"https:\/\/api.w.org\/{rel}","templated":true}]}}