{"id":89080,"date":"2021-05-20T15:06:22","date_gmt":"2021-05-20T14:06:22","guid":{"rendered":"https:\/\/staging.agrovin.com\/non%20class\u00e9\/prime-proveget\/"},"modified":"2024-10-28T23:24:56","modified_gmt":"2024-10-28T21:24:56","slug":"proveget-premium","status":"publish","type":"product","link":"https:\/\/agrovin.com\/fr\/produits-oenologiques\/flottation\/proveget-premium\/","title":{"rendered":"PROVEGET PREMIUM"},"content":{"rendered":"<h3>CARACT\u00c9RISTIQUES<\/h3>\n<p>Ce processus de traitement permet un changement de conformation de la prot\u00e9ine, ce qui lui conf\u00e8re une plus grande r\u00e9activit\u00e9. En cons\u00e9quence, l&#8217;\u00e9limination des particules, y compris les \u00e9l\u00e9ments oxyd\u00e9s et potentiellement oxydables, est acc\u00e9l\u00e9r\u00e9e. En outre, les flocs sont plus compacts, ce qui am\u00e9liore consid\u00e9rablement le rendement.<\/p>\n<p>Proveget PREMIUM est un produit naturel, d&#8217;origine non animale, obtenu \u00e0 partir de mati\u00e8res premi\u00e8res exemptes d&#8217;organismes g\u00e9n\u00e9tiquement modifi\u00e9s (Non GMO).<\/p>\n<h3>APPLICATION<\/h3>\n<p>Une clarification dynamique s&#8217;impose.<\/p>\n<p>Clarification des vins rouges et blancs.<\/p>\n<h3>DOSAGE<\/h3>\n<p>Vari\u00e9t\u00e9 \u00e0 flottaison facile : 50 &#8211; 100 ml\/hl<br \/>\n(Air\u00e9n, Macabeo, Sauvignon Blanc, etc.).<\/p>\n<p>Vari\u00e9t\u00e9 difficile \u00e0 faire flotter : 100- 150 ml\/hl<\/p>\n<p>(Muscatel, Chardonnay, Verdejo, etc.)<\/p>\n<p>Mo\u00fbt de mauvaise qualit\u00e9 sanitaire : &gt;150 ml\/hl<\/p>\n<p>&nbsp;<\/p>\n<p>Clarification : 50 &#8211; 150ml\/hl<\/p>\n","protected":false},"excerpt":{"rendered":"<p>Proveget Premium est un clarificateur v\u00e9g\u00e9tal obtenu \u00e0 partir de prot\u00e9ines de pois gr\u00e2ce \u00e0 un processus de production plus respectueux de l&#8217;environnement. Le fait que les temp\u00e9ratures n&#8217;alternent pas drastiquement provoque une extraction qui permet de lib\u00e9rer les prot\u00e9ines des structures v\u00e9g\u00e9tales, fournissant ainsi une fraction active plus \u00e9lev\u00e9e de prot\u00e9ines v\u00e9g\u00e9tales solubilis\u00e9es.<\/p>\n","protected":false},"featured_media":50317,"template":"","meta":{"_acf_changed":false,"inline_featured_image":false,"site-sidebar-layout":"default","site-content-layout":"default","ast-site-content-layout":"default","site-content-style":"default","site-sidebar-style":"default","ast-global-header-display":"","ast-banner-title-visibility":"","ast-main-header-display":"","ast-hfb-above-header-display":"","ast-hfb-below-header-display":"","ast-hfb-mobile-header-display":"","site-post-title":"","ast-breadcrumbs-content":"","ast-featured-img":"","footer-sml-layout":"","ast-disable-related-posts":"","theme-transparent-header-meta":"default","adv-header-id-meta":"","stick-header-meta":"","header-above-stick-meta":"","header-main-stick-meta":"","header-below-stick-meta":"","astra-migrate-meta-layouts":"set","ast-page-background-enabled":"default","ast-page-background-meta":{"desktop":{"background-color":"var(--ast-global-color-5)","background-image":"","background-repeat":"repeat","background-position":"center center","background-size":"auto","background-attachment":"scroll","background-type":"","background-media":"","overlay-type":"","overlay-color":"","overlay-opacity":"","overlay-gradient":""},"tablet":{"background-color":"","background-image":"","background-repeat":"repeat","background-position":"center center","background-size":"auto","background-attachment":"scroll","background-type":"","background-media":"","overlay-type":"","overlay-color":"","overlay-opacity":"","overlay-gradient":""},"mobile":{"background-color":"","background-image":"","background-repeat":"repeat","background-position":"center center","background-size":"auto","background-attachment":"scroll","background-type":"","background-media":"","overlay-type":"","overlay-color":"","overlay-opacity":"","overlay-gradient":""}},"ast-content-background-meta":{"desktop":{"background-color":"var(--ast-global-color-4)","background-image":"","background-repeat":"repeat","background-position":"center center","background-size":"auto","background-attachment":"scroll","background-type":"","background-media":"","overlay-type":"","overlay-color":"","overlay-opacity":"","overlay-gradient":""},"tablet":{"background-color":"var(--ast-global-color-4)","background-image":"","background-repeat":"repeat","background-position":"center center","background-size":"auto","background-attachment":"scroll","background-type":"","background-media":"","overlay-type":"","overlay-color":"","overlay-opacity":"","overlay-gradient":""},"mobile":{"background-color":"var(--ast-global-color-4)","background-image":"","background-repeat":"repeat","background-position":"center center","background-size":"auto","background-attachment":"scroll","background-type":"","background-media":"","overlay-type":"","overlay-color":"","overlay-opacity":"","overlay-gradient":""}}},"product_brand":[],"product_cat":[165,684],"product_tag":[],"class_list":{"0":"post-89080","1":"product","2":"type-product","3":"status-publish","4":"has-post-thumbnail","6":"product_cat-clarifiants","7":"product_cat-flottation","8":"pa_aplicacion-raisin-et-mout","9":"pa_ecologico-autorise-eu","10":"pa_ecologico-autorise-nop-usda","11":"pa_estilo-de-vino-blanc","12":"pa_estilo-de-vino-fut","13":"pa_estilo-de-vino-petillant","14":"pa_estilo-de-vino-rose","15":"pa_estilo-de-vino-rouge","16":"pa_objetivo-amelioration-sensorielle","17":"pa_objetivo-clarification","18":"pa_objetivo-stabilite-de-la-couleur","19":"pa_origen-vegetale","20":"pa_vegano-vegetalien","21":"desktop-align-left","22":"tablet-align-left","23":"mobile-align-left","25":"first","26":"instock","27":"shipping-taxable","28":"product-type-simple"},"acf":[],"_links":{"self":[{"href":"https:\/\/agrovin.com\/fr\/wp-json\/wp\/v2\/product\/89080","targetHints":{"allow":["GET"]}}],"collection":[{"href":"https:\/\/agrovin.com\/fr\/wp-json\/wp\/v2\/product"}],"about":[{"href":"https:\/\/agrovin.com\/fr\/wp-json\/wp\/v2\/types\/product"}],"version-history":[{"count":1,"href":"https:\/\/agrovin.com\/fr\/wp-json\/wp\/v2\/product\/89080\/revisions"}],"predecessor-version":[{"id":116869,"href":"https:\/\/agrovin.com\/fr\/wp-json\/wp\/v2\/product\/89080\/revisions\/116869"}],"wp:featuredmedia":[{"embeddable":true,"href":"https:\/\/agrovin.com\/fr\/wp-json\/wp\/v2\/media\/50317"}],"wp:attachment":[{"href":"https:\/\/agrovin.com\/fr\/wp-json\/wp\/v2\/media?parent=89080"}],"wp:term":[{"taxonomy":"product_brand","embeddable":true,"href":"https:\/\/agrovin.com\/fr\/wp-json\/wp\/v2\/product_brand?post=89080"},{"taxonomy":"product_cat","embeddable":true,"href":"https:\/\/agrovin.com\/fr\/wp-json\/wp\/v2\/product_cat?post=89080"},{"taxonomy":"product_tag","embeddable":true,"href":"https:\/\/agrovin.com\/fr\/wp-json\/wp\/v2\/product_tag?post=89080"}],"curies":[{"name":"wp","href":"https:\/\/api.w.org\/{rel}","templated":true}]}}