{"id":89078,"date":"2021-06-14T07:47:34","date_gmt":"2022-11-04T14:16:10","guid":{"rendered":"https:\/\/staging.agrovin.com\/non%20class\u00e9\/proveget-bc\/"},"modified":"2024-10-29T01:12:35","modified_gmt":"2024-10-28T23:12:35","slug":"proveget-bc","status":"publish","type":"product","link":"https:\/\/agrovin.com\/fr\/produits-oenologiques\/clarifiants\/proveget-bc\/","title":{"rendered":"PROVEGET BC"},"content":{"rendered":"<h3>CARACT\u00c9RISTIQUES<\/h3>\n<p>La formulation \u00e0 base de prot\u00e9ines v\u00e9g\u00e9tales de pois et de bentonite permet \u00e0 Proveget BC de floculer \u00e0 un taux \u00e9lev\u00e9, produisant des lies plus compactes et des rendements plus \u00e9lev\u00e9s.<\/p>\n<p>Le m\u00e9lange de bentonites de diff\u00e9rentes natures combine l&#8217;\u00e9limination correcte des prot\u00e9ines avec un plus grand compactage, r\u00e9duisant les pertes de vin.<\/p>\n<p>Proveget BC est un produit sans allerg\u00e8nes. Sans OGM.<\/p>\n<h3>APPLICATION<\/h3>\n<p>Agent clarifiant pour la vinification<\/p>\n<h3>DOSAGE<\/h3>\n<div class=\"page\" title=\"Page 1\">\n<div class=\"section\">\n<div class=\"layoutArea\">\n<div class=\"column\">\n<p>Mo\u00fbts 40-100 g\/hl<\/p>\n<\/div>\n<\/div>\n<\/div>\n<\/div>\n","protected":false},"excerpt":{"rendered":"<p>Proveget BC est un clarificateur de fermentation \u00e0 base de prot\u00e9ines v\u00e9g\u00e9tales de pois et de bentonites s\u00e9lectionn\u00e9es. L&#8217;objectif de cette formulation est d&#8217;am\u00e9liorer sensiblement la limpidit\u00e9 du vin frais en un temps plus court, d&#8217;\u00e9liminer les compos\u00e9s oxydables et oxyd\u00e9s, et de contribuer \u00e0 la stabilisation des prot\u00e9ines.<\/p>\n","protected":false},"featured_media":50493,"template":"","meta":{"_acf_changed":false,"inline_featured_image":false,"site-sidebar-layout":"default","site-content-layout":"default","ast-site-content-layout":"default","site-content-style":"default","site-sidebar-style":"default","ast-global-header-display":"","ast-banner-title-visibility":"","ast-main-header-display":"","ast-hfb-above-header-display":"","ast-hfb-below-header-display":"","ast-hfb-mobile-header-display":"","site-post-title":"","ast-breadcrumbs-content":"","ast-featured-img":"","footer-sml-layout":"","ast-disable-related-posts":"","theme-transparent-header-meta":"default","adv-header-id-meta":"","stick-header-meta":"","header-above-stick-meta":"","header-main-stick-meta":"","header-below-stick-meta":"","astra-migrate-meta-layouts":"set","ast-page-background-enabled":"default","ast-page-background-meta":{"desktop":{"background-color":"var(--ast-global-color-5)","background-image":"","background-repeat":"repeat","background-position":"center center","background-size":"auto","background-attachment":"scroll","background-type":"","background-media":"","overlay-type":"","overlay-color":"","overlay-opacity":"","overlay-gradient":""},"tablet":{"background-color":"","background-image":"","background-repeat":"repeat","background-position":"center center","background-size":"auto","background-attachment":"scroll","background-type":"","background-media":"","overlay-type":"","overlay-color":"","overlay-opacity":"","overlay-gradient":""},"mobile":{"background-color":"","background-image":"","background-repeat":"repeat","background-position":"center center","background-size":"auto","background-attachment":"scroll","background-type":"","background-media":"","overlay-type":"","overlay-color":"","overlay-opacity":"","overlay-gradient":""}},"ast-content-background-meta":{"desktop":{"background-color":"var(--ast-global-color-4)","background-image":"","background-repeat":"repeat","background-position":"center center","background-size":"auto","background-attachment":"scroll","background-type":"","background-media":"","overlay-type":"","overlay-color":"","overlay-opacity":"","overlay-gradient":""},"tablet":{"background-color":"var(--ast-global-color-4)","background-image":"","background-repeat":"repeat","background-position":"center center","background-size":"auto","background-attachment":"scroll","background-type":"","background-media":"","overlay-type":"","overlay-color":"","overlay-opacity":"","overlay-gradient":""},"mobile":{"background-color":"var(--ast-global-color-4)","background-image":"","background-repeat":"repeat","background-position":"center center","background-size":"auto","background-attachment":"scroll","background-type":"","background-media":"","overlay-type":"","overlay-color":"","overlay-opacity":"","overlay-gradient":""}}},"product_brand":[],"product_cat":[165],"product_tag":[],"class_list":{"0":"post-89078","1":"product","2":"type-product","3":"status-publish","4":"has-post-thumbnail","6":"product_cat-clarifiants","7":"pa_aplicacion-raisin-et-mout","8":"pa_ecologico-autorise-eu","9":"pa_estilo-de-vino-blanc","10":"pa_estilo-de-vino-rose","11":"pa_objetivo-clarification","12":"pa_origen-formulation-fr","13":"pa_vegano-vegetalien","14":"desktop-align-left","15":"tablet-align-left","16":"mobile-align-left","18":"first","19":"instock","20":"shipping-taxable","21":"product-type-simple"},"acf":[],"_links":{"self":[{"href":"https:\/\/agrovin.com\/fr\/wp-json\/wp\/v2\/product\/89078","targetHints":{"allow":["GET"]}}],"collection":[{"href":"https:\/\/agrovin.com\/fr\/wp-json\/wp\/v2\/product"}],"about":[{"href":"https:\/\/agrovin.com\/fr\/wp-json\/wp\/v2\/types\/product"}],"version-history":[{"count":1,"href":"https:\/\/agrovin.com\/fr\/wp-json\/wp\/v2\/product\/89078\/revisions"}],"predecessor-version":[{"id":116952,"href":"https:\/\/agrovin.com\/fr\/wp-json\/wp\/v2\/product\/89078\/revisions\/116952"}],"wp:featuredmedia":[{"embeddable":true,"href":"https:\/\/agrovin.com\/fr\/wp-json\/wp\/v2\/media\/50493"}],"wp:attachment":[{"href":"https:\/\/agrovin.com\/fr\/wp-json\/wp\/v2\/media?parent=89078"}],"wp:term":[{"taxonomy":"product_brand","embeddable":true,"href":"https:\/\/agrovin.com\/fr\/wp-json\/wp\/v2\/product_brand?post=89078"},{"taxonomy":"product_cat","embeddable":true,"href":"https:\/\/agrovin.com\/fr\/wp-json\/wp\/v2\/product_cat?post=89078"},{"taxonomy":"product_tag","embeddable":true,"href":"https:\/\/agrovin.com\/fr\/wp-json\/wp\/v2\/product_tag?post=89078"}],"curies":[{"name":"wp","href":"https:\/\/api.w.org\/{rel}","templated":true}]}}