{"id":89073,"date":"2020-06-23T09:30:51","date_gmt":"2020-06-23T08:30:51","guid":{"rendered":"https:\/\/staging.agrovin.com\/non%20class\u00e9\/tanicol-one\/"},"modified":"2024-07-08T14:36:55","modified_gmt":"2024-07-08T13:36:55","slug":"tanicol-one","status":"publish","type":"product","link":"https:\/\/agrovin.com\/fr\/produits-oenologiques\/tanins\/tanicol-one\/","title":{"rendered":"TANICOL ONE"},"content":{"rendered":"<h3>APPLICATION<\/h3>\n<ul>\n<li>En vinification pour r\u00e9duire la quantit\u00e9 de dioxyde de soufre, effet antioxydant.<\/li>\n<li>Sur les raisins en mauvaise sant\u00e9, effet anti-oxydant.<\/li>\n<li>En vinification rouge pour augmenter l&#8217;intensit\u00e9 de la couleur finale des vins.<\/li>\n<li>Des mac\u00e9rations courtes de vinifications rouges pour prot\u00e9ger les polyph\u00e9nols naturels du raisin.<\/li>\n<li>En vinification avec des raisins de maturit\u00e9 insuffisante comme compl\u00e9ment \u00e0 sa structure.<\/li>\n<\/ul>\n<h3>DOSAGE<\/h3>\n<p>Am\u00e9lioration organoleptique= Premi\u00e8res \u00e9tapes de la vinification=10-40g\/hl<\/p>\n<p>Inhibition=Incub\u00e9=40g\/hl<\/p>\n<p>&nbsp;<\/p>\n","protected":false},"excerpt":{"rendered":"<p>Le Tanicol ONE est un tanin ellagique (de ch\u00e2taigne) qui peut \u00eatre utilis\u00e9 dans les premiers stades de la vinification des vins rouges en raison de son effet antioxydant \u00e9lev\u00e9, de sa capacit\u00e9 \u00e0 r\u00e9agir avec les peptides et les prot\u00e9ines pour prot\u00e9ger les polyph\u00e9nols naturels du raisin et de son effet positif sur la couleur.<\/p>\n","protected":false},"featured_media":44045,"template":"","meta":{"_acf_changed":false,"inline_featured_image":false,"site-sidebar-layout":"default","site-content-layout":"default","ast-site-content-layout":"default","site-content-style":"default","site-sidebar-style":"default","ast-global-header-display":"","ast-banner-title-visibility":"","ast-main-header-display":"","ast-hfb-above-header-display":"","ast-hfb-below-header-display":"","ast-hfb-mobile-header-display":"","site-post-title":"","ast-breadcrumbs-content":"","ast-featured-img":"","footer-sml-layout":"","ast-disable-related-posts":"","theme-transparent-header-meta":"default","adv-header-id-meta":"","stick-header-meta":"","header-above-stick-meta":"","header-main-stick-meta":"","header-below-stick-meta":"","astra-migrate-meta-layouts":"default","ast-page-background-enabled":"default","ast-page-background-meta":{"desktop":{"background-color":"var(--ast-global-color-5)","background-image":"","background-repeat":"repeat","background-position":"center center","background-size":"auto","background-attachment":"scroll","background-type":"","background-media":"","overlay-type":"","overlay-color":"","overlay-opacity":"","overlay-gradient":""},"tablet":{"background-color":"","background-image":"","background-repeat":"repeat","background-position":"center center","background-size":"auto","background-attachment":"scroll","background-type":"","background-media":"","overlay-type":"","overlay-color":"","overlay-opacity":"","overlay-gradient":""},"mobile":{"background-color":"","background-image":"","background-repeat":"repeat","background-position":"center center","background-size":"auto","background-attachment":"scroll","background-type":"","background-media":"","overlay-type":"","overlay-color":"","overlay-opacity":"","overlay-gradient":""}},"ast-content-background-meta":{"desktop":{"background-color":"var(--ast-global-color-4)","background-image":"","background-repeat":"repeat","background-position":"center center","background-size":"auto","background-attachment":"scroll","background-type":"","background-media":"","overlay-type":"","overlay-color":"","overlay-opacity":"","overlay-gradient":""},"tablet":{"background-color":"var(--ast-global-color-4)","background-image":"","background-repeat":"repeat","background-position":"center center","background-size":"auto","background-attachment":"scroll","background-type":"","background-media":"","overlay-type":"","overlay-color":"","overlay-opacity":"","overlay-gradient":""},"mobile":{"background-color":"var(--ast-global-color-4)","background-image":"","background-repeat":"repeat","background-position":"center center","background-size":"auto","background-attachment":"scroll","background-type":"","background-media":"","overlay-type":"","overlay-color":"","overlay-opacity":"","overlay-gradient":""}}},"product_brand":[],"product_cat":[227],"product_tag":[826],"class_list":{"0":"post-89073","1":"product","2":"type-product","3":"status-publish","4":"has-post-thumbnail","6":"product_cat-tanins","7":"product_tag-tanins-antioxydants","8":"pa_aplicacion-fa-et-fml","9":"pa_ecologico-autorise-eu","10":"pa_ecologico-autorise-nop-usda","11":"pa_estilo-de-vino-fut","12":"pa_estilo-de-vino-petillant","13":"pa_estilo-de-vino-rouge","14":"pa_vegano-vegetalien","15":"desktop-align-left","16":"tablet-align-left","17":"mobile-align-left","19":"first","20":"instock","21":"featured","22":"shipping-taxable","23":"product-type-simple"},"acf":[],"_links":{"self":[{"href":"https:\/\/agrovin.com\/fr\/wp-json\/wp\/v2\/product\/89073","targetHints":{"allow":["GET"]}}],"collection":[{"href":"https:\/\/agrovin.com\/fr\/wp-json\/wp\/v2\/product"}],"about":[{"href":"https:\/\/agrovin.com\/fr\/wp-json\/wp\/v2\/types\/product"}],"version-history":[{"count":0,"href":"https:\/\/agrovin.com\/fr\/wp-json\/wp\/v2\/product\/89073\/revisions"}],"wp:featuredmedia":[{"embeddable":true,"href":"https:\/\/agrovin.com\/fr\/wp-json\/wp\/v2\/media\/44045"}],"wp:attachment":[{"href":"https:\/\/agrovin.com\/fr\/wp-json\/wp\/v2\/media?parent=89073"}],"wp:term":[{"taxonomy":"product_brand","embeddable":true,"href":"https:\/\/agrovin.com\/fr\/wp-json\/wp\/v2\/product_brand?post=89073"},{"taxonomy":"product_cat","embeddable":true,"href":"https:\/\/agrovin.com\/fr\/wp-json\/wp\/v2\/product_cat?post=89073"},{"taxonomy":"product_tag","embeddable":true,"href":"https:\/\/agrovin.com\/fr\/wp-json\/wp\/v2\/product_tag?post=89073"}],"curies":[{"name":"wp","href":"https:\/\/api.w.org\/{rel}","templated":true}]}}