{"id":89069,"date":"2020-06-03T11:36:41","date_gmt":"2020-06-03T10:36:41","guid":{"rendered":"https:\/\/staging.agrovin.com\/non%20class\u00e9\/actimax-repousse\/"},"modified":"2024-06-10T22:30:38","modified_gmt":"2024-06-10T21:30:38","slug":"actimax-regrowth","status":"publish","type":"product","link":"https:\/\/agrovin.com\/fr\/produits-oenologiques\/nutriments\/actimax-regrowth\/","title":{"rendered":"ACTIMAX REGROWTH"},"content":{"rendered":"<h3>CARACT\u00c9RISTIQUES<\/h3>\n<p>Son ajout fournit les besoins sp\u00e9cifiques requis par la levure lors de la multiplication cellulaire, assurant une croissance rapide de la population de levures avec des capacit\u00e9s fermentaires \u00e9lev\u00e9es.<\/p>\n<p>En outre, Actimax Regrowth fournit du chitosan fongique (Aspergillus Niger) comme clarificateur avec une activit\u00e9 antimicrobienne pour limiter le d\u00e9veloppement des populations de contaminants.<\/p>\n<p>Sa composition est ax\u00e9e sur la satisfaction des besoins exigeants en composants de la levure pendant le processus de multiplication :<\/p>\n<ul>\n<li>La pr\u00e9sence de facteurs de survie tels que les st\u00e9rols et les acides gras renforce la viabilit\u00e9 de la levure dans le cadre de la composition de sa membrane lipidique. En situation d&#8217;ana\u00e9robiose, Saccharomyces cerevisae est incapable de les synth\u00e9tiser. Par cons\u00e9quent, une disponibilit\u00e9 ad\u00e9quate de st\u00e9rols, tels que l&#8217;ergost\u00e9rol, pendant le processus de multiplication, facilite l&#8217;int\u00e9gration de la levure, en renfor\u00e7ant la structure fluide en mosa\u00efque de la membrane plasmique, en am\u00e9liorant ses propri\u00e9t\u00e9s physiques et sa relation avec l&#8217;environnement.<\/li>\n<li>Les facteurs de croissance englobent les sels min\u00e9raux naturellement pr\u00e9sents dans le cytosol qui agissent comme des engrenages naturels de l&#8217;activit\u00e9 m\u00e9tabolique. Leur implication dans la synth\u00e8se d&#8217;une multitude d&#8217;enzymes, ainsi que dans la composition de la membrane cellulaire, rendra ces compos\u00e9s essentiels pour am\u00e9liorer le taux de multiplication.<\/li>\n<li>Une teneur ad\u00e9quate en azote facilement assimilable entra\u00eenera une nouvelle augmentation du taux de croissance. L&#8217;azote inorganique sous forme de sels d&#8217;ammonium sera la source la plus facilement assimilable par les levures dans la situation de forte demande de production de biomasse en r\u00e9acteur.<\/li>\n<li>L&#8217;apport d&#8217;azote inorganique avec Actimax Regrowth se fait exclusivement sous forme de phosphate d&#8217;ammonium.<\/li>\n<li>L&#8217;ajout de chitosan diminuera la charge microbiologique contaminante, am\u00e9liorant le taux de multiplication de la souche s\u00e9lectionn\u00e9e ainsi que la puret\u00e9 de l&#8217;inoculum. Le contr\u00f4le des bact\u00e9ries et des levures indig\u00e8nes emp\u00eachera la consommation des ressources nutritionnelles ainsi que la formation d&#8217;ar\u00f4mes ind\u00e9sirables.<\/li>\n<\/ul>\n<h3>APPLICATION<\/h3>\n<p>L&#8217;application Actimax Regrowth permet :<\/p>\n<ul>\n<li>Obtention rapide d&#8217;une population de levures suffisante pour une inoculation garantie en cuve.<\/li>\n<li>Meilleure adaptation des levures aux conditions du mo\u00fbt avec des taux de survie plus \u00e9lev\u00e9s et des d\u00e9marrages de fermentation plus rapides.<\/li>\n<li>Obtenir une biomasse pr\u00e9sentant une plus grande r\u00e9sistance \u00e0 l&#8217;\u00e9thanol, ce qui permet d&#8217;obtenir des fins de fermentation plus s\u00fbres et de r\u00e9duire le risque de r\u00e9duction des ar\u00f4mes ou de production d&#8217;acidit\u00e9 volatile \u00e9lev\u00e9e.<\/li>\n<li>L&#8217;application en pied de cuve pour obtenir une population de levures r\u00e9sistantes lors du tirage.<\/li>\n<li>Contr\u00f4le de la flore indig\u00e8ne, en assurant la puret\u00e9 de l&#8217;inoculum.<\/li>\n<li>Obtenir une population suffisante lorsqu&#8217;on part de faibles doses de levure s\u00e8che active, afin qu&#8217;un nombre plus \u00e9lev\u00e9 de g\u00e9n\u00e9rations n&#8217;affecte pas la r\u00e9sistance des levures.<\/li>\n<\/ul>\n<h3>DOSAGE<\/h3>\n<div class=\"page\" title=\"Page 2\">\n<div class=\"layoutArea\">\n<div class=\"column\">\n<p>Dosage recommand\u00e9 dans les fermentations avec levure \u00e0 inoculation directe ou avec un faible ajout de levure s\u00e8che active : 20 &#8211; 30 g\/hl<\/p>\n<p>Dose maximale autoris\u00e9e : 60 g\/hl<\/p>\n<p>Dosage pour la cr\u00e9ation de biomasse dans les syst\u00e8mes de production intensive : 300 g\/hl<\/p>\n<p>&nbsp;<\/p>\n<\/div>\n<\/div>\n<\/div>\n","protected":false},"excerpt":{"rendered":"<p>Actimax Regrowth est un nutriment sp\u00e9cifiquement formul\u00e9 pour \u00eatre utilis\u00e9 dans les syst\u00e8mes de production intensive de biomasse et dans les fermentations o\u00f9 de faibles doses de levure s\u00e8che active sont utilis\u00e9es.<\/p>\n","protected":false},"featured_media":43865,"template":"","meta":{"_acf_changed":false,"inline_featured_image":false,"site-sidebar-layout":"default","site-content-layout":"default","ast-site-content-layout":"default","site-content-style":"default","site-sidebar-style":"default","ast-global-header-display":"","ast-banner-title-visibility":"","ast-main-header-display":"","ast-hfb-above-header-display":"","ast-hfb-below-header-display":"","ast-hfb-mobile-header-display":"","site-post-title":"","ast-breadcrumbs-content":"","ast-featured-img":"","footer-sml-layout":"","ast-disable-related-posts":"","theme-transparent-header-meta":"default","adv-header-id-meta":"","stick-header-meta":"","header-above-stick-meta":"","header-main-stick-meta":"","header-below-stick-meta":"","astra-migrate-meta-layouts":"default","ast-page-background-enabled":"default","ast-page-background-meta":{"desktop":{"background-color":"var(--ast-global-color-5)","background-image":"","background-repeat":"repeat","background-position":"center center","background-size":"auto","background-attachment":"scroll","background-type":"","background-media":"","overlay-type":"","overlay-color":"","overlay-opacity":"","overlay-gradient":""},"tablet":{"background-color":"","background-image":"","background-repeat":"repeat","background-position":"center center","background-size":"auto","background-attachment":"scroll","background-type":"","background-media":"","overlay-type":"","overlay-color":"","overlay-opacity":"","overlay-gradient":""},"mobile":{"background-color":"","background-image":"","background-repeat":"repeat","background-position":"center center","background-size":"auto","background-attachment":"scroll","background-type":"","background-media":"","overlay-type":"","overlay-color":"","overlay-opacity":"","overlay-gradient":""}},"ast-content-background-meta":{"desktop":{"background-color":"var(--ast-global-color-4)","background-image":"","background-repeat":"repeat","background-position":"center center","background-size":"auto","background-attachment":"scroll","background-type":"","background-media":"","overlay-type":"","overlay-color":"","overlay-opacity":"","overlay-gradient":""},"tablet":{"background-color":"var(--ast-global-color-4)","background-image":"","background-repeat":"repeat","background-position":"center center","background-size":"auto","background-attachment":"scroll","background-type":"","background-media":"","overlay-type":"","overlay-color":"","overlay-opacity":"","overlay-gradient":""},"mobile":{"background-color":"var(--ast-global-color-4)","background-image":"","background-repeat":"repeat","background-position":"center center","background-size":"auto","background-attachment":"scroll","background-type":"","background-media":"","overlay-type":"","overlay-color":"","overlay-opacity":"","overlay-gradient":""}}},"product_brand":[],"product_cat":[210],"product_tag":[296],"class_list":{"0":"post-89069","1":"product","2":"type-product","3":"status-publish","4":"has-post-thumbnail","6":"product_cat-nutriments","7":"product_tag-nutriments-melanges","8":"pa_aplicacion-fa-et-fml","9":"pa_composicion-complexe","10":"pa_ecologico-autorise-eu","11":"pa_estilo-de-vino-blanc","12":"pa_estilo-de-vino-petillant","13":"pa_estilo-de-vino-rose","14":"pa_estilo-de-vino-rouge","15":"pa_vegano-vegetalien","16":"desktop-align-left","17":"tablet-align-left","18":"mobile-align-left","20":"first","21":"instock","22":"shipping-taxable","23":"product-type-simple"},"acf":[],"_links":{"self":[{"href":"https:\/\/agrovin.com\/fr\/wp-json\/wp\/v2\/product\/89069","targetHints":{"allow":["GET"]}}],"collection":[{"href":"https:\/\/agrovin.com\/fr\/wp-json\/wp\/v2\/product"}],"about":[{"href":"https:\/\/agrovin.com\/fr\/wp-json\/wp\/v2\/types\/product"}],"version-history":[{"count":0,"href":"https:\/\/agrovin.com\/fr\/wp-json\/wp\/v2\/product\/89069\/revisions"}],"wp:featuredmedia":[{"embeddable":true,"href":"https:\/\/agrovin.com\/fr\/wp-json\/wp\/v2\/media\/43865"}],"wp:attachment":[{"href":"https:\/\/agrovin.com\/fr\/wp-json\/wp\/v2\/media?parent=89069"}],"wp:term":[{"taxonomy":"product_brand","embeddable":true,"href":"https:\/\/agrovin.com\/fr\/wp-json\/wp\/v2\/product_brand?post=89069"},{"taxonomy":"product_cat","embeddable":true,"href":"https:\/\/agrovin.com\/fr\/wp-json\/wp\/v2\/product_cat?post=89069"},{"taxonomy":"product_tag","embeddable":true,"href":"https:\/\/agrovin.com\/fr\/wp-json\/wp\/v2\/product_tag?post=89069"}],"curies":[{"name":"wp","href":"https:\/\/api.w.org\/{rel}","templated":true}]}}