{"id":89066,"date":"2021-05-20T08:20:11","date_gmt":"2021-05-20T07:20:11","guid":{"rendered":"https:\/\/staging.agrovin.com\/non%20class\u00e9\/nuance-desprit\/"},"modified":"2022-11-05T09:39:33","modified_gmt":"2022-11-05T08:39:33","slug":"spirit-nuance","status":"publish","type":"product","link":"https:\/\/agrovin.com\/fr\/produits-oenologiques\/alternatives-au-chene\/spirit-nuance\/","title":{"rendered":"SPIRIT NUANCE"},"content":{"rendered":"<h3>CARACT\u00c9RISTIQUES<\/h3>\n<p>Impliqu\u00e9 dans la sensation des fruits \u00e0 faible dose. Les notes \u00e9pic\u00e9es peuvent \u00e9galement contribuer \u00e0 la sensation de fra\u00eecheur. \u00c0 des doses plus \u00e9lev\u00e9es, les notes \u00e9pic\u00e9es et torr\u00e9fi\u00e9es sont plus \u00e9videntes.<\/p>\n<p>Sp\u00e9cifique pour augmenter toutes les sensations dans la bouche. Il contribue grandement \u00e0 la persistance en rehaussant les notes fruit\u00e9es \u00e0 faible dose.<\/p>\n<p>Parmi tous les avantages du ch\u00eane, nous pouvons souligner les suivants :<\/p>\n<ul>\n<li>Surface de contact plus grande, taux de lib\u00e9ration du compos\u00e9 plus \u00e9lev\u00e9.<\/li>\n<li>Mati\u00e8re premi\u00e8re de m\u00eame qualit\u00e9 que les douves et les copeaux.<\/li>\n<li>M\u00eame le r\u00f4tissage.<\/li>\n<li>Ne contient pas de liants artificiels.<\/li>\n<li>Application facile, avec une maille directement dans le vin.<\/li>\n<\/ul>\n<h3>DOSAGE<\/h3>\n<ul>\n<li>Vin 0,25-3 g\/l<\/li>\n<\/ul>\n<p>La dose et la dur\u00e9e du traitement d\u00e9pendront du degr\u00e9 de rechute et de l&#8217;intensit\u00e9 des caract\u00e9ristiques souhait\u00e9es. Spirit Nuance, gr\u00e2ce \u00e0 son format sp\u00e9cial de granules, facilite les p\u00e9riodes de traitement courtes.<br \/>\nLa dur\u00e9e du traitement peut varier entre 2 et 3 semaines, en fonction du vin de d\u00e9part et de l&#8217;effet recherch\u00e9. Il est recommand\u00e9 de proc\u00e9der \u00e0 des essais pr\u00e9alables pour d\u00e9terminer le dosage et \u00e0 des d\u00e9gustations fr\u00e9quentes pour d\u00e9terminer la dur\u00e9e optimale du traitement.<\/p>\n","protected":false},"excerpt":{"rendered":"<p>Spirit Nuance est un nappage nuanc\u00e9 qui renforcera le sentiment g\u00e9n\u00e9ral de complexit\u00e9. Large \u00e9ventail d&#8217;ar\u00f4mes \u00e9pic\u00e9s et subtilement torr\u00e9fi\u00e9s.<\/p>\n","protected":false},"featured_media":118678,"template":"","meta":{"_acf_changed":false,"inline_featured_image":false,"site-sidebar-layout":"default","site-content-layout":"default","ast-site-content-layout":"default","site-content-style":"default","site-sidebar-style":"default","ast-global-header-display":"","ast-banner-title-visibility":"","ast-main-header-display":"","ast-hfb-above-header-display":"","ast-hfb-below-header-display":"","ast-hfb-mobile-header-display":"","site-post-title":"","ast-breadcrumbs-content":"","ast-featured-img":"","footer-sml-layout":"","ast-disable-related-posts":"","theme-transparent-header-meta":"default","adv-header-id-meta":"","stick-header-meta":"","header-above-stick-meta":"","header-main-stick-meta":"","header-below-stick-meta":"","astra-migrate-meta-layouts":"default","ast-page-background-enabled":"default","ast-page-background-meta":{"desktop":{"background-color":"var(--ast-global-color-5)","background-image":"","background-repeat":"repeat","background-position":"center center","background-size":"auto","background-attachment":"scroll","background-type":"","background-media":"","overlay-type":"","overlay-color":"","overlay-opacity":"","overlay-gradient":""},"tablet":{"background-color":"","background-image":"","background-repeat":"repeat","background-position":"center center","background-size":"auto","background-attachment":"scroll","background-type":"","background-media":"","overlay-type":"","overlay-color":"","overlay-opacity":"","overlay-gradient":""},"mobile":{"background-color":"","background-image":"","background-repeat":"repeat","background-position":"center center","background-size":"auto","background-attachment":"scroll","background-type":"","background-media":"","overlay-type":"","overlay-color":"","overlay-opacity":"","overlay-gradient":""}},"ast-content-background-meta":{"desktop":{"background-color":"var(--ast-global-color-4)","background-image":"","background-repeat":"repeat","background-position":"center center","background-size":"auto","background-attachment":"scroll","background-type":"","background-media":"","overlay-type":"","overlay-color":"","overlay-opacity":"","overlay-gradient":""},"tablet":{"background-color":"var(--ast-global-color-4)","background-image":"","background-repeat":"repeat","background-position":"center center","background-size":"auto","background-attachment":"scroll","background-type":"","background-media":"","overlay-type":"","overlay-color":"","overlay-opacity":"","overlay-gradient":""},"mobile":{"background-color":"var(--ast-global-color-4)","background-image":"","background-repeat":"repeat","background-position":"center center","background-size":"auto","background-attachment":"scroll","background-type":"","background-media":"","overlay-type":"","overlay-color":"","overlay-opacity":"","overlay-gradient":""}}},"product_brand":[],"product_cat":[220],"product_tag":[],"class_list":{"0":"post-89066","1":"product","2":"type-product","3":"status-publish","4":"has-post-thumbnail","6":"product_cat-alternatives-au-chene","7":"pa_ecologico-autorise-eu","8":"pa_ecologico-autorise-nop-usda","9":"pa_estilo-de-vino-blanc","10":"pa_estilo-de-vino-fut","11":"pa_estilo-de-vino-rose","12":"pa_estilo-de-vino-rouge","13":"pa_objetivo-affiner","14":"pa_vegano-vegetalien","15":"desktop-align-left","16":"tablet-align-left","17":"mobile-align-left","19":"first","20":"instock","21":"shipping-taxable","22":"product-type-simple"},"acf":[],"_links":{"self":[{"href":"https:\/\/agrovin.com\/fr\/wp-json\/wp\/v2\/product\/89066","targetHints":{"allow":["GET"]}}],"collection":[{"href":"https:\/\/agrovin.com\/fr\/wp-json\/wp\/v2\/product"}],"about":[{"href":"https:\/\/agrovin.com\/fr\/wp-json\/wp\/v2\/types\/product"}],"version-history":[{"count":0,"href":"https:\/\/agrovin.com\/fr\/wp-json\/wp\/v2\/product\/89066\/revisions"}],"wp:featuredmedia":[{"embeddable":true,"href":"https:\/\/agrovin.com\/fr\/wp-json\/wp\/v2\/media\/118678"}],"wp:attachment":[{"href":"https:\/\/agrovin.com\/fr\/wp-json\/wp\/v2\/media?parent=89066"}],"wp:term":[{"taxonomy":"product_brand","embeddable":true,"href":"https:\/\/agrovin.com\/fr\/wp-json\/wp\/v2\/product_brand?post=89066"},{"taxonomy":"product_cat","embeddable":true,"href":"https:\/\/agrovin.com\/fr\/wp-json\/wp\/v2\/product_cat?post=89066"},{"taxonomy":"product_tag","embeddable":true,"href":"https:\/\/agrovin.com\/fr\/wp-json\/wp\/v2\/product_tag?post=89066"}],"curies":[{"name":"wp","href":"https:\/\/api.w.org\/{rel}","templated":true}]}}