{"id":89062,"date":"2021-05-20T08:23:01","date_gmt":"2021-05-20T07:23:01","guid":{"rendered":"https:\/\/staging.agrovin.com\/non%20class\u00e9\/smoothie-spirituel\/"},"modified":"2022-11-05T09:18:35","modified_gmt":"2022-11-05T08:18:35","slug":"spirit-smoothie","status":"publish","type":"product","link":"https:\/\/agrovin.com\/fr\/produits-oenologiques\/alternatives-au-chene\/spirit-smoothie\/","title":{"rendered":"SPIRIT SMOOTHIE"},"content":{"rendered":"<h3>CARACT\u00c9RISTIQUES<\/h3>\n<p>Le Spirit Smoothie est un nappage unique destin\u00e9 \u00e0 renforcer la sensation fruit\u00e9e du vin. Con\u00e7u pour am\u00e9liorer et promouvoir les ar\u00f4mes frais.<\/p>\n<p>Impliqu\u00e9 dans la sensation des fruits \u00e0 faible dose. A doses plus \u00e9lev\u00e9es, il peut apporter des notes \u00e9pic\u00e9es et v\u00e9g\u00e9tales qui favorisent la sensation de fra\u00eecheur ; \u00e0 ces doses, quelques notes vanill\u00e9es peuvent \u00e9galement appara\u00eetre.<\/p>\n<p>Sp\u00e9cifique pour fournir de la graisse au centre de la bouche. Il contribue \u00e9galement au volume et l\u00e9g\u00e8rement \u00e0 la finale tout en maintenant la sensation d&#8217;acidit\u00e9. Parmi tous les avantages du ch\u00eane, nous pouvons souligner les suivants :<\/p>\n<ul>\n<li>Surface de contact plus grande, taux de lib\u00e9ration du compos\u00e9 plus \u00e9lev\u00e9.<\/li>\n<li>Mati\u00e8re premi\u00e8re de m\u00eame qualit\u00e9 que les douves et les copeaux.<\/li>\n<li>M\u00eame le r\u00f4tissage.<\/li>\n<li>Ne contient pas de liants artificiels.<\/li>\n<li>Application facile, avec une maille directement dans le vin.<\/li>\n<\/ul>\n<h3>DOSAGE<\/h3>\n<ul>\n<li>Vin 0,25-3 g\/l<\/li>\n<\/ul>\n<p>La dose et la dur\u00e9e du traitement d\u00e9pendront du degr\u00e9 de rechute et de l&#8217;intensit\u00e9 des caract\u00e9ristiques souhait\u00e9es. Spirit Smoothie, gr\u00e2ce \u00e0 son format sp\u00e9cial de granul\u00e9s, facilite les courtes p\u00e9riodes de traitement.<br \/>\nLa dur\u00e9e du traitement peut varier entre 2 et 3 semaines, en fonction du vin de d\u00e9part et de l&#8217;effet recherch\u00e9. Il est conseill\u00e9 d&#8217;effectuer des tests pr\u00e9liminaires afin de pr\u00e9ciser<br \/>\nle dosage et les d\u00e9gustations fr\u00e9quentes pour d\u00e9terminer la dur\u00e9e optimale du traitement.<\/p>\n<p>&nbsp;<\/p>\n","protected":false},"excerpt":{"rendered":"<p>Un format innovant dans les alternatives au ch\u00eane, il se pr\u00e9sente comme un outil tr\u00e8s utile et diff\u00e9renciant dans la vinification gr\u00e2ce aux ar\u00f4mes caract\u00e9ristiques qui sont extraits.<\/p>\n","protected":false},"featured_media":118685,"template":"","meta":{"_acf_changed":false,"inline_featured_image":false,"site-sidebar-layout":"default","site-content-layout":"default","ast-site-content-layout":"default","site-content-style":"default","site-sidebar-style":"default","ast-global-header-display":"","ast-banner-title-visibility":"","ast-main-header-display":"","ast-hfb-above-header-display":"","ast-hfb-below-header-display":"","ast-hfb-mobile-header-display":"","site-post-title":"","ast-breadcrumbs-content":"","ast-featured-img":"","footer-sml-layout":"","ast-disable-related-posts":"","theme-transparent-header-meta":"default","adv-header-id-meta":"","stick-header-meta":"","header-above-stick-meta":"","header-main-stick-meta":"","header-below-stick-meta":"","astra-migrate-meta-layouts":"default","ast-page-background-enabled":"default","ast-page-background-meta":{"desktop":{"background-color":"var(--ast-global-color-5)","background-image":"","background-repeat":"repeat","background-position":"center center","background-size":"auto","background-attachment":"scroll","background-type":"","background-media":"","overlay-type":"","overlay-color":"","overlay-opacity":"","overlay-gradient":""},"tablet":{"background-color":"","background-image":"","background-repeat":"repeat","background-position":"center center","background-size":"auto","background-attachment":"scroll","background-type":"","background-media":"","overlay-type":"","overlay-color":"","overlay-opacity":"","overlay-gradient":""},"mobile":{"background-color":"","background-image":"","background-repeat":"repeat","background-position":"center center","background-size":"auto","background-attachment":"scroll","background-type":"","background-media":"","overlay-type":"","overlay-color":"","overlay-opacity":"","overlay-gradient":""}},"ast-content-background-meta":{"desktop":{"background-color":"var(--ast-global-color-4)","background-image":"","background-repeat":"repeat","background-position":"center center","background-size":"auto","background-attachment":"scroll","background-type":"","background-media":"","overlay-type":"","overlay-color":"","overlay-opacity":"","overlay-gradient":""},"tablet":{"background-color":"var(--ast-global-color-4)","background-image":"","background-repeat":"repeat","background-position":"center center","background-size":"auto","background-attachment":"scroll","background-type":"","background-media":"","overlay-type":"","overlay-color":"","overlay-opacity":"","overlay-gradient":""},"mobile":{"background-color":"var(--ast-global-color-4)","background-image":"","background-repeat":"repeat","background-position":"center center","background-size":"auto","background-attachment":"scroll","background-type":"","background-media":"","overlay-type":"","overlay-color":"","overlay-opacity":"","overlay-gradient":""}}},"product_brand":[],"product_cat":[220],"product_tag":[],"class_list":{"0":"post-89062","1":"product","2":"type-product","3":"status-publish","4":"has-post-thumbnail","6":"product_cat-alternatives-au-chene","7":"pa_ecologico-autorise-eu","8":"pa_ecologico-autorise-nop-usda","9":"pa_estilo-de-vino-blanc","10":"pa_estilo-de-vino-fut","11":"pa_estilo-de-vino-petillant","12":"pa_estilo-de-vino-rose","13":"pa_estilo-de-vino-rouge","14":"pa_objetivo-affiner","15":"desktop-align-left","16":"tablet-align-left","17":"mobile-align-left","19":"first","20":"instock","21":"shipping-taxable","22":"product-type-simple"},"acf":[],"_links":{"self":[{"href":"https:\/\/agrovin.com\/fr\/wp-json\/wp\/v2\/product\/89062","targetHints":{"allow":["GET"]}}],"collection":[{"href":"https:\/\/agrovin.com\/fr\/wp-json\/wp\/v2\/product"}],"about":[{"href":"https:\/\/agrovin.com\/fr\/wp-json\/wp\/v2\/types\/product"}],"version-history":[{"count":0,"href":"https:\/\/agrovin.com\/fr\/wp-json\/wp\/v2\/product\/89062\/revisions"}],"wp:featuredmedia":[{"embeddable":true,"href":"https:\/\/agrovin.com\/fr\/wp-json\/wp\/v2\/media\/118685"}],"wp:attachment":[{"href":"https:\/\/agrovin.com\/fr\/wp-json\/wp\/v2\/media?parent=89062"}],"wp:term":[{"taxonomy":"product_brand","embeddable":true,"href":"https:\/\/agrovin.com\/fr\/wp-json\/wp\/v2\/product_brand?post=89062"},{"taxonomy":"product_cat","embeddable":true,"href":"https:\/\/agrovin.com\/fr\/wp-json\/wp\/v2\/product_cat?post=89062"},{"taxonomy":"product_tag","embeddable":true,"href":"https:\/\/agrovin.com\/fr\/wp-json\/wp\/v2\/product_tag?post=89062"}],"curies":[{"name":"wp","href":"https:\/\/api.w.org\/{rel}","templated":true}]}}