{"id":89054,"date":"2020-06-03T09:32:50","date_gmt":"2020-06-03T08:32:50","guid":{"rendered":"https:\/\/staging.agrovin.com\/non%20class\u00e9\/tanicol-redsense\/"},"modified":"2022-11-05T11:42:08","modified_gmt":"2022-11-05T10:42:08","slug":"tanicol-redsense","status":"publish","type":"product","link":"https:\/\/agrovin.com\/fr\/produits-oenologiques\/tanins\/tanicol-redsense\/","title":{"rendered":"TANICOL REDSENSE"},"content":{"rendered":"<h3>CARACT\u00c9RISTIQUES<\/h3>\n<p>Tanicol RedSense permet une am\u00e9lioration sensorielle compl\u00e8te ; il augmente l&#8217;intensit\u00e9 et la stabilisation de la couleur, am\u00e9liore la structure et le corps et surtout, gr\u00e2ce aux compos\u00e9s volatils du tanin des arbres fruitiers rouges, intensifie le potentiel fruit\u00e9 des vins. Appliqu\u00e9 d\u00e8s les premi\u00e8res \u00e9tapes de la vinification, il met en valeur les descripteurs de fruits rouges et noirs en les int\u00e9grant aux vins d\u00e8s la vinification.<\/p>\n<h3>APPLICATION<\/h3>\n<p>Dans la production de vins rouges et ros\u00e9s o\u00f9 l&#8217;on souhaite une am\u00e9lioration sensorielle compl\u00e8te, l&#8217;augmentation de l&#8217;intensit\u00e9 de la couleur, la stabilisation de la couleur dans le temps, la douceur en bouche et surtout l&#8217;augmentation de la complexit\u00e9 au nez, en valorisant les descripteurs des fruits rouges et noirs :<\/p>\n<ul>\n<li>Production de vins rouges aux notes fruit\u00e9es marqu\u00e9es, aux couleurs vives et stables.<\/li>\n<li>Production de vins ros\u00e9s tr\u00e8s aromatiques et cors\u00e9s.<\/li>\n<li>Production de vins rouges jeunes avec des mac\u00e9rations courtes.<\/li>\n<li>Production de vins crianza aromatiques.<\/li>\n<li>Vinification par mac\u00e9ration carbonique.<\/li>\n<li>Vinification avec mac\u00e9ration pr\u00e9-fermentaire.<\/li>\n<li>Production de vins rouges par thermovinification ou Flash Detente.<\/li>\n<li>Production de vari\u00e9t\u00e9s rouges.<\/li>\n<\/ul>\n<h3>DOSAGE<\/h3>\n<div class=\"page\" title=\"Page 2\">Vins rouges : 10-40g\/hl<\/div>\n<div title=\"Page 2\">Vins ros\u00e9s : 10-20g\/hl<\/div>\n","protected":false},"excerpt":{"rendered":"<p>Tanicol RedSense est une combinaison parfaite de tanin ellagique (ch\u00e2taigne), de tanin condens\u00e9 (p\u00e9pins de raisin) et de tanin issu d&#8217;arbres fruitiers rouges, id\u00e9al pour les vins rouges et ros\u00e9s.<\/p>\n","protected":false},"featured_media":43836,"template":"","meta":{"_acf_changed":false,"inline_featured_image":false,"site-sidebar-layout":"default","site-content-layout":"default","ast-site-content-layout":"default","site-content-style":"default","site-sidebar-style":"default","ast-global-header-display":"","ast-banner-title-visibility":"","ast-main-header-display":"","ast-hfb-above-header-display":"","ast-hfb-below-header-display":"","ast-hfb-mobile-header-display":"","site-post-title":"","ast-breadcrumbs-content":"","ast-featured-img":"","footer-sml-layout":"","ast-disable-related-posts":"","theme-transparent-header-meta":"default","adv-header-id-meta":"","stick-header-meta":"","header-above-stick-meta":"","header-main-stick-meta":"","header-below-stick-meta":"","astra-migrate-meta-layouts":"default","ast-page-background-enabled":"default","ast-page-background-meta":{"desktop":{"background-color":"var(--ast-global-color-5)","background-image":"","background-repeat":"repeat","background-position":"center center","background-size":"auto","background-attachment":"scroll","background-type":"","background-media":"","overlay-type":"","overlay-color":"","overlay-opacity":"","overlay-gradient":""},"tablet":{"background-color":"","background-image":"","background-repeat":"repeat","background-position":"center center","background-size":"auto","background-attachment":"scroll","background-type":"","background-media":"","overlay-type":"","overlay-color":"","overlay-opacity":"","overlay-gradient":""},"mobile":{"background-color":"","background-image":"","background-repeat":"repeat","background-position":"center center","background-size":"auto","background-attachment":"scroll","background-type":"","background-media":"","overlay-type":"","overlay-color":"","overlay-opacity":"","overlay-gradient":""}},"ast-content-background-meta":{"desktop":{"background-color":"var(--ast-global-color-4)","background-image":"","background-repeat":"repeat","background-position":"center center","background-size":"auto","background-attachment":"scroll","background-type":"","background-media":"","overlay-type":"","overlay-color":"","overlay-opacity":"","overlay-gradient":""},"tablet":{"background-color":"var(--ast-global-color-4)","background-image":"","background-repeat":"repeat","background-position":"center center","background-size":"auto","background-attachment":"scroll","background-type":"","background-media":"","overlay-type":"","overlay-color":"","overlay-opacity":"","overlay-gradient":""},"mobile":{"background-color":"var(--ast-global-color-4)","background-image":"","background-repeat":"repeat","background-position":"center center","background-size":"auto","background-attachment":"scroll","background-type":"","background-media":"","overlay-type":"","overlay-color":"","overlay-opacity":"","overlay-gradient":""}}},"product_brand":[],"product_cat":[227],"product_tag":[826,832],"class_list":{"0":"post-89054","1":"product","2":"type-product","3":"status-publish","4":"has-post-thumbnail","6":"product_cat-tanins","7":"product_tag-tanins-antioxydants","8":"product_tag-tanins-structurants","9":"pa_aplicacion-fa-et-fml","10":"pa_ecologico-autorise-eu","11":"pa_ecologico-autorise-nop-usda","12":"pa_estilo-de-vino-fut","13":"pa_estilo-de-vino-rose","14":"pa_estilo-de-vino-rouge","15":"pa_objetivo-augmentation-des-aromes-de-fruits","16":"pa_vegano-vegetalien","17":"desktop-align-left","18":"tablet-align-left","19":"mobile-align-left","21":"first","22":"instock","23":"shipping-taxable","24":"product-type-simple"},"acf":[],"_links":{"self":[{"href":"https:\/\/agrovin.com\/fr\/wp-json\/wp\/v2\/product\/89054","targetHints":{"allow":["GET"]}}],"collection":[{"href":"https:\/\/agrovin.com\/fr\/wp-json\/wp\/v2\/product"}],"about":[{"href":"https:\/\/agrovin.com\/fr\/wp-json\/wp\/v2\/types\/product"}],"version-history":[{"count":0,"href":"https:\/\/agrovin.com\/fr\/wp-json\/wp\/v2\/product\/89054\/revisions"}],"wp:featuredmedia":[{"embeddable":true,"href":"https:\/\/agrovin.com\/fr\/wp-json\/wp\/v2\/media\/43836"}],"wp:attachment":[{"href":"https:\/\/agrovin.com\/fr\/wp-json\/wp\/v2\/media?parent=89054"}],"wp:term":[{"taxonomy":"product_brand","embeddable":true,"href":"https:\/\/agrovin.com\/fr\/wp-json\/wp\/v2\/product_brand?post=89054"},{"taxonomy":"product_cat","embeddable":true,"href":"https:\/\/agrovin.com\/fr\/wp-json\/wp\/v2\/product_cat?post=89054"},{"taxonomy":"product_tag","embeddable":true,"href":"https:\/\/agrovin.com\/fr\/wp-json\/wp\/v2\/product_tag?post=89054"}],"curies":[{"name":"wp","href":"https:\/\/api.w.org\/{rel}","templated":true}]}}