{"id":89050,"date":"2019-07-08T07:39:15","date_gmt":"2022-11-04T14:14:56","guid":{"rendered":"https:\/\/staging.agrovin.com\/non%20class\u00e9\/viniferm-elite\/"},"modified":"2022-11-10T19:59:57","modified_gmt":"2022-11-10T18:59:57","slug":"viniferm-elite","status":"publish","type":"product","link":"https:\/\/agrovin.com\/fr\/produits-oenologiques\/levures\/viniferm-elite\/","title":{"rendered":"VINIFERM \u00c9LITE"},"content":{"rendered":"<h3>CARACT\u00c9RISTIQUES<\/h3>\n<p>Son profil sensoriel fait ressortir les caract\u00e9ristiques du terroir :<\/p>\n<ul>\n<li>Vins sans sucres r\u00e9siduels. Sa r\u00e9sistance \u00e0 l&#8217;\u00e9thanol entra\u00eene une fermentation alcoolique jusqu&#8217;\u00e0 \u00e9puisement complet des sucres.<\/li>\n<li>Des vins plus stables sur le plan microbiologique. Incidence plus faible des troubles (y compris Brettanomyces).<\/li>\n<li>Vins moins alcoolis\u00e9s. Son faible rendement en sucre\/\u00e9thanol permet de r\u00e9colter les raisins \u00e0 une maturit\u00e9 optimale.<\/li>\n<li>Vins sans notes de r\u00e9duction. Il ne produit pas de sulfure d&#8217;hydrog\u00e8ne, \u00e9vitant ainsi la pr\u00e9sence de r\u00e9duction due aux carences en azote de l&#8217;environnement et de la maturit\u00e9 des raisins.<\/li>\n<li>Vins de c\u00e9page. Lib\u00e9ration de pr\u00e9curseurs de thiols, qui sont \u00e9galement d\u00e9finitifs dans la palette aromatique des vins rouges.<\/li>\n<li>Vins ronds, sans ar\u00eates, avec des tanins int\u00e9gr\u00e9s et une bonne capacit\u00e9 de vieillissement : gr\u00e2ce \u00e0 sa production de glyc\u00e9rol et \u00e0 sa capacit\u00e9 de lyse pari\u00e9tale.<\/li>\n<\/ul>\n<h3>APPLICATION<\/h3>\n<p>Vins rouges de c\u00e9page, structur\u00e9s et \u00e9l\u00e9gants, \u00e9labor\u00e9s \u00e0 partir de raisins m\u00fbrs avec un degr\u00e9 d&#8217;alcool potentiel \u00e9lev\u00e9 et un d\u00e9veloppement ult\u00e9rieur dans le bois.<\/p>\n<h3>DOSAGE<\/h3>\n<p>Vinification 20-30 g\/hl<\/p>\n","protected":false},"excerpt":{"rendered":"<p>Viniferm ELITE est la souche id\u00e9ale pour augmenter les descripteurs vari\u00e9taux des vins rouges.<\/p>\n","protected":false},"featured_media":28128,"template":"","meta":{"_acf_changed":false,"inline_featured_image":false,"site-sidebar-layout":"default","site-content-layout":"default","ast-site-content-layout":"default","site-content-style":"default","site-sidebar-style":"default","ast-global-header-display":"","ast-banner-title-visibility":"","ast-main-header-display":"","ast-hfb-above-header-display":"","ast-hfb-below-header-display":"","ast-hfb-mobile-header-display":"","site-post-title":"","ast-breadcrumbs-content":"","ast-featured-img":"","footer-sml-layout":"","ast-disable-related-posts":"","theme-transparent-header-meta":"default","adv-header-id-meta":"","stick-header-meta":"","header-above-stick-meta":"","header-main-stick-meta":"","header-below-stick-meta":"","astra-migrate-meta-layouts":"default","ast-page-background-enabled":"default","ast-page-background-meta":{"desktop":{"background-color":"var(--ast-global-color-5)","background-image":"","background-repeat":"repeat","background-position":"center center","background-size":"auto","background-attachment":"scroll","background-type":"","background-media":"","overlay-type":"","overlay-color":"","overlay-opacity":"","overlay-gradient":""},"tablet":{"background-color":"","background-image":"","background-repeat":"repeat","background-position":"center center","background-size":"auto","background-attachment":"scroll","background-type":"","background-media":"","overlay-type":"","overlay-color":"","overlay-opacity":"","overlay-gradient":""},"mobile":{"background-color":"","background-image":"","background-repeat":"repeat","background-position":"center center","background-size":"auto","background-attachment":"scroll","background-type":"","background-media":"","overlay-type":"","overlay-color":"","overlay-opacity":"","overlay-gradient":""}},"ast-content-background-meta":{"desktop":{"background-color":"var(--ast-global-color-4)","background-image":"","background-repeat":"repeat","background-position":"center center","background-size":"auto","background-attachment":"scroll","background-type":"","background-media":"","overlay-type":"","overlay-color":"","overlay-opacity":"","overlay-gradient":""},"tablet":{"background-color":"var(--ast-global-color-4)","background-image":"","background-repeat":"repeat","background-position":"center center","background-size":"auto","background-attachment":"scroll","background-type":"","background-media":"","overlay-type":"","overlay-color":"","overlay-opacity":"","overlay-gradient":""},"mobile":{"background-color":"var(--ast-global-color-4)","background-image":"","background-repeat":"repeat","background-position":"center center","background-size":"auto","background-attachment":"scroll","background-type":"","background-media":"","overlay-type":"","overlay-color":"","overlay-opacity":"","overlay-gradient":""}}},"product_brand":[],"product_cat":[2086],"product_tag":[346,389,347],"class_list":{"0":"post-89050","1":"product","2":"type-product","3":"status-publish","4":"has-post-thumbnail","6":"product_cat-levures","7":"product_tag-aromas-varietales-fr","8":"product_tag-securite-fermentaire","9":"product_tag-estructura-y-volumen-en-boca-fr","10":"pa_aplicacion-fa-et-fml","11":"pa_ecologico-autorise-eu","12":"pa_ecologico-autorise-nop-usda","13":"pa_estilo-de-vino-rose","14":"pa_estilo-de-vino-rouge","15":"pa_vegano-vegetalien","16":"desktop-align-left","17":"tablet-align-left","18":"mobile-align-left","20":"first","21":"instock","22":"shipping-taxable","23":"product-type-simple"},"acf":[],"_links":{"self":[{"href":"https:\/\/agrovin.com\/fr\/wp-json\/wp\/v2\/product\/89050","targetHints":{"allow":["GET"]}}],"collection":[{"href":"https:\/\/agrovin.com\/fr\/wp-json\/wp\/v2\/product"}],"about":[{"href":"https:\/\/agrovin.com\/fr\/wp-json\/wp\/v2\/types\/product"}],"version-history":[{"count":0,"href":"https:\/\/agrovin.com\/fr\/wp-json\/wp\/v2\/product\/89050\/revisions"}],"wp:featuredmedia":[{"embeddable":true,"href":"https:\/\/agrovin.com\/fr\/wp-json\/wp\/v2\/media\/28128"}],"wp:attachment":[{"href":"https:\/\/agrovin.com\/fr\/wp-json\/wp\/v2\/media?parent=89050"}],"wp:term":[{"taxonomy":"product_brand","embeddable":true,"href":"https:\/\/agrovin.com\/fr\/wp-json\/wp\/v2\/product_brand?post=89050"},{"taxonomy":"product_cat","embeddable":true,"href":"https:\/\/agrovin.com\/fr\/wp-json\/wp\/v2\/product_cat?post=89050"},{"taxonomy":"product_tag","embeddable":true,"href":"https:\/\/agrovin.com\/fr\/wp-json\/wp\/v2\/product_tag?post=89050"}],"curies":[{"name":"wp","href":"https:\/\/api.w.org\/{rel}","templated":true}]}}