{"id":89045,"date":"2020-06-03T08:13:11","date_gmt":"2022-11-04T14:14:47","guid":{"rendered":"https:\/\/staging.agrovin.com\/non%20class\u00e9\/viniferm-oe-ag-20\/"},"modified":"2024-07-08T09:22:19","modified_gmt":"2024-07-08T08:22:19","slug":"viniferm-oe-ag-20","status":"publish","type":"product","link":"https:\/\/agrovin.com\/fr\/produits-oenologiques\/bacteries-lactiques\/viniferm-oe-ag-20\/","title":{"rendered":"VINIFERM OE AG-20"},"content":{"rendered":"<h3>CARACT\u00c9RISTIQUES<\/h3>\n<p>Sa forte pr\u00e9valence limite le d\u00e9veloppement de micro-organismes ind\u00e9sirables et contr\u00f4le les fermentations malolactiques spontan\u00e9es, \u00e9liminant les inconv\u00e9nients qui en d\u00e9coulent, dont le risque de production d&#8217;amines biog\u00e8nes, m\u00eame dans les vins \u00e0 pH \u00e9lev\u00e9 et \u00e0 forte teneur en alcool.<\/p>\n<p>Viniferm \u0152 AG-20 est une s\u00e9lection naturelle d&#8217;Oenococcus oeni provenant de mo\u00fbts et de vins des c\u00e9pages Tempranillo (Tinto Fino) de la D.O. Ribera del Duero. Une culture fra\u00eeche de bact\u00e9ries lactiques avec un compte bact\u00e9rien viable &gt;5*109 cfu\/ml.<\/p>\n<h3>APPLICATION<\/h3>\n<p>Culture liquide d&#8217;Oenococcus oeni particuli\u00e8rement adapt\u00e9e aux vins rouges de qualit\u00e9 sup\u00e9rieure avec d\u00e9veloppement en ch\u00eane, o\u00f9 le caract\u00e8re vari\u00e9tal et la douceur en bouche doivent \u00eatre soulign\u00e9s. Parfait pour tous les types de vari\u00e9t\u00e9s rouges : Tempranillo, Garnacha, Monastrell, Merlot, Cabernet, Sauvignon, Syrah, etc.<\/p>\n<p>Excellents r\u00e9sultats de la fermentation malolactique en barrique, maintenant les qualit\u00e9s chromatiques et le profil vari\u00e9tal du vin. Complexit\u00e9 et int\u00e9gration avec le bois avec \u00e9quilibre et pr\u00e9sence en bouche.<\/p>\n<p>Convient \u00e0 la fermentation s\u00e9quentielle et \u00e0 la co-inoculation.<\/p>\n<h3>DOSAGE<\/h3>\n<ul>\n<li>1 l : Dosage pour 10.000 litres de vin (100hl).<\/li>\n<li>500 ml : Dosage pour 5.000 litres de vin (50hl).<\/li>\n<\/ul>\n","protected":false},"excerpt":{"rendered":"<p>Viniferm \u0152 AG-20 sont des cultures liquides de bact\u00e9ries lactiques pr\u00eates \u00e0 l&#8217;emploi, avec un respect maximal du caract\u00e8re vari\u00e9tal du vin tant au niveau analytique que sensoriel.<\/p>\n","protected":false},"featured_media":121628,"template":"","meta":{"_acf_changed":false,"inline_featured_image":false,"site-sidebar-layout":"default","site-content-layout":"default","ast-site-content-layout":"default","site-content-style":"default","site-sidebar-style":"default","ast-global-header-display":"","ast-banner-title-visibility":"","ast-main-header-display":"","ast-hfb-above-header-display":"","ast-hfb-below-header-display":"","ast-hfb-mobile-header-display":"","site-post-title":"","ast-breadcrumbs-content":"","ast-featured-img":"","footer-sml-layout":"","ast-disable-related-posts":"","theme-transparent-header-meta":"default","adv-header-id-meta":"","stick-header-meta":"","header-above-stick-meta":"","header-main-stick-meta":"","header-below-stick-meta":"","astra-migrate-meta-layouts":"default","ast-page-background-enabled":"default","ast-page-background-meta":{"desktop":{"background-color":"var(--ast-global-color-5)","background-image":"","background-repeat":"repeat","background-position":"center center","background-size":"auto","background-attachment":"scroll","background-type":"","background-media":"","overlay-type":"","overlay-color":"","overlay-opacity":"","overlay-gradient":""},"tablet":{"background-color":"","background-image":"","background-repeat":"repeat","background-position":"center center","background-size":"auto","background-attachment":"scroll","background-type":"","background-media":"","overlay-type":"","overlay-color":"","overlay-opacity":"","overlay-gradient":""},"mobile":{"background-color":"","background-image":"","background-repeat":"repeat","background-position":"center center","background-size":"auto","background-attachment":"scroll","background-type":"","background-media":"","overlay-type":"","overlay-color":"","overlay-opacity":"","overlay-gradient":""}},"ast-content-background-meta":{"desktop":{"background-color":"var(--ast-global-color-4)","background-image":"","background-repeat":"repeat","background-position":"center center","background-size":"auto","background-attachment":"scroll","background-type":"","background-media":"","overlay-type":"","overlay-color":"","overlay-opacity":"","overlay-gradient":""},"tablet":{"background-color":"var(--ast-global-color-4)","background-image":"","background-repeat":"repeat","background-position":"center center","background-size":"auto","background-attachment":"scroll","background-type":"","background-media":"","overlay-type":"","overlay-color":"","overlay-opacity":"","overlay-gradient":""},"mobile":{"background-color":"var(--ast-global-color-4)","background-image":"","background-repeat":"repeat","background-position":"center center","background-size":"auto","background-attachment":"scroll","background-type":"","background-media":"","overlay-type":"","overlay-color":"","overlay-opacity":"","overlay-gradient":""}}},"product_brand":[],"product_cat":[155],"product_tag":[],"class_list":{"0":"post-89045","1":"product","2":"type-product","3":"status-publish","4":"has-post-thumbnail","6":"product_cat-bacteries-lactiques","7":"desktop-align-left","8":"tablet-align-left","9":"mobile-align-left","11":"first","12":"instock","13":"shipping-taxable","14":"product-type-simple"},"acf":[],"_links":{"self":[{"href":"https:\/\/agrovin.com\/fr\/wp-json\/wp\/v2\/product\/89045","targetHints":{"allow":["GET"]}}],"collection":[{"href":"https:\/\/agrovin.com\/fr\/wp-json\/wp\/v2\/product"}],"about":[{"href":"https:\/\/agrovin.com\/fr\/wp-json\/wp\/v2\/types\/product"}],"version-history":[{"count":0,"href":"https:\/\/agrovin.com\/fr\/wp-json\/wp\/v2\/product\/89045\/revisions"}],"wp:featuredmedia":[{"embeddable":true,"href":"https:\/\/agrovin.com\/fr\/wp-json\/wp\/v2\/media\/121628"}],"wp:attachment":[{"href":"https:\/\/agrovin.com\/fr\/wp-json\/wp\/v2\/media?parent=89045"}],"wp:term":[{"taxonomy":"product_brand","embeddable":true,"href":"https:\/\/agrovin.com\/fr\/wp-json\/wp\/v2\/product_brand?post=89045"},{"taxonomy":"product_cat","embeddable":true,"href":"https:\/\/agrovin.com\/fr\/wp-json\/wp\/v2\/product_cat?post=89045"},{"taxonomy":"product_tag","embeddable":true,"href":"https:\/\/agrovin.com\/fr\/wp-json\/wp\/v2\/product_tag?post=89045"}],"curies":[{"name":"wp","href":"https:\/\/api.w.org\/{rel}","templated":true}]}}